{"id":3243,"date":"2020-07-31T14:16:43","date_gmt":"2020-07-31T14:16:43","guid":{"rendered":"https:\/\/factory.sale\/?post_type=product&#038;p=3243"},"modified":"2026-01-28T10:02:51","modified_gmt":"2026-01-28T07:02:51","slug":"mexytech-puitkomposiit-terrassilauad","status":"publish","type":"product","link":"https:\/\/factory.sale\/et\/toode\/mexytech-puitkomposiit-terrassilauad\/","title":{"rendered":"MexyTech Puitkomposiit terrassilauad"},"content":{"rendered":"<h2>MexyTech Puitkomposiit terrassilauad<\/h2>\n<p>MexyTech puitkomposiit terrassilaud on suurep\u00e4rase vastupidavusega, keskkonnas\u00f5bralik ning lihtne paigaldada. Looduslik v\u00e4limus v\u00f5imaldab asendada loodusliku puidu ehitusmaterjalina.<\/p>\n<ul>\n<li>M\u00f5\u00f5tmed (mm): 145*21*3850<\/li>\n<li>V\u00e4rv: Saadaval kahte v\u00e4rvi (pruun ja hall).<\/li>\n<li>Kulu 1 m2: \u00a06,6 m<\/li>\n<li>Kinnitusklambri kulu 10m2: 250 tk.<\/li>\n<\/ul>\n<p>Eelised:<\/p>\n<ul>\n<li>100% taaskasutatud materjalist. S\u00e4\u00e4stab metsa ja loodusvarasid.<\/li>\n<li>Veekindel. Ei m\u00e4dane. Toodet on testitud ka soolavees.<\/li>\n<li>Meeldiv pind paljale jalale. Ei ole libe. Ei ole murdumiskohti ega pragusid.<\/li>\n<li>Ei vaja v\u00e4rvimist ega immutamist.<\/li>\n<li>Temperatuuri vastupidavus -40\u00b0C kuni +60\u00b0C.<\/li>\n<li>Putukatele, eostele ja hallitusele vastupidav.<\/li>\n<li>Saadaval erinevates v\u00e4rvides.<\/li>\n<li>Lihtne paigaldada ja puhtana hoida.<\/li>\n<\/ul>\n<p>\u00d6koloogilisus:<\/p>\n<p>Kasvuhooneefekt sunnib inimesi m\u00f5tlema keskkonna probleemidele \u00fcha rohkem. Puitkomposiit on uus ja t\u00e4ielikult taaskasutatav materjal, mis asendab puitu ehitusmaterjalina. Puitkomposiidis kasutatavad toorained pole m\u00fcrgised. MexyTech\u00b4i eesm\u00e4rk on olla eelk\u00e4ija sellel alal luues \u00f6koloogilist asendajat puidule ehitusmaterjalina.<\/p>\n<p>Tehnilised andmed:<\/p>\n<ul>\n<li>Tihedus 1.285 g\/cm3, ASTM D792-2008 METHOD B<\/li>\n<li>Paindetugevus\u00a038 MPa, ASTM D790-07E1<\/li>\n<li>T\u00f5mbetugevus 21.08 MPa, ASTM D638-08<\/li>\n<li>Vee imendumine 0.8 %, ASTM D570-98<\/li>\n<li>Pikisuunaline soojuspaisumine 49.82 um\/(m*\u00b0C), TMA<\/li>\n<li>IZOD l\u00f6\u00f6gitugevus 79 J\/m, ASTM D4812-06<\/li>\n<li>K\u00f5vadus D\/76\/1, ASTM D2240-05<\/li>\n<li>V\u00e4\u00e4ndetugevus \u226512 MPa, ASTM D790<\/li>\n<li>Horisontaalne p\u00f5lemine\u00a022 mm\/min, UL 94-1996REV.9:2006 SECTION 7<\/li>\n<li>V\u00e4\u00e4ndej\u00e4ikus \u22651600 MPa, ASTM D790<\/li>\n<li>Survetugevus \u226530 MPa, ASTM D143<\/li>\n<li>Naela hoidej\u00f5ud \u22653000 N, ASTM D1037<\/li>\n<li>Naela eemaldusj\u00f5ud 802 psi, ASTM D1761<\/li>\n<li>Taastuvus 82.66 %, ASTM D7032-SECTION 5.4<\/li>\n<li>Temperatuurist tingitud v\u00e4\u00e4ndumine \u2265100\u00b0C, ASTM D648<\/li>\n<li>UV-vastupidavus \/ Xenon Arc allutatus, Hall 4-5 grey scale, Pruun 4 grey scale, Mahagon 4-5 grey scale, Tume p\u00e4hkel 4-5 grey scale, IS0105-02:2000\/Amd.2:2000(E), ISO 105-A02:1993 Cor2:2005, allutatusaeg 720 tundi<\/li>\n<li>Termol\u00f6\u00f6kide test: Ei pragunemist, v\u00e4\u00e4ndumist, l\u00f5henemist, v\u00e4rvimuutust, IEC 60068-2-14 Na: 1986, 5 ts\u00fcklit<\/li>\n<li>H\u00f5\u00f5rdetegur 6.63, ASTM F 609<\/li>\n<li>Materjali koostis: \u00dcmbert\u00f6\u00f6deldud plast 35%, Looduslikud kiud 60%, Lisained 5%<\/li>\n<li>Vastupidavus hallitusele: Esimene klass, ASTM F609<\/li>\n<li>Vastupidavus tulele: HB, UL 94-1996REV.9:2006 section7<\/li>\n<\/ul>\n","protected":false},"excerpt":{"rendered":"<p>MexyTech puitkomposiit terrassilaud on suurep\u00e4rase vastupidavusega, keskkonnas\u00f5bralik ning lihtne paigaldada. Looduslik v\u00e4limus v\u00f5imaldab asendada loodusliku puidu ehitusmaterjalina.<\/p>\n<ul>\n<li>M\u00f5\u00f5tmed (mm): 145*21*3850<\/li>\n<li>V\u00e4rv: Saadaval kahte v\u00e4rvi (pruun ja hall).<\/li>\n<li>Kulu 1 m2: \u00a06,6 m<\/li>\n<li>Kinnitusklambri kulu 10m2: 250 tk.<\/li>\n<\/ul>\n","protected":false},"featured_media":3248,"comment_status":"open","ping_status":"closed","template":"","meta":{"_acf_changed":false},"factory":[],"free-shipment":[],"product_brand":[],"product_cat":[176,339],"product_tag":[],"class_list":{"0":"post-3243","1":"product","2":"type-product","3":"status-publish","4":"has-post-thumbnail","6":"product_cat-porand","7":"product_cat-terassilauad","9":"first","10":"instock","11":"sale","12":"taxable","13":"shipping-taxable","14":"purchasable","15":"product-type-simple"},"acf":[],"_links":{"self":[{"href":"https:\/\/factory.sale\/et\/wp-json\/wp\/v2\/product\/3243","targetHints":{"allow":["GET"]}}],"collection":[{"href":"https:\/\/factory.sale\/et\/wp-json\/wp\/v2\/product"}],"about":[{"href":"https:\/\/factory.sale\/et\/wp-json\/wp\/v2\/types\/product"}],"replies":[{"embeddable":true,"href":"https:\/\/factory.sale\/et\/wp-json\/wp\/v2\/comments?post=3243"}],"wp:featuredmedia":[{"embeddable":true,"href":"https:\/\/factory.sale\/et\/wp-json\/wp\/v2\/media\/3248"}],"wp:attachment":[{"href":"https:\/\/factory.sale\/et\/wp-json\/wp\/v2\/media?parent=3243"}],"wp:term":[{"taxonomy":"factory","embeddable":true,"href":"https:\/\/factory.sale\/et\/wp-json\/wp\/v2\/factory?post=3243"},{"taxonomy":"free-shipment","embeddable":true,"href":"https:\/\/factory.sale\/et\/wp-json\/wp\/v2\/free-shipment?post=3243"},{"taxonomy":"product_brand","embeddable":true,"href":"https:\/\/factory.sale\/et\/wp-json\/wp\/v2\/product_brand?post=3243"},{"taxonomy":"product_cat","embeddable":true,"href":"https:\/\/factory.sale\/et\/wp-json\/wp\/v2\/product_cat?post=3243"},{"taxonomy":"product_tag","embeddable":true,"href":"https:\/\/factory.sale\/et\/wp-json\/wp\/v2\/product_tag?post=3243"}],"curies":[{"name":"wp","href":"https:\/\/api.w.org\/{rel}","templated":true}]}}