{"id":3228,"date":"2020-07-31T14:10:34","date_gmt":"2020-07-31T14:10:34","guid":{"rendered":"https:\/\/factory.sale\/?post_type=product&#038;p=3228"},"modified":"2024-06-26T21:40:21","modified_gmt":"2024-06-26T21:40:21","slug":"nano-torvaoli","status":"publish","type":"product","link":"https:\/\/factory.sale\/et\/toode\/nano-torvaoli\/","title":{"rendered":"Nano T\u00f5rva\u00f5li"},"content":{"rendered":"<h1>Nano T\u00f5rva\u00f5li<\/h1>\n<p><span class=\"JsGRdQ\">Nano T\u00f5rva\u00f5li on uus spetsiaalne puidukaitse toode, mis sisaldab sf\u00e4\u00e4rilisi r\u00e4nidioksiidi nanoosakesi.<\/span><\/p>\n<ul>\n<li><span class=\"JsGRdQ\">Toode on h\u00e4sti imenduv ning j\u00e4tab tasase ja puitpinna loomulikust esile t\u00f5stva l\u00f5ppviimistluse.<\/span><\/li>\n<li><span class=\"JsGRdQ\">Nanoosakesed annavad vastupidavust pinna kulumise vastu<\/span><\/li>\n<li><span class=\"JsGRdQ\">Spetsiaalsed lisandid annavad \u00f5lile kriimustuskindluse, UV kaitse ning vee h\u00fclgavuse<\/span><\/li>\n<li><span class=\"JsGRdQ\">K\u00fcllastab puidu poorid<\/span><\/li>\n<\/ul>\n<p>Kasutus:<\/p>\n<ul>\n<li><span class=\"JsGRdQ\">Enne kasutamist hoolikalt<\/span>segada ja loksutada.<\/li>\n<li><span class=\"JsGRdQ\">V\u00e4listingimustes k\u00f5ikidele puitpindadele.<\/span><\/li>\n<li><span class=\"JsGRdQ\">Esimesel korral on soovituslik lahjendada toodet mineraalt\u00e4rpentiiniga suhtes 80% \u00f5li 20% t\u00e4rpentiin (Euro mineraalt\u00e4rpentiin).<\/span><\/li>\n<li><span class=\"JsGRdQ\">Esimese kihi pealekandmisel on soovituslik kasutada pritsi, et \u00f5li saaks imenduda ka keerulisematesse nurkadesse.<\/span><\/li>\n<li><span class=\"JsGRdQ\">Teise kihiga on soovitatav lahjendussuhe 90% \u00f5li ja 10% t\u00e4rpentiini.<\/span><\/li>\n<li><span class=\"JsGRdQ\">Toodet kanda peale mitu kihti, niikaua kui \u00f5li puitu imendub.<\/span><\/li>\n<li><span class=\"JsGRdQ\">Kasutatud pintsel v\u00f5i rull pesta lahustiga<\/span><\/li>\n<\/ul>\n<p>Pakendid:<\/p>\n<ul>\n<li>2.7 L<\/li>\n<li>5 L<\/li>\n<li>9 L<\/li>\n<li>18 L<\/li>\n<\/ul>\n<p><strong>Miinimum kogus tellimisel: 2 x 2.7 liitrit<\/strong><\/p>\n<p><strong>Osta saab ainult kasti kaupa 2 x 2.7 liitrit.<\/strong><\/p>\n","protected":false},"excerpt":{"rendered":"<p><span class=\"JsGRdQ\">Nano T\u00f5rva\u00f5li on uus spetsiaalne puidukaitse toode, mis sisaldab sf\u00e4\u00e4rilisi r\u00e4nidioksiidi nanoosakesi.<\/span><\/p>\n<ul>\n<li><span class=\"JsGRdQ\">Toode on h\u00e4sti imenduv ning j\u00e4tab tasase ja puitpinna loomulikust esile t\u00f5stva l\u00f5ppviimistluse.<\/span><\/li>\n<li><span class=\"JsGRdQ\">Nanoosakesed annavad vastupidavust pinna kulumise vastu<\/span><\/li>\n<li><span class=\"JsGRdQ\">Spetsiaalsed lisandid annavad \u00f5lile kriimustuskindluse, UV kaitse ning vee h\u00fclgavuse<\/span><\/li>\n<li><span class=\"JsGRdQ\">K\u00fcllastab puidu poorid<\/span><\/li>\n<\/ul>\n","protected":false},"featured_media":3030,"comment_status":"open","ping_status":"closed","template":"","meta":{"_acf_changed":false},"factory":[],"free-shipment":[],"product_brand":[],"product_cat":[282],"product_tag":[],"class_list":{"0":"post-3228","1":"product","2":"type-product","3":"status-publish","4":"has-post-thumbnail","6":"product_cat-proffesionaalsed-puhastus-ja-hooldusvahendid","8":"first","9":"instock","10":"sale","11":"taxable","12":"shipping-taxable","13":"purchasable","14":"product-type-simple"},"acf":[],"_links":{"self":[{"href":"https:\/\/factory.sale\/et\/wp-json\/wp\/v2\/product\/3228","targetHints":{"allow":["GET"]}}],"collection":[{"href":"https:\/\/factory.sale\/et\/wp-json\/wp\/v2\/product"}],"about":[{"href":"https:\/\/factory.sale\/et\/wp-json\/wp\/v2\/types\/product"}],"replies":[{"embeddable":true,"href":"https:\/\/factory.sale\/et\/wp-json\/wp\/v2\/comments?post=3228"}],"wp:featuredmedia":[{"embeddable":true,"href":"https:\/\/factory.sale\/et\/wp-json\/wp\/v2\/media\/3030"}],"wp:attachment":[{"href":"https:\/\/factory.sale\/et\/wp-json\/wp\/v2\/media?parent=3228"}],"wp:term":[{"taxonomy":"factory","embeddable":true,"href":"https:\/\/factory.sale\/et\/wp-json\/wp\/v2\/factory?post=3228"},{"taxonomy":"free-shipment","embeddable":true,"href":"https:\/\/factory.sale\/et\/wp-json\/wp\/v2\/free-shipment?post=3228"},{"taxonomy":"product_brand","embeddable":true,"href":"https:\/\/factory.sale\/et\/wp-json\/wp\/v2\/product_brand?post=3228"},{"taxonomy":"product_cat","embeddable":true,"href":"https:\/\/factory.sale\/et\/wp-json\/wp\/v2\/product_cat?post=3228"},{"taxonomy":"product_tag","embeddable":true,"href":"https:\/\/factory.sale\/et\/wp-json\/wp\/v2\/product_tag?post=3228"}],"curies":[{"name":"wp","href":"https:\/\/api.w.org\/{rel}","templated":true}]}}