{"id":3209,"date":"2020-07-31T14:03:17","date_gmt":"2020-07-31T14:03:17","guid":{"rendered":"https:\/\/factory.sale\/?post_type=product&#038;p=3209"},"modified":"2024-06-27T09:06:56","modified_gmt":"2024-06-27T09:06:56","slug":"pro-wood-oil-nano-puidu-kaitseoli","status":"publish","type":"product","link":"https:\/\/factory.sale\/et\/toode\/pro-wood-oil-nano-puidu-kaitseoli\/","title":{"rendered":"Pro Wood Oil NANO Puidu Kaitse\u00f5li"},"content":{"rendered":"<h1>Pro Wood Oil NANO Puidu Kaitse\u00f5li<\/h1>\n<p>Wood Oil Nano on uuel tehnoloogial p\u00f5hinev vee baasil puu\u00f5li, mis sisaldab sf\u00e4\u00e4rilisi r\u00e4nidioksiidi nanoosakesi.<\/p>\n<ul>\n<li>Nanoosakesed annavad vastupidavust pinna kulumise vastu<\/li>\n<li>Peab vastu kordades kauem v\u00f5rreldes tavaliste terassi\u00f5lidega<\/li>\n<li>Toode on h\u00e4sti imenduv ning j\u00e4tab tasase ja puitpinna loomulikust esile t\u00f5stva l\u00f5ppviimistluse<\/li>\n<li>Spetsiaalsed lisandid annavad \u00f5lile kriimustuskindluse, UV kaitse ning vee h\u00fclgavuse<\/li>\n<li>K\u00fcllastab puidu poorid<\/li>\n<li>Ennetab hallituse, sambla ja seente levikut puidu pinnal<\/li>\n<li>Ei sisalda m\u00fcrgiseid lahusteid<\/li>\n<\/ul>\n<p>Kasutus:<\/p>\n<ul>\n<li>Enne kasutamist hoolikalt segada ja loksutada.<\/li>\n<li>Katvus \u00fche kihi puhul:<br \/>\nsaetud puidul 4-10 m2\/L,<br \/>\nh\u00f6\u00f6veldatud puidu puhul 7-13 m2\/L.<\/li>\n<li>Puutekuiv 2-4 h m\u00f6\u00f6dudes.<br \/>\n\u00dclekaetav 6-12 h m\u00f6\u00f6dudes (tingimustes 23\u00b0C, RH 50%).<\/li>\n<li>Kasutatud pintsel v\u00f5i rull pesta seebi ja veega.<\/li>\n<\/ul>\n<p>V\u00e4rvivalik:<\/p>\n<ul>\n<li>Must<\/li>\n<li>Hall<\/li>\n<li>Tume pruun<\/li>\n<li>Hele pruun<\/li>\n<li>V\u00e4rvitu<\/li>\n<\/ul>\n<p>Pakendid:<\/p>\n<ul>\n<li>2.7 L<\/li>\n<li>5 L<\/li>\n<li>9 L<\/li>\n<li>18 L<\/li>\n<\/ul>\n<p><strong>Miinimum kogus tellimisel: 12 x 2.7 liitrit.<\/strong><\/p>\n<p><strong>Alusele mahub kokku 36 x 2.7 liitrit.<\/strong><\/p>\n","protected":false},"excerpt":{"rendered":"<p>Wood Oil Nano on uuel tehnoloogial p\u00f5hinev vee baasil puu\u00f5li, mis sisaldab sf\u00e4\u00e4rilisi r\u00e4nidioksiidi nanoosakesi.<\/p>\n<ul>\n<li>Nanoosakesed annavad vastupidavust pinna kulumise vastu<\/li>\n<li>Peab vastu kordades kauem v\u00f5rreldes tavaliste terassi\u00f5lidega<\/li>\n<li>Toode on h\u00e4sti imenduv ning j\u00e4tab tasase ja puitpinna loomulikust esile t\u00f5stva l\u00f5ppviimistluse<\/li>\n<li>Spetsiaalsed lisandid annavad \u00f5lile kriimustuskindluse, UV kaitse ning vee h\u00fclgavuse<\/li>\n<li>K\u00fcllastab puidu poorid<\/li>\n<li>Ennetab hallituse, sambla ja seente levikut puidu pinnal<\/li>\n<li>Ei sisalda m\u00fcrgiseid lahusteid<\/li>\n<\/ul>\n","protected":false},"featured_media":3032,"comment_status":"open","ping_status":"closed","template":"","meta":{"_acf_changed":false},"factory":[],"free-shipment":[],"product_brand":[],"product_cat":[282],"product_tag":[410,317,409],"class_list":{"0":"post-3209","1":"product","2":"type-product","3":"status-publish","4":"has-post-thumbnail","6":"product_cat-proffesionaalsed-puhastus-ja-hooldusvahendid","7":"product_tag-pinnatootlus","8":"product_tag-porandahooldus","9":"product_tag-puidukaitse-oli","11":"first","12":"instock","13":"sale","14":"taxable","15":"shipping-taxable","16":"purchasable","17":"product-type-simple"},"acf":[],"_links":{"self":[{"href":"https:\/\/factory.sale\/et\/wp-json\/wp\/v2\/product\/3209","targetHints":{"allow":["GET"]}}],"collection":[{"href":"https:\/\/factory.sale\/et\/wp-json\/wp\/v2\/product"}],"about":[{"href":"https:\/\/factory.sale\/et\/wp-json\/wp\/v2\/types\/product"}],"replies":[{"embeddable":true,"href":"https:\/\/factory.sale\/et\/wp-json\/wp\/v2\/comments?post=3209"}],"wp:featuredmedia":[{"embeddable":true,"href":"https:\/\/factory.sale\/et\/wp-json\/wp\/v2\/media\/3032"}],"wp:attachment":[{"href":"https:\/\/factory.sale\/et\/wp-json\/wp\/v2\/media?parent=3209"}],"wp:term":[{"taxonomy":"factory","embeddable":true,"href":"https:\/\/factory.sale\/et\/wp-json\/wp\/v2\/factory?post=3209"},{"taxonomy":"free-shipment","embeddable":true,"href":"https:\/\/factory.sale\/et\/wp-json\/wp\/v2\/free-shipment?post=3209"},{"taxonomy":"product_brand","embeddable":true,"href":"https:\/\/factory.sale\/et\/wp-json\/wp\/v2\/product_brand?post=3209"},{"taxonomy":"product_cat","embeddable":true,"href":"https:\/\/factory.sale\/et\/wp-json\/wp\/v2\/product_cat?post=3209"},{"taxonomy":"product_tag","embeddable":true,"href":"https:\/\/factory.sale\/et\/wp-json\/wp\/v2\/product_tag?post=3209"}],"curies":[{"name":"wp","href":"https:\/\/api.w.org\/{rel}","templated":true}]}}