{"id":3193,"date":"2020-07-31T13:43:22","date_gmt":"2020-07-31T13:43:22","guid":{"rendered":"https:\/\/factory.sale\/?post_type=product&#038;p=3193"},"modified":"2024-06-25T12:43:27","modified_gmt":"2024-06-25T12:43:27","slug":"euro-bio-aadikas-umbrohutorjevahend","status":"publish","type":"product","link":"https:\/\/factory.sale\/et\/toode\/euro-bio-aadikas-umbrohutorjevahend\/","title":{"rendered":"Euro Bio \u00e4\u00e4dikas umbrohut\u00f5rjevahend, 5l"},"content":{"rendered":"<p><strong>Bio \u00e4\u00e4dikas umbrohut\u00f5rjevahend<\/strong><\/p>\n<p>EURO Bio-\u00e4\u00e4dikas on v\u00e4ga t\u00f5hus ja keskkonnas\u00f5bralik umbrohut\u00f5rjevahend kaetud looduslikele pindadele. EURO Bio-\u00c4\u00e4dikas ei kahjusta mulda ja p\u00f5hjavett.<\/p>\n<p>Toime: EURO Bio- \u00e4\u00e4dikas sisaldab pindpinevust v\u00e4hendavat ainet, mis kiirendab \u00e4\u00e4dika imendumist\u00a0 taimede lehtedesse ja juurtesse, mille tulemusena saavutatakse kiirem ja p\u00fcsivam toime. EURO Bio-\u00e4\u00e4dikas imendub kiiresti umbrohtudesse ja hakkab m\u00f5juma koheselt. T\u00f5rjevahend laguneb looduslikult j\u00e4tmata kahjustavaid keemilisi j\u00e4\u00e4kaineid, mis v\u00f5ivad ajapikku imenduda pinnasesse.<\/p>\n<p>Kasutus: Parim umbrohu t\u00f5rjumise aeg on soe P\u00c4IKESEPAISTELINE ja tuulevaikne keskp\u00e4evane ilm. Toode peab saama imenduda umbrohul v\u00e4hemalt 24 tundi nii, et vihm seda vahepal maha ei peseks. Kandke lahus kastes v\u00f5i pritsi abil soovitud umbrohule. Peske anumad p\u00e4rast kasutamist ja \u00e4rge j\u00e4tke anumatesse ega pritsidesse aine j\u00e4\u00e4ke. NB! Aine ei selekteeri umbrohtu vaid h\u00e4vitab enamike taimi, mille peale seda pritsida.<\/p>\n<p><strong>Miinimum kogus tellimisel: 108 x 5 liitrit<\/strong><\/p>\n<p><strong>Osta saab ainult aluse kaupa: 108 x 5 liitrit.<\/strong><\/p>\n","protected":false},"excerpt":{"rendered":"<p>EURO Bio-\u00e4\u00e4dikas on v\u00e4ga t\u00f5hus ja keskkonnas\u00f5bralik umbrohut\u00f5rjevahend kaetud looduslikele pindadele. EURO Bio-\u00c4\u00e4dikas ei kahjusta mulda ja p\u00f5hjavett.<\/p>\n<p>Toime: EURO Bio- \u00e4\u00e4dikas sisaldab pindpinevust v\u00e4hendavat ainet, mis kiirendab \u00e4\u00e4dika imendumist taimede lehtedesse ja juurtesse, mille tulemusena saavutatakse kiirem ja p\u00fcsivam toime. EURO Bio-\u00e4\u00e4dikas imendub kiiresti umbrohtudesse ja hakkab m\u00f5juma koheselt. T\u00f5rjevahend laguneb looduslikult j\u00e4tmata kahjustavaid keemilisi j\u00e4\u00e4kaineid, mis v\u00f5ivad ajapikku imenduda pinnasesse.<\/p>\n<p><strong>Osta saab ainult aluse kaupa: 108 x 5 liitrit.<\/strong><\/p>\n","protected":false},"featured_media":3259,"comment_status":"open","ping_status":"closed","template":"","meta":{"_acf_changed":false},"factory":[],"free-shipment":[],"product_brand":[],"product_cat":[336,337],"product_tag":[412],"class_list":{"0":"post-3193","1":"product","2":"type-product","3":"status-publish","4":"has-post-thumbnail","6":"product_cat-bio-tooted","7":"product_cat-umbrohu-torje","8":"product_tag-umbrohutorje","10":"first","11":"instock","12":"sale","13":"taxable","14":"shipping-taxable","15":"purchasable","16":"product-type-simple"},"acf":[],"_links":{"self":[{"href":"https:\/\/factory.sale\/et\/wp-json\/wp\/v2\/product\/3193","targetHints":{"allow":["GET"]}}],"collection":[{"href":"https:\/\/factory.sale\/et\/wp-json\/wp\/v2\/product"}],"about":[{"href":"https:\/\/factory.sale\/et\/wp-json\/wp\/v2\/types\/product"}],"replies":[{"embeddable":true,"href":"https:\/\/factory.sale\/et\/wp-json\/wp\/v2\/comments?post=3193"}],"wp:featuredmedia":[{"embeddable":true,"href":"https:\/\/factory.sale\/et\/wp-json\/wp\/v2\/media\/3259"}],"wp:attachment":[{"href":"https:\/\/factory.sale\/et\/wp-json\/wp\/v2\/media?parent=3193"}],"wp:term":[{"taxonomy":"factory","embeddable":true,"href":"https:\/\/factory.sale\/et\/wp-json\/wp\/v2\/factory?post=3193"},{"taxonomy":"free-shipment","embeddable":true,"href":"https:\/\/factory.sale\/et\/wp-json\/wp\/v2\/free-shipment?post=3193"},{"taxonomy":"product_brand","embeddable":true,"href":"https:\/\/factory.sale\/et\/wp-json\/wp\/v2\/product_brand?post=3193"},{"taxonomy":"product_cat","embeddable":true,"href":"https:\/\/factory.sale\/et\/wp-json\/wp\/v2\/product_cat?post=3193"},{"taxonomy":"product_tag","embeddable":true,"href":"https:\/\/factory.sale\/et\/wp-json\/wp\/v2\/product_tag?post=3193"}],"curies":[{"name":"wp","href":"https:\/\/api.w.org\/{rel}","templated":true}]}}