{"id":3181,"date":"2020-07-31T13:35:53","date_gmt":"2020-07-31T13:35:53","guid":{"rendered":"https:\/\/factory.sale\/?post_type=product&#038;p=3181"},"modified":"2026-01-28T10:05:16","modified_gmt":"2026-01-28T07:05:16","slug":"acryl-super-porandavaha","status":"publish","type":"product","link":"https:\/\/factory.sale\/et\/toode\/acryl-super-porandavaha\/","title":{"rendered":"Acryl Super p\u00f5randavaha, 1l"},"content":{"rendered":"<h2>Acryl Super P\u00f5randavaha<\/h2>\n<p>OMADUSED:<br \/>\nMoodustab t\u00f6\u00f6deldavale pinnale (p\u00f5randale) kulumiskindla, pikaaegse pol\u00fcmeerse kile, mis kaitseb<br \/>\npindu mehhaaniliste ja keemiliste m\u00f5jutuste eest<\/p>\n<p>Vahendi poolt tekitatud kaitsekile ei ole libe, on v\u00e4rvitu ja muudab lihtsaks edaspidise pindade hoolduse. (Lahjendusel 1:10 muudab lihvitud betoonp\u00f5randa tolmuvabaks)<\/p>\n<p>P\u00e4rast l\u00fchiajalist kuivamist muudab pinnad ilma poleerimata l\u00e4ikivaks<\/p>\n<p>Vahend on looduses\u00f5bralik ega tekita kuivamisel m\u00fcrgiseid aurusid<\/p>\n<p>Vahend on meeldiva l\u00f5hnaga ega \u00e4rrita nahka<\/p>\n<p>Lahjendusel 1:10 muudab lihvitud betoonp\u00f5randa tolmuvabaks<\/p>\n<p>KASUTUSV\u00d5IMALUSED:<br \/>\nsobib linoleumi- ja kummipindadele<br \/>\nPVC ja plastikkatetele<br \/>\nsobib tehis -ja naturaalkivist ja betoonp\u00f5randatele<br \/>\nsobib puit- ja parkettkattega pindadele<\/p>\n<p>KASUTAMINE:<br \/>\n&#8211; Vahendit soovitame kanda mopiga (ei tohi eraldada tekstiili osakesi) j\u00e4rjest \u00f5hukese kihina<br \/>\neelnevalt rasvast, vanast vahast puhastatud ja kuivatatud pinnale. Mitte h\u00f5\u00f5ruda.<br \/>\n&#8211; Poorse pinna puhul on soovitav katta p\u00f5rand eelnevalt aine vesilahusega 1:3 ja lasta kuivada.<br \/>\nNormaalne p\u00f5rand katta kohe aine vesilahusega 1:1 ja lasta kuivada.<br \/>\n&#8211; Eriti vastupidava katte saamise eesm\u00e4rgil v\u00f5ib p\u00f5rand veel kord katta kohati v\u00f5i<br \/>\n\u00fcleni lahjendamata vahendiga ja lasta kuivada. T\u00e4iskuivamiseks v\u00e4hemalt 12 tundi.<br \/>\n&#8211; Edaspidiseks hoolduseks ja l\u00e4ike s\u00e4ilitamiseks (vastavalt vajadusele) kasutada vahendit vesilahusena<br \/>\n1 : 50; kivipindadele kuni 1 : 100 ; parkettpindadele 1 : 200 ja enam.<br \/>\nNB! Enne t\u00f6\u00f6 alustamist puhastada p\u00f5rand rasvast ja teist sorti vahast<\/p>\n<p>TEHNILISED ANDMED:<br \/>\nOlek: vedel<br \/>\nTihedus: ca. 1.03 g\/ml<br \/>\nPh-v\u00e4\u00e4rtus (kontsentraat): ca 8,0 \u2013 9,0<br \/>\nKeemispunkt: ca 100o<br \/>\nKuivainesisaldus: ca. 21%<\/p>\n<p>&nbsp;<\/p>\n<p>Miinimum kogus tellimisel :<\/p>\n<p>Lahtise toote hind. Taara kokkuleppel<\/p>\n","protected":false},"excerpt":{"rendered":"<p>TEHNILISED ANDMED:<br \/>\nOlek: vedel<br \/>\nTihedus: ca. 1.03 g\/ml<br \/>\nPh-v\u00e4\u00e4rtus (kontsentraat): ca 8,0 \u2013 9,0<br \/>\nKeemispunkt: ca 100o<br \/>\nKuivainesisaldus: ca. 21%<\/p>\n","protected":false},"featured_media":3026,"comment_status":"open","ping_status":"closed","template":"","meta":{"_acf_changed":false},"factory":[],"free-shipment":[],"product_brand":[],"product_cat":[282],"product_tag":[317,395],"class_list":{"0":"post-3181","1":"product","2":"type-product","3":"status-publish","4":"has-post-thumbnail","6":"product_cat-proffesionaalsed-puhastus-ja-hooldusvahendid","7":"product_tag-porandahooldus","8":"product_tag-porandavaha","10":"first","11":"instock","12":"sale","13":"taxable","14":"shipping-taxable","15":"purchasable","16":"product-type-simple"},"acf":[],"_links":{"self":[{"href":"https:\/\/factory.sale\/et\/wp-json\/wp\/v2\/product\/3181","targetHints":{"allow":["GET"]}}],"collection":[{"href":"https:\/\/factory.sale\/et\/wp-json\/wp\/v2\/product"}],"about":[{"href":"https:\/\/factory.sale\/et\/wp-json\/wp\/v2\/types\/product"}],"replies":[{"embeddable":true,"href":"https:\/\/factory.sale\/et\/wp-json\/wp\/v2\/comments?post=3181"}],"wp:featuredmedia":[{"embeddable":true,"href":"https:\/\/factory.sale\/et\/wp-json\/wp\/v2\/media\/3026"}],"wp:attachment":[{"href":"https:\/\/factory.sale\/et\/wp-json\/wp\/v2\/media?parent=3181"}],"wp:term":[{"taxonomy":"factory","embeddable":true,"href":"https:\/\/factory.sale\/et\/wp-json\/wp\/v2\/factory?post=3181"},{"taxonomy":"free-shipment","embeddable":true,"href":"https:\/\/factory.sale\/et\/wp-json\/wp\/v2\/free-shipment?post=3181"},{"taxonomy":"product_brand","embeddable":true,"href":"https:\/\/factory.sale\/et\/wp-json\/wp\/v2\/product_brand?post=3181"},{"taxonomy":"product_cat","embeddable":true,"href":"https:\/\/factory.sale\/et\/wp-json\/wp\/v2\/product_cat?post=3181"},{"taxonomy":"product_tag","embeddable":true,"href":"https:\/\/factory.sale\/et\/wp-json\/wp\/v2\/product_tag?post=3181"}],"curies":[{"name":"wp","href":"https:\/\/api.w.org\/{rel}","templated":true}]}}