{"id":3169,"date":"2020-07-31T13:29:00","date_gmt":"2020-07-31T13:29:00","guid":{"rendered":"https:\/\/factory.sale\/?post_type=product&#038;p=3169"},"modified":"2026-01-28T10:12:31","modified_gmt":"2026-01-28T07:12:31","slug":"thuja-oliste-kate-puhastusvahend","status":"publish","type":"product","link":"https:\/\/factory.sale\/et\/toode\/thuja-oliste-kate-puhastusvahend\/","title":{"rendered":"THUJA \u00f5liste k\u00e4te puhastusvahend"},"content":{"rendered":"<h2>\u00d5liste k\u00e4te puhastusvahend<\/h2>\n<p>Tugevasti m\u00e4\u00e4rdunud k\u00e4te puhastamiseks. Eemaldab \u00f5li, rasva jm. mustuse.<br \/>\nKasutamine: vahend h\u00f5\u00f5ruda k\u00e4tele ja seej\u00e4rel loputada veega.<\/p>\n<p>Pakend: 0,5l pumbaga pudel ja 5l kanister.<\/p>\n<p>&nbsp;<\/p>\n<p>Miinimum kogus tellimiseks:<\/p>\n<p>17 x 500 ml pumbaga pudel<\/p>\n<p>3 x 5 l kanister<\/p>\n","protected":false},"excerpt":{"rendered":"<p>Tugevasti m\u00e4\u00e4rdunud k\u00e4te puhastamiseks. Eemaldab \u00f5li, rasva jm. mustuse.<br \/>\nKasutamine: vahend h\u00f5\u00f5ruda k\u00e4tele ja seej\u00e4rel loputada veega.<\/p>\n<p>Pakend: 0,5l pumbaga pudel ja 5l kanister.<\/p>\n","protected":false},"featured_media":3004,"comment_status":"open","ping_status":"closed","template":"","meta":{"_acf_changed":false},"factory":[],"free-shipment":[],"product_brand":[],"product_cat":[232],"product_tag":[],"class_list":{"0":"post-3169","1":"product","2":"type-product","3":"status-publish","4":"has-post-thumbnail","6":"product_cat-desinfitseerimisvahendid-ja-enesehugieen","8":"first","9":"instock","10":"sale","11":"taxable","12":"shipping-taxable","13":"purchasable","14":"product-type-simple"},"acf":[],"_links":{"self":[{"href":"https:\/\/factory.sale\/et\/wp-json\/wp\/v2\/product\/3169","targetHints":{"allow":["GET"]}}],"collection":[{"href":"https:\/\/factory.sale\/et\/wp-json\/wp\/v2\/product"}],"about":[{"href":"https:\/\/factory.sale\/et\/wp-json\/wp\/v2\/types\/product"}],"replies":[{"embeddable":true,"href":"https:\/\/factory.sale\/et\/wp-json\/wp\/v2\/comments?post=3169"}],"wp:featuredmedia":[{"embeddable":true,"href":"https:\/\/factory.sale\/et\/wp-json\/wp\/v2\/media\/3004"}],"wp:attachment":[{"href":"https:\/\/factory.sale\/et\/wp-json\/wp\/v2\/media?parent=3169"}],"wp:term":[{"taxonomy":"factory","embeddable":true,"href":"https:\/\/factory.sale\/et\/wp-json\/wp\/v2\/factory?post=3169"},{"taxonomy":"free-shipment","embeddable":true,"href":"https:\/\/factory.sale\/et\/wp-json\/wp\/v2\/free-shipment?post=3169"},{"taxonomy":"product_brand","embeddable":true,"href":"https:\/\/factory.sale\/et\/wp-json\/wp\/v2\/product_brand?post=3169"},{"taxonomy":"product_cat","embeddable":true,"href":"https:\/\/factory.sale\/et\/wp-json\/wp\/v2\/product_cat?post=3169"},{"taxonomy":"product_tag","embeddable":true,"href":"https:\/\/factory.sale\/et\/wp-json\/wp\/v2\/product_tag?post=3169"}],"curies":[{"name":"wp","href":"https:\/\/api.w.org\/{rel}","templated":true}]}}