{"id":3152,"date":"2020-07-31T13:12:44","date_gmt":"2020-07-31T13:12:44","guid":{"rendered":"https:\/\/factory.sale\/?post_type=product&#038;p=3152"},"modified":"2026-01-28T09:14:46","modified_gmt":"2026-01-28T06:14:46","slug":"thuja-geelseep","status":"publish","type":"product","link":"https:\/\/factory.sale\/et\/toode\/thuja-geelseep\/","title":{"rendered":"Thuja Geelseep"},"content":{"rendered":"<h2>Thuja Geelseep<\/h2>\n<p class=\"_04xlpA direction-ltr align-start para-style-body\"><span class=\"JsGRdQ\">Universaalne vedelseep igap\u00e4evaseks kasutamiseks.<\/span><\/p>\n<p class=\"_04xlpA direction-ltr align-start para-style-body\"><span class=\"JsGRdQ\">Sisaldab looduss\u00f5bralikke tensiide ning nahka pehmendavaid aineid, v\u00e4rvi ja l\u00f5hna.<\/span><\/p>\n<p class=\"_04xlpA direction-ltr align-start para-style-body\"><span class=\"JsGRdQ\">Ei p\u00f5hjusta kestval kasutamisel naha kuivamist. PH neutraalne.<\/span><\/p>\n<p class=\"_04xlpA direction-ltr align-start para-style-body\"><span class=\"JsGRdQ\">S\u00e4ilivusaeg 36 kuud.<\/span><\/p>\n<p>Valikud:<\/p>\n<ul>\n<li>\n<p class=\"_04xlpA direction-ltr align-start para-style-body\"><span class=\"JsGRdQ\">Palsamiga<\/span><\/p>\n<\/li>\n<li>\n<p class=\"_04xlpA direction-ltr align-start para-style-body\"><span class=\"JsGRdQ\">Sidrunil\u00f5hnaline<\/span><\/p>\n<\/li>\n<li>\n<p class=\"_04xlpA direction-ltr align-start para-style-body\"><span class=\"JsGRdQ\">\u00d5unal\u00f5hnaline<\/span><\/p>\n<\/li>\n<li>\n<p class=\"_04xlpA direction-ltr align-start para-style-body\"><span class=\"JsGRdQ\">L\u00f5hnatu ja v\u00e4rvitu<\/span><\/p>\n<\/li>\n<\/ul>\n<p>Pakendid:<\/p>\n<ul>\n<li><span class=\"JsGRdQ\">0.5 L pumbaga pudel<\/span><\/li>\n<li>5 L kanister<\/li>\n<\/ul>\n<p>&nbsp;<\/p>\n<p>Miinimum kogus tellimiseks:<\/p>\n<p><span class=\"JsGRdQ\">17 x 0,500 ml pumbaga pudel<\/span><\/p>\n<p>3 x 5 l kanister<\/p>\n","protected":false},"excerpt":{"rendered":"<p class=\"_04xlpA direction-ltr align-start para-style-body\"><span class=\"JsGRdQ\">Universaalne vedelseep igap\u00e4evaseks kasutamiseks.<\/span><\/p>\n<p class=\"_04xlpA direction-ltr align-start para-style-body\"><span class=\"JsGRdQ\">Sisaldab looduss\u00f5bralikke tensiide ning nahka pehmendavaid aineid, v\u00e4rvi ja l\u00f5hna.<\/span><\/p>\n<p class=\"_04xlpA direction-ltr align-start para-style-body\"><span class=\"JsGRdQ\">Ei p\u00f5hjusta kestval kasutamisel naha kuivamist. PH neutraalne.<\/span><\/p>\n<p class=\"_04xlpA direction-ltr align-start para-style-body\"><span class=\"JsGRdQ\">S\u00e4ilivusaeg 36 kuud.<\/span><\/p>\n","protected":false},"featured_media":3000,"comment_status":"open","ping_status":"closed","template":"","meta":{"_acf_changed":false},"factory":[],"free-shipment":[],"product_brand":[],"product_cat":[232],"product_tag":[],"class_list":{"0":"post-3152","1":"product","2":"type-product","3":"status-publish","4":"has-post-thumbnail","6":"product_cat-desinfitseerimisvahendid-ja-enesehugieen","8":"first","9":"instock","10":"sale","11":"taxable","12":"shipping-taxable","13":"purchasable","14":"product-type-simple"},"acf":[],"_links":{"self":[{"href":"https:\/\/factory.sale\/et\/wp-json\/wp\/v2\/product\/3152","targetHints":{"allow":["GET"]}}],"collection":[{"href":"https:\/\/factory.sale\/et\/wp-json\/wp\/v2\/product"}],"about":[{"href":"https:\/\/factory.sale\/et\/wp-json\/wp\/v2\/types\/product"}],"replies":[{"embeddable":true,"href":"https:\/\/factory.sale\/et\/wp-json\/wp\/v2\/comments?post=3152"}],"wp:featuredmedia":[{"embeddable":true,"href":"https:\/\/factory.sale\/et\/wp-json\/wp\/v2\/media\/3000"}],"wp:attachment":[{"href":"https:\/\/factory.sale\/et\/wp-json\/wp\/v2\/media?parent=3152"}],"wp:term":[{"taxonomy":"factory","embeddable":true,"href":"https:\/\/factory.sale\/et\/wp-json\/wp\/v2\/factory?post=3152"},{"taxonomy":"free-shipment","embeddable":true,"href":"https:\/\/factory.sale\/et\/wp-json\/wp\/v2\/free-shipment?post=3152"},{"taxonomy":"product_brand","embeddable":true,"href":"https:\/\/factory.sale\/et\/wp-json\/wp\/v2\/product_brand?post=3152"},{"taxonomy":"product_cat","embeddable":true,"href":"https:\/\/factory.sale\/et\/wp-json\/wp\/v2\/product_cat?post=3152"},{"taxonomy":"product_tag","embeddable":true,"href":"https:\/\/factory.sale\/et\/wp-json\/wp\/v2\/product_tag?post=3152"}],"curies":[{"name":"wp","href":"https:\/\/api.w.org\/{rel}","templated":true}]}}