{"id":3135,"date":"2020-07-31T12:55:10","date_gmt":"2020-07-31T12:55:10","guid":{"rendered":"https:\/\/factory.sale\/?post_type=product&#038;p=3135"},"modified":"2026-01-28T09:29:55","modified_gmt":"2026-01-28T06:29:55","slug":"euro-power-wash-suurpuhastusvahend","status":"publish","type":"product","link":"https:\/\/factory.sale\/et\/toode\/euro-power-wash-suurpuhastusvahend\/","title":{"rendered":"Euro Power Wash suurpuhastusvahend, 5 l"},"content":{"rendered":"<h2>Euro Power Wash Suurpuhastusvahend<\/h2>\n<p>Tugevalt leeliseline suurpuhastusvahend. Turvaline ja t\u00f5hus puhastusaine tahmaste, rasvaste, \u00f5liste ja kinnitunud mustusega pindade puhastamiseks.<\/p>\n<p>Kasutusjuhend:<\/p>\n<p>K\u00e4si- ja masinpesuks. Sobib kasutamiseks kombimasinates ja survepesurites.<\/p>\n<p><strong>Doseerimine:<\/strong><\/p>\n<ul>\n<li>V\u00e4ga must pind (nt t\u00f6\u00f6kojad) 5-10%<\/li>\n<li>Keskmise mustusega pinnad 1-3%<\/li>\n<li>Igap\u00e4evaseks pesuks 0,1%<\/li>\n<\/ul>\n<p>K\u00e4sipesu 5-25 ml \/ 5 L<br \/>\nKoristusmasin 5-25 ml \/ 5 L<br \/>\nSurvepesur 10-50 ml \/ 5 L<\/p>\n<p>Sisaldus:<\/p>\n<p>&lt;5% katioonsed pindaktiivsed ained,\u00a0 &lt;5% mitteioonsed pindaktiivsed ained, but\u00fc\u00fclgl\u00fckool, kaaliumfosfaadid, naatrium silikaadid, looduslikud tsitruse estrid. Ei sisalda naftatooteid.<\/p>\n<p>Tugevatoimeline pesuaine pH 13,7.<\/p>\n<p>Pakend:<\/p>\n<ul>\n<li>5 L \u2013 pakis 3 tk.<\/li>\n<\/ul>\n<p>Hoiustamine: Kaitsta k\u00fclma eest.<\/p>\n<p><strong>Miinimum kogus tellimisel: 3 x 5 liitrit<\/strong><\/p>\n<p><strong>Osta saab ainult kasti kaupa 3 x 5 liitrit.<\/strong><\/p>\n","protected":false},"excerpt":{"rendered":"<p>Tugevalt leeliseline suurpuhastusvahend. Turvaline ja t\u00f5hus puhastusaine tahmaste, rasvaste, \u00f5liste ja kinnitunud mustusega pindade puhastamiseks.<\/p>\n","protected":false},"featured_media":3012,"comment_status":"open","ping_status":"closed","template":"","meta":{"_acf_changed":false},"factory":[],"free-shipment":[],"product_brand":[],"product_cat":[282],"product_tag":[],"class_list":{"0":"post-3135","1":"product","2":"type-product","3":"status-publish","4":"has-post-thumbnail","6":"product_cat-proffesionaalsed-puhastus-ja-hooldusvahendid","8":"first","9":"instock","10":"sale","11":"taxable","12":"shipping-taxable","13":"purchasable","14":"product-type-simple"},"acf":[],"_links":{"self":[{"href":"https:\/\/factory.sale\/et\/wp-json\/wp\/v2\/product\/3135","targetHints":{"allow":["GET"]}}],"collection":[{"href":"https:\/\/factory.sale\/et\/wp-json\/wp\/v2\/product"}],"about":[{"href":"https:\/\/factory.sale\/et\/wp-json\/wp\/v2\/types\/product"}],"replies":[{"embeddable":true,"href":"https:\/\/factory.sale\/et\/wp-json\/wp\/v2\/comments?post=3135"}],"wp:featuredmedia":[{"embeddable":true,"href":"https:\/\/factory.sale\/et\/wp-json\/wp\/v2\/media\/3012"}],"wp:attachment":[{"href":"https:\/\/factory.sale\/et\/wp-json\/wp\/v2\/media?parent=3135"}],"wp:term":[{"taxonomy":"factory","embeddable":true,"href":"https:\/\/factory.sale\/et\/wp-json\/wp\/v2\/factory?post=3135"},{"taxonomy":"free-shipment","embeddable":true,"href":"https:\/\/factory.sale\/et\/wp-json\/wp\/v2\/free-shipment?post=3135"},{"taxonomy":"product_brand","embeddable":true,"href":"https:\/\/factory.sale\/et\/wp-json\/wp\/v2\/product_brand?post=3135"},{"taxonomy":"product_cat","embeddable":true,"href":"https:\/\/factory.sale\/et\/wp-json\/wp\/v2\/product_cat?post=3135"},{"taxonomy":"product_tag","embeddable":true,"href":"https:\/\/factory.sale\/et\/wp-json\/wp\/v2\/product_tag?post=3135"}],"curies":[{"name":"wp","href":"https:\/\/api.w.org\/{rel}","templated":true}]}}