{"id":3115,"date":"2020-07-31T12:43:49","date_gmt":"2020-07-31T12:43:49","guid":{"rendered":"https:\/\/factory.sale\/?post_type=product&#038;p=3115"},"modified":"2026-01-28T09:30:58","modified_gmt":"2026-01-28T06:30:58","slug":"euro-super-wash-pesuaine","status":"publish","type":"product","link":"https:\/\/factory.sale\/et\/toode\/euro-super-wash-pesuaine\/","title":{"rendered":"Euro Super Wash pesuaine, 5l"},"content":{"rendered":"<h2>Euro Super Wash pesuaine<\/h2>\n<p>Eriti t\u00f5hus leotus omadustega pesuaine kontsentraat.<\/p>\n<p>Eemaldab vaevata \u00f5lid, rasvad, tahma, piduritolmu, maanteesoola, m\u00e4\u00e4rdeained ja k\u00f5ik raskesti eemaldatava mustuse keerulistelt vett taluvatelt pindadelt.<\/p>\n<p>Super Wash on kontsentreeritud veel baseeruv puhastusvahend.<\/p>\n<p>Kasutusjuhend:<\/p>\n<p>NB! Kasutada ainult lahjendatud toodet.<br \/>\nKanda lahus pritsiga pinnale v\u00f5i l\u00e4bi k\u00f5rgsurvepesuri, lasta m\u00f5juda m\u00f5ned minutid (3-5 min.), seej\u00e4rel pesta pesuri v\u00f5i jooksva veega. Vajadusel kasutage harja puhastamise t\u00f5hustamiseks<\/p>\n<p><strong>Lahjendamine 5 L veega:<\/strong><\/p>\n<ul>\n<li>Tugev eelpesuaine 250-500 ml kontsentraati<\/li>\n<li>Eelpesuaine 50-150 ml kontsentraati<\/li>\n<li>Igap\u00e4evane pesuaine 10-30 ml kontsentraati<\/li>\n<\/ul>\n<p>Sisaldus:<\/p>\n<p>&lt;5% katioonsed pindaktiivsed ained,\u00a0 &lt;5% mitteioonsed pindaktiivsed ained, but\u00fc\u00fclgl\u00fckool., kaaliumfosfaadid, naatrium silikaadid, looduslikud tsitruse estrid, ei sisalda naftatooteid, Bioloogiliselt lagunev.<\/p>\n<p>Tugevatoimeline pesuaine pH 13,7.<\/p>\n<p>Pakend:<\/p>\n<ul>\n<li>5 L \u2013 pakis 3 tk.<\/li>\n<\/ul>\n<p>Hoiustamine: Kaitsta k\u00fclma eest.<\/p>\n<p><strong>Miinimum kogus tellimisel: 3 x 5 liitrit<\/strong><\/p>\n<p><strong>Osta saab ainult kasti kaupa 3 x 5 liitrit.<\/strong><\/p>\n<p>&nbsp;<\/p>\n","protected":false},"excerpt":{"rendered":"<p>Eriti t\u00f5hus leotus omadustega pesuaine kontsentraat.<\/p>\n<p>Eemaldab vaevata \u00f5lid, rasvad, tahma, piduritolmu, maanteesoola, m\u00e4\u00e4rdeained ja k\u00f5ik raskesti eemaldatava mustuse keerulistelt vett taluvatelt pindadelt.<\/p>\n<p>Super Wash on kontsentreeritud veel baseeruv puhastusvahend.<\/p>\n","protected":false},"featured_media":3010,"comment_status":"open","ping_status":"closed","template":"","meta":{"_acf_changed":false},"factory":[],"free-shipment":[],"product_brand":[],"product_cat":[282],"product_tag":[],"class_list":{"0":"post-3115","1":"product","2":"type-product","3":"status-publish","4":"has-post-thumbnail","6":"product_cat-proffesionaalsed-puhastus-ja-hooldusvahendid","8":"first","9":"instock","10":"sale","11":"taxable","12":"shipping-taxable","13":"purchasable","14":"product-type-simple"},"acf":[],"_links":{"self":[{"href":"https:\/\/factory.sale\/et\/wp-json\/wp\/v2\/product\/3115","targetHints":{"allow":["GET"]}}],"collection":[{"href":"https:\/\/factory.sale\/et\/wp-json\/wp\/v2\/product"}],"about":[{"href":"https:\/\/factory.sale\/et\/wp-json\/wp\/v2\/types\/product"}],"replies":[{"embeddable":true,"href":"https:\/\/factory.sale\/et\/wp-json\/wp\/v2\/comments?post=3115"}],"wp:featuredmedia":[{"embeddable":true,"href":"https:\/\/factory.sale\/et\/wp-json\/wp\/v2\/media\/3010"}],"wp:attachment":[{"href":"https:\/\/factory.sale\/et\/wp-json\/wp\/v2\/media?parent=3115"}],"wp:term":[{"taxonomy":"factory","embeddable":true,"href":"https:\/\/factory.sale\/et\/wp-json\/wp\/v2\/factory?post=3115"},{"taxonomy":"free-shipment","embeddable":true,"href":"https:\/\/factory.sale\/et\/wp-json\/wp\/v2\/free-shipment?post=3115"},{"taxonomy":"product_brand","embeddable":true,"href":"https:\/\/factory.sale\/et\/wp-json\/wp\/v2\/product_brand?post=3115"},{"taxonomy":"product_cat","embeddable":true,"href":"https:\/\/factory.sale\/et\/wp-json\/wp\/v2\/product_cat?post=3115"},{"taxonomy":"product_tag","embeddable":true,"href":"https:\/\/factory.sale\/et\/wp-json\/wp\/v2\/product_tag?post=3115"}],"curies":[{"name":"wp","href":"https:\/\/api.w.org\/{rel}","templated":true}]}}