{"id":30443,"date":"2023-07-11T12:30:10","date_gmt":"2023-07-11T12:42:54","guid":{"rendered":"https:\/\/factory.sale\/?post_type=product&#038;p=30443"},"modified":"2026-03-22T22:56:36","modified_gmt":"2026-03-22T19:56:36","slug":"4m-4-kohaline-ummargune-tunnisaun-koos-riietusruumi-ja-valisistmetega","status":"publish","type":"product","link":"https:\/\/factory.sale\/et\/toode\/4m-4-kohaline-ummargune-tunnisaun-koos-riietusruumi-ja-valisistmetega\/","title":{"rendered":"&#8220;4m&#8221; SQR4PV 4-kohaline cube-t\u00fcnnisaun koos riietusruumi ja terrassiga"},"content":{"rendered":"<p><strong>Tootekood: SQR4PVE<\/strong><\/p>\n<p>&nbsp;<\/p>\n<p>&nbsp;<\/p>\n<p>Kogege looduse embust t\u00fcnnisaunas! Sulata stress, t\u00f5sta tuju ja noorenda end meie kaunilt valmistatud t\u00fcnnisaunade mahedas soojuses. Kompaktne, hubane ja \u0161ikk \u2013 see pole lihtsalt saun \u2013 see on teie isiklik oaas!<\/p>\n<p>&nbsp;<\/p>\n<p><strong>Tooteteave:<\/strong><\/p>\n<ul>\n<li>Suurus PxLxK: 400 x 220 x 230 cm<\/li>\n<li>Lamepakendi suurus PxLxK: 400 \u00d7 80 \u00d7 150 cm<\/li>\n<li>Kaal: ~800 kg<\/li>\n<li>Leiliruumi suurus: 200 cm<\/li>\n<li>Leiliruumi maht: ~4 inimest<\/li>\n<li>Leiliruumi maht: 7,4 \u043c\u00b3<\/li>\n<li>K\u00fctteaeg: ~1 h<\/li>\n<\/ul>\n<p>&nbsp;<\/p>\n<p><strong>P\u00f5hikomplekt sisaldab:<\/strong><\/p>\n<ul>\n<li>Kuusest lahti v\u00f5etud saun<\/li>\n<li>Kuusk \/ termopuidust saunakeha (puidu paksus 40 mm)<\/li>\n<li>Pingid lepast v\u00f5i termopuidust<\/li>\n<li>Pruun karastatud klaasist uks \/ puidust v\u00e4lisuks<\/li>\n<li>Bituumenkatus<\/li>\n<li>Roostevabast terasest r\u00f5ngad<\/li>\n<\/ul>\n<p>&nbsp;<\/p>\n<p>&nbsp;<\/p>\n<p><strong>Katuse v\u00e4rvid:<\/strong><\/p>\n<p>Pruun, must, roheline<\/p>\n<p><img loading=\"lazy\" decoding=\"async\" class=\"alignnone wp-image-90747\" src=\"https:\/\/factory.sale\/wp-content\/uploads\/2024\/09\/roof-colours-300x91.png\" alt=\"\" width=\"649\" height=\"197\" srcset=\"https:\/\/factory.sale\/wp-content\/uploads\/2024\/09\/roof-colours-300x91.png 300w, https:\/\/factory.sale\/wp-content\/uploads\/2024\/09\/roof-colours-1024x311.png 1024w, https:\/\/factory.sale\/wp-content\/uploads\/2024\/09\/roof-colours-150x46.png 150w, https:\/\/factory.sale\/wp-content\/uploads\/2024\/09\/roof-colours-600x182.png 600w, https:\/\/factory.sale\/wp-content\/uploads\/2024\/09\/roof-colours.png 1330w\" sizes=\"auto, (max-width: 649px) 100vw, 649px\" \/><\/p>\n<p>&nbsp;<\/p>\n<p>&nbsp;<\/p>\n<p><strong>*Termopuidust sauna hind (SQR4PVT): 3703 \u20ac<\/strong><\/p>\n<p>&nbsp;<\/p>\n<p>&nbsp;<\/p>\n<p><b>Transpordi informatsioon:<\/b><\/p>\n<p>17 m veoauto ilma t\u00f5stukita: kohaletoimetamine ainult 17 m veokiga (vajalik on eelnevalt tagada mahalaadimisvarustus), k\u00fcsi lisainfot!<\/p>\n","protected":false},"excerpt":{"rendered":"<p>Kogege looduse embust t\u00fcnnisaunas! Sulata stress, t\u00f5sta tuju ja noorenda end meie kaunilt valmistatud t\u00fcnnisaunade lohutavas soojuses. Kompaktne, hubane ja \u0161ikk \u2013 see pole lihtsalt saun \u2013 see on teie isiklik oaas!<\/p>\n<p><strong>Ostes Eesti tooteid, saate ainult k\u00f5rgeima kvaliteediga tooted.<\/strong><\/p>\n<p>&nbsp;<\/p>\n<p><img loading=\"lazy\" decoding=\"async\" class=\"wp-image-100903 alignleft\" src=\"https:\/\/factory.sale\/wp-content\/uploads\/2023\/04\/made-inestonia-3-factory-sale-300x300.webp\" alt=\"Made in Estonia.\" width=\"77\" height=\"77\" srcset=\"https:\/\/factory.sale\/wp-content\/uploads\/2023\/04\/made-inestonia-3-factory-sale-300x300.webp 300w, https:\/\/factory.sale\/wp-content\/uploads\/2023\/04\/made-inestonia-3-factory-sale-1024x1024.webp 1024w, https:\/\/factory.sale\/wp-content\/uploads\/2023\/04\/made-inestonia-3-factory-sale-150x150.webp 150w, https:\/\/factory.sale\/wp-content\/uploads\/2023\/04\/made-inestonia-3-factory-sale-1536x1536.webp 1536w, https:\/\/factory.sale\/wp-content\/uploads\/2023\/04\/made-inestonia-3-factory-sale-600x600.webp 600w, https:\/\/factory.sale\/wp-content\/uploads\/2023\/04\/made-inestonia-3-factory-sale-100x100.webp 100w, https:\/\/factory.sale\/wp-content\/uploads\/2023\/04\/made-inestonia-3-factory-sale.webp 2048w\" sizes=\"auto, (max-width: 77px) 100vw, 77px\" \/><\/p>\n","protected":false},"featured_media":94559,"comment_status":"open","ping_status":"closed","template":"","meta":{"_acf_changed":false},"factory":[],"free-shipment":[],"product_brand":[],"product_cat":[826,1643,2257],"product_tag":[1648,1483,811,1484],"class_list":{"0":"post-30443","1":"product","2":"type-product","3":"status-publish","4":"has-post-thumbnail","6":"product_cat-saunas-et","7":"product_cat-tunnisaun","8":"product_cat-valisaun","9":"product_tag-barrel-sauna-et","10":"product_tag-garden-et","11":"product_tag-sauna-et","12":"product_tag-yard-et","14":"first","15":"instock","16":"sale","17":"taxable","18":"shipping-taxable","19":"purchasable","20":"product-type-simple"},"acf":[],"_links":{"self":[{"href":"https:\/\/factory.sale\/et\/wp-json\/wp\/v2\/product\/30443","targetHints":{"allow":["GET"]}}],"collection":[{"href":"https:\/\/factory.sale\/et\/wp-json\/wp\/v2\/product"}],"about":[{"href":"https:\/\/factory.sale\/et\/wp-json\/wp\/v2\/types\/product"}],"replies":[{"embeddable":true,"href":"https:\/\/factory.sale\/et\/wp-json\/wp\/v2\/comments?post=30443"}],"wp:featuredmedia":[{"embeddable":true,"href":"https:\/\/factory.sale\/et\/wp-json\/wp\/v2\/media\/94559"}],"wp:attachment":[{"href":"https:\/\/factory.sale\/et\/wp-json\/wp\/v2\/media?parent=30443"}],"wp:term":[{"taxonomy":"factory","embeddable":true,"href":"https:\/\/factory.sale\/et\/wp-json\/wp\/v2\/factory?post=30443"},{"taxonomy":"free-shipment","embeddable":true,"href":"https:\/\/factory.sale\/et\/wp-json\/wp\/v2\/free-shipment?post=30443"},{"taxonomy":"product_brand","embeddable":true,"href":"https:\/\/factory.sale\/et\/wp-json\/wp\/v2\/product_brand?post=30443"},{"taxonomy":"product_cat","embeddable":true,"href":"https:\/\/factory.sale\/et\/wp-json\/wp\/v2\/product_cat?post=30443"},{"taxonomy":"product_tag","embeddable":true,"href":"https:\/\/factory.sale\/et\/wp-json\/wp\/v2\/product_tag?post=30443"}],"curies":[{"name":"wp","href":"https:\/\/api.w.org\/{rel}","templated":true}]}}