{"id":30412,"date":"2023-07-10T19:09:05","date_gmt":"2023-07-10T19:26:10","guid":{"rendered":"https:\/\/factory.sale\/?post_type=product&#038;p=30412"},"modified":"2026-03-23T22:36:19","modified_gmt":"2026-03-23T19:36:19","slug":"2-4m-ummargune-tunnisaun-4-le-inimesele-oue-istumisalaga","status":"publish","type":"product","link":"https:\/\/factory.sale\/et\/toode\/2-4m-ummargune-tunnisaun-4-le-inimesele-oue-istumisalaga\/","title":{"rendered":"&#8220;2.4m&#8221; SQR2V \u00fcmmargune t\u00fcnnisaun 4-le inimesele terrassiga"},"content":{"rendered":"<p><strong>Tootekood: SQR2VE<\/strong><\/p>\n<p>&nbsp;<\/p>\n<p>Kogege looduse embust t\u00fcnnisaunas! Sulata stress, t\u00f5sta tuju ja noorenda end meie kaunilt valmistatud t\u00fcnnisaunade soojuses. Kompaktne, hubane ja moderne \u2013 see pole lihtsalt saun \u2013 see on teie isiklik oaas!<\/p>\n<p>&nbsp;<\/p>\n<p><strong>Tooteteave:<\/strong><\/p>\n<ul>\n<li>M\u00f5\u00f5dud PxLxK: 240 x 220 x 230 cm<\/li>\n<li>Lamepakendi suurus PxLxK: 240 \u0445 120 \u0445 150 cm<\/li>\n<li>Kaal: ~670 kg<\/li>\n<li>Leiliruumi suurus: 185 cm<\/li>\n<li>Leiliruumi mahutavus: ~4 inimest<\/li>\n<li>Leiliruumi maht: 6,7 \u043c\u00b3<\/li>\n<li>K\u00fctteaeg: ~1 h<\/li>\n<\/ul>\n<p>&nbsp;<\/p>\n<p><strong>P\u00f5hikomplekt sisaldab:<\/strong><\/p>\n<ul>\n<li>Kuusest lahti v\u00f5etud saun<\/li>\n<li>Kuusk \/ termopuidust saun (puidu paksus 40 mm)<\/li>\n<li>Pingid lepast v\u00f5i termopuidust<\/li>\n<li>Pruun karastatud klaasist uks<\/li>\n<li>Bituumenkatus<\/li>\n<li>Roostevabast terasest r\u00f5ngad<\/li>\n<\/ul>\n<p>&nbsp;<\/p>\n<p>&nbsp;<\/p>\n<p><strong>Katuse v\u00e4rvid:<\/strong><\/p>\n<p>Must, pruun, roheline<\/p>\n<p><img loading=\"lazy\" decoding=\"async\" class=\"alignnone wp-image-90747\" src=\"https:\/\/factory.sale\/wp-content\/uploads\/2024\/09\/roof-colours-300x91.png\" sizes=\"auto, (max-width: 649px) 100vw, 649px\" srcset=\"https:\/\/factory.sale\/wp-content\/uploads\/2024\/09\/roof-colours-300x91.png 300w, https:\/\/factory.sale\/wp-content\/uploads\/2024\/09\/roof-colours-1024x311.png 1024w, https:\/\/factory.sale\/wp-content\/uploads\/2024\/09\/roof-colours-150x46.png 150w, https:\/\/factory.sale\/wp-content\/uploads\/2024\/09\/roof-colours-600x182.png 600w, https:\/\/factory.sale\/wp-content\/uploads\/2024\/09\/roof-colours.png 1330w\" alt=\"\" width=\"649\" height=\"197\" \/><\/p>\n<p>&nbsp;<\/p>\n<p>&nbsp;<\/p>\n<p>&nbsp;<\/p>\n<p><strong>*Termopuidust sauna hind (SQR2VT): 2553 \u20ac<\/strong><\/p>\n<p>&nbsp;<\/p>\n<p>&nbsp;<\/p>\n<p><b>Transpordi informatsioon:<\/b><\/p>\n<p>Kohaletoimetamine t\u00f5stukiga veoautoga.<\/p>\n","protected":false},"excerpt":{"rendered":"<p>Kogege looduse embust t\u00fcnnisaunas! Sulata stress, t\u00f5sta tuju ja noorenda end meie kaunilt valmistatud t\u00fcnnisaunade soojuses. Kompaktne, hubane ja moderne &#8211; see pole lihtsalt saun &#8211; see on teie isiklik oaas!<\/p>\n<p><img loading=\"lazy\" decoding=\"async\" class=\"alignnone wp-image-100903\" src=\"https:\/\/factory.sale\/wp-content\/uploads\/2023\/04\/made-inestonia-3-factory-sale-300x300.webp\" alt=\"Made in Estonia.\" width=\"255\" height=\"255\" srcset=\"https:\/\/factory.sale\/wp-content\/uploads\/2023\/04\/made-inestonia-3-factory-sale-300x300.webp 300w, https:\/\/factory.sale\/wp-content\/uploads\/2023\/04\/made-inestonia-3-factory-sale-1024x1024.webp 1024w, https:\/\/factory.sale\/wp-content\/uploads\/2023\/04\/made-inestonia-3-factory-sale-150x150.webp 150w, https:\/\/factory.sale\/wp-content\/uploads\/2023\/04\/made-inestonia-3-factory-sale-1536x1536.webp 1536w, https:\/\/factory.sale\/wp-content\/uploads\/2023\/04\/made-inestonia-3-factory-sale-600x600.webp 600w, https:\/\/factory.sale\/wp-content\/uploads\/2023\/04\/made-inestonia-3-factory-sale-100x100.webp 100w, https:\/\/factory.sale\/wp-content\/uploads\/2023\/04\/made-inestonia-3-factory-sale.webp 2048w\" sizes=\"auto, (max-width: 255px) 100vw, 255px\" \/><\/p>\n<div><\/div>\n","protected":false},"featured_media":94488,"comment_status":"open","ping_status":"closed","template":"","meta":{"_acf_changed":false},"factory":[],"free-shipment":[],"product_brand":[],"product_cat":[826,1643,2257],"product_tag":[811],"class_list":{"0":"post-30412","1":"product","2":"type-product","3":"status-publish","4":"has-post-thumbnail","6":"product_cat-saunas-et","7":"product_cat-tunnisaun","8":"product_cat-valisaun","9":"product_tag-sauna-et","11":"first","12":"instock","13":"sale","14":"taxable","15":"shipping-taxable","16":"purchasable","17":"product-type-simple"},"acf":[],"_links":{"self":[{"href":"https:\/\/factory.sale\/et\/wp-json\/wp\/v2\/product\/30412","targetHints":{"allow":["GET"]}}],"collection":[{"href":"https:\/\/factory.sale\/et\/wp-json\/wp\/v2\/product"}],"about":[{"href":"https:\/\/factory.sale\/et\/wp-json\/wp\/v2\/types\/product"}],"replies":[{"embeddable":true,"href":"https:\/\/factory.sale\/et\/wp-json\/wp\/v2\/comments?post=30412"}],"wp:featuredmedia":[{"embeddable":true,"href":"https:\/\/factory.sale\/et\/wp-json\/wp\/v2\/media\/94488"}],"wp:attachment":[{"href":"https:\/\/factory.sale\/et\/wp-json\/wp\/v2\/media?parent=30412"}],"wp:term":[{"taxonomy":"factory","embeddable":true,"href":"https:\/\/factory.sale\/et\/wp-json\/wp\/v2\/factory?post=30412"},{"taxonomy":"free-shipment","embeddable":true,"href":"https:\/\/factory.sale\/et\/wp-json\/wp\/v2\/free-shipment?post=30412"},{"taxonomy":"product_brand","embeddable":true,"href":"https:\/\/factory.sale\/et\/wp-json\/wp\/v2\/product_brand?post=30412"},{"taxonomy":"product_cat","embeddable":true,"href":"https:\/\/factory.sale\/et\/wp-json\/wp\/v2\/product_cat?post=30412"},{"taxonomy":"product_tag","embeddable":true,"href":"https:\/\/factory.sale\/et\/wp-json\/wp\/v2\/product_tag?post=30412"}],"curies":[{"name":"wp","href":"https:\/\/api.w.org\/{rel}","templated":true}]}}