{"id":30390,"date":"2023-07-09T20:36:19","date_gmt":"2023-07-10T18:23:41","guid":{"rendered":"https:\/\/factory.sale\/?post_type=product&#038;p=30390"},"modified":"2026-03-23T22:42:17","modified_gmt":"2026-03-23T19:42:17","slug":"2-m-4-kohaline-ummargune-tunnisaun","status":"publish","type":"product","link":"https:\/\/factory.sale\/et\/toode\/2-m-4-kohaline-ummargune-tunnisaun\/","title":{"rendered":"&#8220;2m&#8221; SQR2 4-kohaline kuubik t\u00fcnnisaun"},"content":{"rendered":"<p><strong>Tootekood: SQR2E<\/strong><\/p>\n<p>&nbsp;<\/p>\n<p>Kogege looduse embust t\u00fcnnisaunas! Sulata stress, t\u00f5sta tuju ja noorenda end meie kaunilt valmistatud t\u00fcnnisaunade soojuses. Kompaktne, hubane ja moderne \u2013 see pole lihtsalt saun \u2013 see on teie isiklik oaas!<\/p>\n<p>&nbsp;<\/p>\n<p><strong>P\u00f5hikomplekt sisaldab:<\/strong><\/p>\n<ul>\n<li>Kuusest lahti v\u00f5etud saun<\/li>\n<li>Kuusk \/ termopuidust saunakeha (puidu paksus 40 mm)<\/li>\n<li>Pingid lepast v\u00f5i termopuidust<\/li>\n<li>Pruun karastatud klaasist uks<\/li>\n<li>Bituumenkatus<\/li>\n<li>Roostevabast terasest r\u00f5ngad<\/li>\n<li>M\u00f5\u00f5dud PxLxK: 200x220x230 cm<\/li>\n<li>Lamepakendi suurus: PxLxK 200\u0445120\u0445150 cm<\/li>\n<li>Kaal: ~640 kg<\/li>\n<li>Leiliruumi suurus: 185 cm<\/li>\n<li>Leiliruumi maht: ~4 inimest<\/li>\n<li>Leiliruumi maht: 6,7 \u043c\u00b3<\/li>\n<li>K\u00fctteaeg: ~1 h<\/li>\n<\/ul>\n<p>&nbsp;<\/p>\n<p>&nbsp;<\/p>\n<p>&nbsp;<\/p>\n<p><strong>Katuse v\u00e4rvid:<\/strong><\/p>\n<p>Pruun, must, roheline<\/p>\n<p><img loading=\"lazy\" decoding=\"async\" class=\"alignnone wp-image-90747\" src=\"https:\/\/factory.sale\/wp-content\/uploads\/2024\/09\/roof-colours-300x91.png\" alt=\"\" width=\"649\" height=\"197\" srcset=\"https:\/\/factory.sale\/wp-content\/uploads\/2024\/09\/roof-colours-300x91.png 300w, https:\/\/factory.sale\/wp-content\/uploads\/2024\/09\/roof-colours-1024x311.png 1024w, https:\/\/factory.sale\/wp-content\/uploads\/2024\/09\/roof-colours-150x46.png 150w, https:\/\/factory.sale\/wp-content\/uploads\/2024\/09\/roof-colours-600x182.png 600w, https:\/\/factory.sale\/wp-content\/uploads\/2024\/09\/roof-colours.png 1330w\" sizes=\"auto, (max-width: 649px) 100vw, 649px\" \/><\/p>\n<p>&nbsp;<\/p>\n<p>&nbsp;<\/p>\n<p><strong>*Sauna hind termopuidust: 2472,50 \u20ac<\/strong><\/p>\n<p>&nbsp;<\/p>\n<p>&nbsp;<\/p>\n<p><b>Transpordi informatsioon:<\/b><\/p>\n<p>Kohaletoimetamine t\u00f5stukiga veoautoga.<\/p>\n","protected":false},"excerpt":{"rendered":"<p>Kogege looduse embust t\u00fcnnisaunas! Sulata stress, t\u00f5sta tuju ja noorenda end meie kaunilt valmistatud t\u00fcnnisaunade soojuses. Kompaktne, hubane ja moderne \u2013 see pole lihtsalt saun \u2013 see on teie isiklik oaas!<\/p>\n<div>\n<p><strong>Ostes Eesti tooteid, saate ainult k\u00f5rgeima kvaliteediga tooted.<\/strong><\/p>\n<p><img loading=\"lazy\" decoding=\"async\" class=\"alignnone wp-image-100903\" src=\"https:\/\/factory.sale\/wp-content\/uploads\/2023\/04\/made-inestonia-3-factory-sale-300x300.webp\" alt=\"Made in Estonia.\" width=\"255\" height=\"255\" srcset=\"https:\/\/factory.sale\/wp-content\/uploads\/2023\/04\/made-inestonia-3-factory-sale-300x300.webp 300w, https:\/\/factory.sale\/wp-content\/uploads\/2023\/04\/made-inestonia-3-factory-sale-1024x1024.webp 1024w, https:\/\/factory.sale\/wp-content\/uploads\/2023\/04\/made-inestonia-3-factory-sale-150x150.webp 150w, https:\/\/factory.sale\/wp-content\/uploads\/2023\/04\/made-inestonia-3-factory-sale-1536x1536.webp 1536w, https:\/\/factory.sale\/wp-content\/uploads\/2023\/04\/made-inestonia-3-factory-sale-600x600.webp 600w, https:\/\/factory.sale\/wp-content\/uploads\/2023\/04\/made-inestonia-3-factory-sale-100x100.webp 100w, https:\/\/factory.sale\/wp-content\/uploads\/2023\/04\/made-inestonia-3-factory-sale.webp 2048w\" sizes=\"auto, (max-width: 255px) 100vw, 255px\" \/><\/p>\n<\/div>\n","protected":false},"featured_media":87467,"comment_status":"open","ping_status":"closed","template":"","meta":{"_acf_changed":false},"factory":[],"free-shipment":[],"product_brand":[],"product_cat":[826,1643,2257],"product_tag":[1648,1483,1908,811,1484],"class_list":{"0":"post-30390","1":"product","2":"type-product","3":"status-publish","4":"has-post-thumbnail","6":"product_cat-saunas-et","7":"product_cat-tunnisaun","8":"product_cat-valisaun","9":"product_tag-barrel-sauna-et","10":"product_tag-garden-et","11":"product_tag-outdoor-sauna-et","12":"product_tag-sauna-et","13":"product_tag-yard-et","15":"first","16":"instock","17":"sale","18":"taxable","19":"shipping-taxable","20":"purchasable","21":"product-type-simple"},"acf":[],"_links":{"self":[{"href":"https:\/\/factory.sale\/et\/wp-json\/wp\/v2\/product\/30390","targetHints":{"allow":["GET"]}}],"collection":[{"href":"https:\/\/factory.sale\/et\/wp-json\/wp\/v2\/product"}],"about":[{"href":"https:\/\/factory.sale\/et\/wp-json\/wp\/v2\/types\/product"}],"replies":[{"embeddable":true,"href":"https:\/\/factory.sale\/et\/wp-json\/wp\/v2\/comments?post=30390"}],"wp:featuredmedia":[{"embeddable":true,"href":"https:\/\/factory.sale\/et\/wp-json\/wp\/v2\/media\/87467"}],"wp:attachment":[{"href":"https:\/\/factory.sale\/et\/wp-json\/wp\/v2\/media?parent=30390"}],"wp:term":[{"taxonomy":"factory","embeddable":true,"href":"https:\/\/factory.sale\/et\/wp-json\/wp\/v2\/factory?post=30390"},{"taxonomy":"free-shipment","embeddable":true,"href":"https:\/\/factory.sale\/et\/wp-json\/wp\/v2\/free-shipment?post=30390"},{"taxonomy":"product_brand","embeddable":true,"href":"https:\/\/factory.sale\/et\/wp-json\/wp\/v2\/product_brand?post=30390"},{"taxonomy":"product_cat","embeddable":true,"href":"https:\/\/factory.sale\/et\/wp-json\/wp\/v2\/product_cat?post=30390"},{"taxonomy":"product_tag","embeddable":true,"href":"https:\/\/factory.sale\/et\/wp-json\/wp\/v2\/product_tag?post=30390"}],"curies":[{"name":"wp","href":"https:\/\/api.w.org\/{rel}","templated":true}]}}