{"id":30342,"date":"2023-07-03T10:41:46","date_gmt":"2023-07-03T10:50:36","guid":{"rendered":"https:\/\/factory.sale\/?post_type=product&#038;p=30342"},"modified":"2024-06-25T11:23:30","modified_gmt":"2024-06-25T11:23:30","slug":"uksega-paviljon-palram-4300-295x430m-hall","status":"publish","type":"product","link":"https:\/\/factory.sale\/et\/toode\/uksega-paviljon-palram-4300-295x430m-hall\/","title":{"rendered":"Uksega paviljon Palram 4300, 295\u00d7430m, hall"},"content":{"rendered":"<p><strong>Tootekood: 6001699<\/strong><\/p>\n<p>&nbsp;<\/p>\n<p>L\u00f5\u00f5gastuge stiilses ustega paviljonis Palram-Canopia Ledro 4300. Ledro vaatetorn on ilmastikukindla konstruktsiooniga ja sobib suurep\u00e4raselt erinevatesse \u00f5uekeskkondadesse. Paviljonil on tugev ja tugevdatud struktuur tugevate ja korrosioonikindlate antratsiithalli pulberv\u00e4rvitud alumiiniumprofiilide ja tsingitud terasest liigenditega.<br \/>\nM\u00f5lemale neljale k\u00fcljele saab paigaldada kaks laia kahekordset l\u00fckandust. Kaks ukseava parandavad ventilatsiooni ja h\u00f5lbustavad l\u00e4bip\u00e4\u00e4su. L\u00fckanduksed on v\u00f5tmega lukustatavad. Praktiliselt purunematud, 100% UV-kaitsega 6 mm k\u00e4rgpol\u00fckarbonaadist katusepaneelid kaitsevad kahjulike UV-kiirte, rahe ja lume eest. Pronksist toonitud paneelid lasevad pilvisel p\u00e4eval loomulikku valgust l\u00e4bi ja pakuvad kuumadel p\u00e4ikesepaistelistel p\u00e4evadel piisavalt varju.<br \/>\nPaviljoni on lihtne \u00fcles panna kahele inimesele. Tarne sisaldab eelpaigaldatud uksi, eelpuuritud profiile ning eell\u00f5igatud paneele ja kruvisid.<\/p>\n<p>&nbsp;<\/p>\n<p><strong>Tooteteave:<\/strong><\/p>\n<ul>\n<li>K\u00f5rgus (cm): 274,5<\/li>\n<li>Laius (cm): 295,5<\/li>\n<li>S\u00fcgavus (cm): 430<\/li>\n<li>Suurus (m x m): 2,95 x 4,3 m<\/li>\n<li>V\u00e4rv: hall<\/li>\n<li>Materjal: alumiinium, pol\u00fckarbonaat, teras<\/li>\n<li>Materjali \u00fcksikasjad: pulberv\u00e4rvitud alumiiniumprofiilid, tsingitud terasest liigendid, pol\u00fckarbonaadist katusepaneelid<\/li>\n<li>Garantiiaeg: 10 aastat<\/li>\n<li>Laepaneelide v\u00e4rvus: pronks<\/li>\n<li>Ukse m\u00f5\u00f5dud: 121 x 203 cm<\/li>\n<li>Pindala: 12,6 m2<\/li>\n<li>Tuuletakistus: 90 km\/h<\/li>\n<li>valguse l\u00e4bilaskvus: 15%<\/li>\n<li>Lumekoormus: 100 kg\/m2<\/li>\n<li>Stiilne tuulutusava<\/li>\n<li>L\u00f6\u00f6gikindlad l\u00e4bipaistvad akr\u00fc\u00fclist seinapaneelid<\/li>\n<li>Sisaldab vihmaveetorusid ja vihmaveetorusid<\/li>\n<li>V\u00f5tmega lukustatavad uksed<\/li>\n<li>Stiilne ja vastupidav konstruktsioon<\/li>\n<\/ul>\n","protected":false},"excerpt":{"rendered":"<p>L\u00f5\u00f5gastuge stiilses ustega paviljonis Palram-Canopia Ledro 4300. Ledro vaatetorn on ilmastikukindla konstruktsiooniga ja sobib suurep\u00e4raselt erinevatesse \u00f5uekeskkondadesse. Paviljonil on tugev ja tugevdatud struktuur tugevate ja korrosioonikindlate antratsiithalli pulberv\u00e4rvitud alumiiniumprofiilide ja tsingitud terasest liigenditega.<\/p>\n","protected":false},"featured_media":30337,"comment_status":"open","ping_status":"closed","template":"","meta":{"_acf_changed":false},"factory":[],"free-shipment":[],"product_brand":[],"product_cat":[924,2356],"product_tag":[1484,2714],"class_list":{"0":"post-30342","1":"product","2":"type-product","3":"status-publish","4":"has-post-thumbnail","6":"product_cat-aiatooted","7":"product_cat-aiarajatised","8":"product_tag-yard-et","9":"product_tag-yard-and-garden-et","11":"first","12":"instock","13":"sale","14":"taxable","15":"shipping-taxable","16":"purchasable","17":"product-type-simple"},"acf":[],"_links":{"self":[{"href":"https:\/\/factory.sale\/et\/wp-json\/wp\/v2\/product\/30342","targetHints":{"allow":["GET"]}}],"collection":[{"href":"https:\/\/factory.sale\/et\/wp-json\/wp\/v2\/product"}],"about":[{"href":"https:\/\/factory.sale\/et\/wp-json\/wp\/v2\/types\/product"}],"replies":[{"embeddable":true,"href":"https:\/\/factory.sale\/et\/wp-json\/wp\/v2\/comments?post=30342"}],"wp:featuredmedia":[{"embeddable":true,"href":"https:\/\/factory.sale\/et\/wp-json\/wp\/v2\/media\/30337"}],"wp:attachment":[{"href":"https:\/\/factory.sale\/et\/wp-json\/wp\/v2\/media?parent=30342"}],"wp:term":[{"taxonomy":"factory","embeddable":true,"href":"https:\/\/factory.sale\/et\/wp-json\/wp\/v2\/factory?post=30342"},{"taxonomy":"free-shipment","embeddable":true,"href":"https:\/\/factory.sale\/et\/wp-json\/wp\/v2\/free-shipment?post=30342"},{"taxonomy":"product_brand","embeddable":true,"href":"https:\/\/factory.sale\/et\/wp-json\/wp\/v2\/product_brand?post=30342"},{"taxonomy":"product_cat","embeddable":true,"href":"https:\/\/factory.sale\/et\/wp-json\/wp\/v2\/product_cat?post=30342"},{"taxonomy":"product_tag","embeddable":true,"href":"https:\/\/factory.sale\/et\/wp-json\/wp\/v2\/product_tag?post=30342"}],"curies":[{"name":"wp","href":"https:\/\/api.w.org\/{rel}","templated":true}]}}