{"id":30297,"date":"2023-07-03T08:24:52","date_gmt":"2023-07-03T08:36:53","guid":{"rendered":"https:\/\/factory.sale\/?post_type=product&#038;p=30297"},"modified":"2024-06-28T17:24:55","modified_gmt":"2024-06-28T17:24:55","slug":"varikatus-terrassile-olympia-3x305","status":"publish","type":"product","link":"https:\/\/factory.sale\/et\/toode\/varikatus-terrassile-olympia-3x305\/","title":{"rendered":"Varikatus terrassile Olympia 3\u00d73,05"},"content":{"rendered":"<p><strong>Tootekood: 6001673<\/strong><\/p>\n<p>&nbsp;<\/p>\n<p>L\u00f5\u00f5gastu ja naudi \u00f5ues olemist Palram-Copy 3\u00d73 meetrise Olympia terrassivarikatuse all. Varikatus on loodud vastu pidama karmidele ilmastikutingimustele, suurele lumekoormusele ja tugevale tuulele. Praktiliselt purunematud 16 mm pol\u00fckarbonaadist k\u00e4rglehest laepaneelid on 100% UV-kaitsega ning blokeerivad kahjulikku UV-kiirgust. Paigaldamine saab toimuda ohutult, kiiresti ja lihtsalt liugustega laepaneelide ja eelpuuritud profiilide abil. Kruvid on tarnega kaasas.<br \/>\nVarikatus on reguleeritava seina\u00fchendusega ja vabalt positsioneeritavate tugevate 8\u00d78 cm esipostidega. Tugev konstruktsioon koosneb tugevatest ja korrosioonikindlatest pulberv\u00e4rvitud alumiiniumprofiilidest ja tsingitud terasest liigenditest. Tarne sisaldab ankurdus- ja jalaplaate, millega saad kinnitada terrassi varikatuse enda valitud platvormile. Integreeritud 50 mm r\u00e4\u00e4stas\u00fcsteem v\u00f5imaldab vihmavett juhtida ja kastmiss\u00fcsteemi koguda. Hooldusvaba varikatus ei roosteta, m\u00e4dane ega purune<\/p>\n<p><strong>Tooteteave:<\/strong><\/p>\n<ul>\n<li>Harja k\u00f5rgus : 305 cm<\/li>\n<li>R\u00e4\u00e4sta k\u00f5rgus : 210 cm<\/li>\n<li>Laius : 307 cm<\/li>\n<li>S\u00fcgavus : 295 cm<\/li>\n<li>Pindala : 9,1 m\u00b2<\/li>\n<li>V\u00e4rv: hall<\/li>\n<li>Materjal: Alumiinium<\/li>\n<li>Pind: Pulberv\u00e4rv<\/li>\n<li>Katuse pindala : 9 m\u00b2<\/li>\n<li>Garantii: 12 aastat<\/li>\n<li>Tuulekindlus: 120 km\/h<\/li>\n<li>Katuse paneelid: Kirgas 61 %<\/li>\n<li>Kaal: 58.3 kg<\/li>\n<li>Liugpaneelid<\/li>\n<li>Sisaldab vihmaveerenne ja torusid<\/li>\n<li>Komplekti kuuluvad ankurdus ja jalaplaadid, millega saate terrassikatuse oma valitud alusele kinnitada.<\/li>\n<\/ul>\n","protected":false},"excerpt":{"rendered":"<p>L\u00f5\u00f5gastu ja naudi \u00f5ues olemist Palram-Copy 3\u00d73 meetrise Olympia terrassivarikatuse all. Varikatus on loodud vastu pidama karmidele ilmastikutingimustele, suurele lumekoormusele ja tugevale tuulele. Praktiliselt purunematud 16 mm pol\u00fckarbonaadist k\u00e4rglehest laepaneelid on 100% UV-kaitsega ning blokeerivad kahjulikku UV-kiirgust. Paigaldamine saab toimuda ohutult, kiiresti ja lihtsalt liugustega laepaneelide ja eelpuuritud profiilide abil. Kruvid on tarnega kaasas.<br \/>\nVarikatus on reguleeritava seina\u00fchendusega ja vabalt positsioneeritavate tugevate 8\u00d78 cm esipostidega. Tugev konstrukt<\/p>\n","protected":false},"featured_media":30292,"comment_status":"open","ping_status":"closed","template":"","meta":{"_acf_changed":false},"factory":[],"free-shipment":[],"product_brand":[],"product_cat":[924,2356],"product_tag":[1931,1483,1484],"class_list":{"0":"post-30297","1":"product","2":"type-product","3":"status-publish","4":"has-post-thumbnail","6":"product_cat-aiatooted","7":"product_cat-aiarajatised","8":"product_tag-canopy-et","9":"product_tag-garden-et","10":"product_tag-yard-et","12":"first","13":"instock","14":"sale","15":"taxable","16":"shipping-taxable","17":"purchasable","18":"product-type-simple"},"acf":[],"_links":{"self":[{"href":"https:\/\/factory.sale\/et\/wp-json\/wp\/v2\/product\/30297","targetHints":{"allow":["GET"]}}],"collection":[{"href":"https:\/\/factory.sale\/et\/wp-json\/wp\/v2\/product"}],"about":[{"href":"https:\/\/factory.sale\/et\/wp-json\/wp\/v2\/types\/product"}],"replies":[{"embeddable":true,"href":"https:\/\/factory.sale\/et\/wp-json\/wp\/v2\/comments?post=30297"}],"wp:featuredmedia":[{"embeddable":true,"href":"https:\/\/factory.sale\/et\/wp-json\/wp\/v2\/media\/30292"}],"wp:attachment":[{"href":"https:\/\/factory.sale\/et\/wp-json\/wp\/v2\/media?parent=30297"}],"wp:term":[{"taxonomy":"factory","embeddable":true,"href":"https:\/\/factory.sale\/et\/wp-json\/wp\/v2\/factory?post=30297"},{"taxonomy":"free-shipment","embeddable":true,"href":"https:\/\/factory.sale\/et\/wp-json\/wp\/v2\/free-shipment?post=30297"},{"taxonomy":"product_brand","embeddable":true,"href":"https:\/\/factory.sale\/et\/wp-json\/wp\/v2\/product_brand?post=30297"},{"taxonomy":"product_cat","embeddable":true,"href":"https:\/\/factory.sale\/et\/wp-json\/wp\/v2\/product_cat?post=30297"},{"taxonomy":"product_tag","embeddable":true,"href":"https:\/\/factory.sale\/et\/wp-json\/wp\/v2\/product_tag?post=30297"}],"curies":[{"name":"wp","href":"https:\/\/api.w.org\/{rel}","templated":true}]}}