{"id":30285,"date":"2023-07-03T08:06:34","date_gmt":"2023-07-03T08:20:59","guid":{"rendered":"https:\/\/factory.sale\/?post_type=product&#038;p=30285"},"modified":"2024-06-26T15:16:37","modified_gmt":"2024-06-26T15:16:37","slug":"varikatuse-kardin-saasevork-palermo","status":"publish","type":"product","link":"https:\/\/factory.sale\/et\/toode\/varikatuse-kardin-saasevork-palermo\/","title":{"rendered":"Varikatuse kardin\/s\u00e4\u00e4sev\u00f5rk Palermo"},"content":{"rendered":"<p><strong>Tooteinfo: 6001680<\/strong><\/p>\n<p>&nbsp;<\/p>\n<p>Palram-Canopia Palermo paviljonidesse sobiv rohekashall putukakardina komplekt sisaldab kardinaid pergola neljale k\u00fcljele. \u00d5hk v\u00f5ib vabalt l\u00e4bi pergola voolata, kuid lukuga kardinad hoiavad putukaid eemal.<\/p>\n<p>&nbsp;<\/p>\n<p>&nbsp;<\/p>\n<p><strong>Tooteteave:<\/strong><\/p>\n<ul>\n<li>Materjal: pol\u00fcester<\/li>\n<li>\u00d5hk v\u00f5ib vabalt l\u00e4bi pergola voolata.<\/li>\n<li>Putukakardinaid saab omavahel \u00fchendada t\u00f5mblukuga, seega pakuvad need t\u00e4iuslikku kaitset putukate eest.<\/li>\n<li>Sobib nii Palermo 3000 ja 3600 kui ka Milano 3000 paviljonidele.<\/li>\n<li>Valmistatud pol\u00fcestrist, mis on v\u00e4ga vastupidav ja kerge materjal.<\/li>\n<li>Kangas on pooll\u00e4bipaistev, kergelt rohekashall ja UV-kaitsega.<\/li>\n<li>Lihtne paigaldada. Pakendis on riputamiseks vajalikud osad ja paigaldusjuhend.<\/li>\n<li>Putukakardinate keskel on \u00fcleval ja all ribad, mille abil on neid lihtne nurkades kindlalt raamipostide k\u00fclge siduda.<\/li>\n<li>Masinpesu k\u00fclmas vees, ilma kloorvalgendita. Tasuta kuivatamine n\u00f6\u00f6riga.<\/li>\n<\/ul>\n","protected":false},"excerpt":{"rendered":"<p>Palram-Canopia Palermo paviljonidesse sobiv rohekashall putukakardina komplekt sisaldab kardinaid pergola neljale k\u00fcljele. \u00d5hk v\u00f5ib vabalt l\u00e4bi pergola voolata, kuid lukuga kardinad hoiavad putukaid eemal.<\/p>\n<p>&nbsp;<\/p>\n","protected":false},"featured_media":30280,"comment_status":"open","ping_status":"closed","template":"","meta":{"_acf_changed":false},"factory":[],"free-shipment":[],"product_brand":[],"product_cat":[924,2356],"product_tag":[],"class_list":{"0":"post-30285","1":"product","2":"type-product","3":"status-publish","4":"has-post-thumbnail","6":"product_cat-aiatooted","7":"product_cat-aiarajatised","9":"first","10":"instock","11":"sale","12":"taxable","13":"shipping-taxable","14":"purchasable","15":"product-type-simple"},"acf":[],"_links":{"self":[{"href":"https:\/\/factory.sale\/et\/wp-json\/wp\/v2\/product\/30285","targetHints":{"allow":["GET"]}}],"collection":[{"href":"https:\/\/factory.sale\/et\/wp-json\/wp\/v2\/product"}],"about":[{"href":"https:\/\/factory.sale\/et\/wp-json\/wp\/v2\/types\/product"}],"replies":[{"embeddable":true,"href":"https:\/\/factory.sale\/et\/wp-json\/wp\/v2\/comments?post=30285"}],"wp:featuredmedia":[{"embeddable":true,"href":"https:\/\/factory.sale\/et\/wp-json\/wp\/v2\/media\/30280"}],"wp:attachment":[{"href":"https:\/\/factory.sale\/et\/wp-json\/wp\/v2\/media?parent=30285"}],"wp:term":[{"taxonomy":"factory","embeddable":true,"href":"https:\/\/factory.sale\/et\/wp-json\/wp\/v2\/factory?post=30285"},{"taxonomy":"free-shipment","embeddable":true,"href":"https:\/\/factory.sale\/et\/wp-json\/wp\/v2\/free-shipment?post=30285"},{"taxonomy":"product_brand","embeddable":true,"href":"https:\/\/factory.sale\/et\/wp-json\/wp\/v2\/product_brand?post=30285"},{"taxonomy":"product_cat","embeddable":true,"href":"https:\/\/factory.sale\/et\/wp-json\/wp\/v2\/product_cat?post=30285"},{"taxonomy":"product_tag","embeddable":true,"href":"https:\/\/factory.sale\/et\/wp-json\/wp\/v2\/product_tag?post=30285"}],"curies":[{"name":"wp","href":"https:\/\/api.w.org\/{rel}","templated":true}]}}