{"id":30256,"date":"2023-06-29T19:09:55","date_gmt":"2023-06-29T19:24:57","guid":{"rendered":"https:\/\/factory.sale\/?post_type=product&#038;p=30256"},"modified":"2024-06-26T20:54:55","modified_gmt":"2024-06-26T20:54:55","slug":"kardinatega-paviljon-sevilla-3x3m-beez","status":"publish","type":"product","link":"https:\/\/factory.sale\/et\/toode\/kardinatega-paviljon-sevilla-3x3m-beez\/","title":{"rendered":"Kardinatega paviljon Sevilla 3x3m, bee\u017e"},"content":{"rendered":"<p><strong>Tootekood: 6001662<\/strong><\/p>\n<p>&nbsp;<\/p>\n<p>Bee\u017e 3\u00d73 m paviljon pakub ideaalset kaitset nii p\u00e4ikese kui tuule eest v\u00e4li\u00fcritustel Toote katus on valmistatud vastupidavast 6 mm paksusest PC-plaatidest, mis kaitseb h\u00e4sti pimestamise ja otsese p\u00e4ikesevalguse kahjulike UV-kiirte eest.<br \/>\nKardinad on valmistatud UV-, vee- ja ilmastikukindlast kvaliteetsest pol\u00fcesterkangast.<br \/>\nPaviljonis on ka kergest ja vastupidavast nailonist valmistatud s\u00e4\u00e4sev\u00f5rgud. Varikatuse pruun alumiiniumraam on pulberv\u00e4rvitud.<br \/>\nVarikatus tuleb aluse k\u00fclge kinnitada. Katus ei ole ette n\u00e4htud kasutamiseks tugeva tuule ja vihmaga.<\/p>\n<p>&nbsp;<\/p>\n<p>&nbsp;<\/p>\n<p><strong>Tooteteave:<\/strong><\/p>\n<ul>\n<li>K\u00f5rgus (cm): 260<\/li>\n<li>Laius (cm): 300<\/li>\n<li>S\u00fcgavus (cm): 300<\/li>\n<li>Suurus (m x m): 3 x 3 m<\/li>\n<li>Toote kaal (kg): 60<\/li>\n<li>V\u00e4rv: bee\u017e<\/li>\n<li>V\u00e4rvi spetsifikatsioon: pruun raam<\/li>\n<li>Materjal: pol\u00fcester<\/li>\n<li>Eelmonteeritud: ei<\/li>\n<\/ul>\n","protected":false},"excerpt":{"rendered":"<p>Bee\u017e 3\u00d73 m paviljon pakub ideaalset kaitset nii p\u00e4ikese kui tuule eest v\u00e4li\u00fcritustel Toote katus on valmistatud vastupidavast 6 mm paksusest PC-plaatidest, mis kaitseb h\u00e4sti pimestamise ja otsese p\u00e4ikesevalguse kahjulike UV-kiirte eest.<br \/>\nKardinad on valmistatud UV-, vee- ja ilmastikukindlast kvaliteetsest pol\u00fcesterkangast.<br \/>\nPaviljonis on ka kergest ja vastupidavast nailonist valmistatud s\u00e4\u00e4sev\u00f5rgud. Varikatuse pruun alumiiniumraam on pulberv\u00e4rvitud.<br \/>\nVarikatus tuleb aluse k\u00fclge kinnitada. Katus ei ole ette n\u00e4htud kasutamiseks tugeva tuule ja vihmaga.<\/p>\n","protected":false},"featured_media":30245,"comment_status":"open","ping_status":"closed","template":"","meta":{"_acf_changed":false},"factory":[],"free-shipment":[],"product_brand":[],"product_cat":[924],"product_tag":[2714],"class_list":{"0":"post-30256","1":"product","2":"type-product","3":"status-publish","4":"has-post-thumbnail","6":"product_cat-aiatooted","7":"product_tag-yard-and-garden-et","9":"first","10":"instock","11":"sale","12":"taxable","13":"shipping-taxable","14":"purchasable","15":"product-type-simple"},"acf":[],"_links":{"self":[{"href":"https:\/\/factory.sale\/et\/wp-json\/wp\/v2\/product\/30256","targetHints":{"allow":["GET"]}}],"collection":[{"href":"https:\/\/factory.sale\/et\/wp-json\/wp\/v2\/product"}],"about":[{"href":"https:\/\/factory.sale\/et\/wp-json\/wp\/v2\/types\/product"}],"replies":[{"embeddable":true,"href":"https:\/\/factory.sale\/et\/wp-json\/wp\/v2\/comments?post=30256"}],"wp:featuredmedia":[{"embeddable":true,"href":"https:\/\/factory.sale\/et\/wp-json\/wp\/v2\/media\/30245"}],"wp:attachment":[{"href":"https:\/\/factory.sale\/et\/wp-json\/wp\/v2\/media?parent=30256"}],"wp:term":[{"taxonomy":"factory","embeddable":true,"href":"https:\/\/factory.sale\/et\/wp-json\/wp\/v2\/factory?post=30256"},{"taxonomy":"free-shipment","embeddable":true,"href":"https:\/\/factory.sale\/et\/wp-json\/wp\/v2\/free-shipment?post=30256"},{"taxonomy":"product_brand","embeddable":true,"href":"https:\/\/factory.sale\/et\/wp-json\/wp\/v2\/product_brand?post=30256"},{"taxonomy":"product_cat","embeddable":true,"href":"https:\/\/factory.sale\/et\/wp-json\/wp\/v2\/product_cat?post=30256"},{"taxonomy":"product_tag","embeddable":true,"href":"https:\/\/factory.sale\/et\/wp-json\/wp\/v2\/product_tag?post=30256"}],"curies":[{"name":"wp","href":"https:\/\/api.w.org\/{rel}","templated":true}]}}