{"id":30098,"date":"2023-06-27T20:48:31","date_gmt":"2023-06-28T07:13:41","guid":{"rendered":"https:\/\/factory.sale\/?post_type=product&#038;p=30098"},"modified":"2024-06-27T18:52:35","modified_gmt":"2024-06-27T18:52:35","slug":"seljatoega-valipink-vilnius","status":"publish","type":"product","link":"https:\/\/factory.sale\/et\/toode\/seljatoega-valipink-vilnius\/","title":{"rendered":"Seljatoega v\u00e4lipink Vilnius"},"content":{"rendered":"<p>Vaadake oma kodus v\u00f5i linnas ringi ja on t\u00f5en\u00e4oline, et n\u00e4ete v\u00e4hemalt \u00fchte pinki. See v\u00e4ikese arhitektuuri element, mida iseloomustab k\u00f5rge funktsionaalsus, sobib nii era- kui ka avalikuks infrastruktuuriks.<\/p>\n<p>&nbsp;<\/p>\n<p>&nbsp;<\/p>\n<p><strong>Tooteteave:<\/strong><\/p>\n<ul>\n<li>M\u00f5\u00f5dud: 2000 x 570 x 870 h mm<\/li>\n<li>Jalad on valmistatud tsingitud ja pulberv\u00e4rvitud terasest<\/li>\n<li>Metall: paksus 6 mm<\/li>\n<li>Puit: troopiline lehtpuu<\/li>\n<li>Kaks jalga<\/li>\n<li>Tahvli m\u00f5\u00f5dud: 2000 x 190 x 35 h mm<\/li>\n<li>Istumisosa: 2 lauda<\/li>\n<li>Seljatugi: 1 laud<\/li>\n<li>Jalad on v\u00e4rvitud RAL7022 MATT<\/li>\n<li>Puit: \u00f5litatud<\/li>\n<li>Kinnitamine ankurdamisega<\/li>\n<\/ul>\n","protected":false},"excerpt":{"rendered":"<p>Vaadake oma kodus v\u00f5i linnas ringi ja on t\u00f5en\u00e4oline, et n\u00e4ete v\u00e4hemalt \u00fchte pinki. See v\u00e4ikese arhitektuuri element, mida iseloomustab k\u00f5rge funktsionaalsus, sobib nii era- kui ka avalikuks infrastruktuuriks.<\/p>\n","protected":false},"featured_media":30088,"comment_status":"open","ping_status":"closed","template":"","meta":{"_acf_changed":false},"factory":[],"free-shipment":[],"product_brand":[],"product_cat":[1100,1114],"product_tag":[4478,4460],"class_list":{"0":"post-30098","1":"product","2":"type-product","3":"status-publish","4":"has-post-thumbnail","6":"product_cat-linnamoobel","7":"product_cat-pingid","8":"product_tag-benches-et","9":"product_tag-urban-furniture-et","11":"first","12":"instock","13":"sale","14":"taxable","15":"shipping-taxable","16":"purchasable","17":"product-type-simple"},"acf":[],"_links":{"self":[{"href":"https:\/\/factory.sale\/et\/wp-json\/wp\/v2\/product\/30098","targetHints":{"allow":["GET"]}}],"collection":[{"href":"https:\/\/factory.sale\/et\/wp-json\/wp\/v2\/product"}],"about":[{"href":"https:\/\/factory.sale\/et\/wp-json\/wp\/v2\/types\/product"}],"replies":[{"embeddable":true,"href":"https:\/\/factory.sale\/et\/wp-json\/wp\/v2\/comments?post=30098"}],"wp:featuredmedia":[{"embeddable":true,"href":"https:\/\/factory.sale\/et\/wp-json\/wp\/v2\/media\/30088"}],"wp:attachment":[{"href":"https:\/\/factory.sale\/et\/wp-json\/wp\/v2\/media?parent=30098"}],"wp:term":[{"taxonomy":"factory","embeddable":true,"href":"https:\/\/factory.sale\/et\/wp-json\/wp\/v2\/factory?post=30098"},{"taxonomy":"free-shipment","embeddable":true,"href":"https:\/\/factory.sale\/et\/wp-json\/wp\/v2\/free-shipment?post=30098"},{"taxonomy":"product_brand","embeddable":true,"href":"https:\/\/factory.sale\/et\/wp-json\/wp\/v2\/product_brand?post=30098"},{"taxonomy":"product_cat","embeddable":true,"href":"https:\/\/factory.sale\/et\/wp-json\/wp\/v2\/product_cat?post=30098"},{"taxonomy":"product_tag","embeddable":true,"href":"https:\/\/factory.sale\/et\/wp-json\/wp\/v2\/product_tag?post=30098"}],"curies":[{"name":"wp","href":"https:\/\/api.w.org\/{rel}","templated":true}]}}