{"id":29975,"date":"2023-06-26T21:18:35","date_gmt":"2023-06-26T21:23:32","guid":{"rendered":"https:\/\/factory.sale\/?post_type=product&#038;p=29975"},"modified":"2024-07-17T04:35:07","modified_gmt":"2024-07-17T01:35:07","slug":"ergostand-sulearvuti-alumiiniumist-alus","status":"publish","type":"product","link":"https:\/\/factory.sale\/et\/toode\/ergostand-sulearvuti-alumiiniumist-alus\/","title":{"rendered":"Ergostand s\u00fclearvuti alumiiniumist alus"},"content":{"rendered":"<p><strong>Tootekood: 6005<\/strong><br \/>\n<strong>EAN: 7350052980670<\/strong><\/p>\n<p>&nbsp;<\/p>\n<p>Ergostand on k\u00e4ep\u00e4rane p\u00f6\u00f6rleva alusega s\u00fclearvutialus (ei kriimusta lauda).<\/p>\n<p>&nbsp;<\/p>\n<p><strong>Tooteteave:<\/strong><\/p>\n<ul>\n<li>M\u00f5\u00f5dud: 306 mm x 240 mm x 12,5 mm<\/li>\n<li>Kaal: 0,62 kg<\/li>\n<li>Reguleeritav 7 erineva kaldega<\/li>\n<li>Mahub h\u00e4sti s\u00fclearvuti kotti<\/li>\n<li>Lihtne seada 20-45 kraadise nurga alla<\/li>\n<li>Materjal: alumiinium<\/li>\n<li>Kaal: 0,62 kg (tehasepakendiga 0,84 kg)<\/li>\n<li>M\u00f5\u00f5dud 30,6 cm laius x 24 cm s\u00fcgavus x 9 mm k\u00f5rgus (kokkuvoldituna)<\/li>\n<\/ul>\n","protected":false},"excerpt":{"rendered":"<p>Ergostand on k\u00e4ep\u00e4rane p\u00f6\u00f6rleva alusega s\u00fclearvutialus (ei kriimusta lauda).<\/p>\n","protected":false},"featured_media":29969,"comment_status":"open","ping_status":"closed","template":"","meta":{"_acf_changed":false},"factory":[],"free-shipment":[],"product_brand":[],"product_cat":[2490,714],"product_tag":[],"class_list":{"0":"post-29975","1":"product","2":"type-product","3":"status-publish","4":"has-post-thumbnail","6":"product_cat-ergonoomia","7":"product_cat-moobel","9":"first","10":"instock","11":"sale","12":"taxable","13":"shipping-taxable","14":"purchasable","15":"product-type-simple"},"acf":[],"_links":{"self":[{"href":"https:\/\/factory.sale\/et\/wp-json\/wp\/v2\/product\/29975","targetHints":{"allow":["GET"]}}],"collection":[{"href":"https:\/\/factory.sale\/et\/wp-json\/wp\/v2\/product"}],"about":[{"href":"https:\/\/factory.sale\/et\/wp-json\/wp\/v2\/types\/product"}],"replies":[{"embeddable":true,"href":"https:\/\/factory.sale\/et\/wp-json\/wp\/v2\/comments?post=29975"}],"wp:featuredmedia":[{"embeddable":true,"href":"https:\/\/factory.sale\/et\/wp-json\/wp\/v2\/media\/29969"}],"wp:attachment":[{"href":"https:\/\/factory.sale\/et\/wp-json\/wp\/v2\/media?parent=29975"}],"wp:term":[{"taxonomy":"factory","embeddable":true,"href":"https:\/\/factory.sale\/et\/wp-json\/wp\/v2\/factory?post=29975"},{"taxonomy":"free-shipment","embeddable":true,"href":"https:\/\/factory.sale\/et\/wp-json\/wp\/v2\/free-shipment?post=29975"},{"taxonomy":"product_brand","embeddable":true,"href":"https:\/\/factory.sale\/et\/wp-json\/wp\/v2\/product_brand?post=29975"},{"taxonomy":"product_cat","embeddable":true,"href":"https:\/\/factory.sale\/et\/wp-json\/wp\/v2\/product_cat?post=29975"},{"taxonomy":"product_tag","embeddable":true,"href":"https:\/\/factory.sale\/et\/wp-json\/wp\/v2\/product_tag?post=29975"}],"curies":[{"name":"wp","href":"https:\/\/api.w.org\/{rel}","templated":true}]}}