{"id":29962,"date":"2023-06-26T20:54:42","date_gmt":"2023-06-26T21:11:54","guid":{"rendered":"https:\/\/factory.sale\/?post_type=product&#038;p=29962"},"modified":"2024-06-29T11:14:35","modified_gmt":"2024-06-29T11:14:35","slug":"spider-sulearvuti-tahvelarvuti-alus","status":"publish","type":"product","link":"https:\/\/factory.sale\/et\/toode\/spider-sulearvuti-tahvelarvuti-alus\/","title":{"rendered":"Spider s\u00fclearvuti\/tahvelarvuti alus"},"content":{"rendered":"<p><strong>SKU: 4106-BL (must)<\/strong><br \/>\n<strong>EAN: 6430054933759<\/strong><\/p>\n<p><strong>SKU: 4106-WH (valge)<\/strong><br \/>\n<strong>EAN: 6430054933766<\/strong><\/p>\n<p>&nbsp;<\/p>\n<p>Spider alus s\u00fclearvuti\/tahvelarvuti alus. Spider alus t\u00f5stab s\u00fclearvuti lauapinnalt \u00fcles, pakkudes ruumi ventilatsiooniks ja on vastupidav. T\u00e4nu aluse astmeteta nurga reguleerimisele saab arvuti t\u00f5sta p\u00fcstisemasse asendisse, parandades visuaalset ergonoomikat. Spider alust on lihtne oma kohale lukustada. Lihtne kokku panna, v\u00f5tab arvutikorpuses v\u00f5i seljakotis v\u00e4he ruumi.<\/p>\n<p>&nbsp;<\/p>\n<p><strong>Tooteteave:<\/strong><\/p>\n<ul>\n<li>Kaasas hoiukott<\/li>\n<li>Maksimaalne kaal 8 kg<\/li>\n<li>Valmistatud ABS-plastiga kaetud alumiiniumist<\/li>\n<li>Toote kaal 250 g<\/li>\n<li>Garantii 1 aasta<\/li>\n<li>V\u00e4rvus: valge, must<\/li>\n<\/ul>\n","protected":false},"excerpt":{"rendered":"<p>Spider alus s\u00fclearvuti\/tahvelarvuti alus. Spider alus t\u00f5stab s\u00fclearvuti lauapinnalt \u00fcles, pakkudes ruumi ventilatsiooniks ja on vastupidav. T\u00e4nu aluse astmeteta nurga reguleerimisele saab arvuti t\u00f5sta p\u00fcstisemasse asendisse, parandades visuaalset ergonoomikat. Spider alust on lihtne oma kohale lukustada. Lihtne kokku panna, v\u00f5tab arvutikorpuses v\u00f5i seljakotis v\u00e4he ruumi.<\/p>\n","protected":false},"featured_media":29950,"comment_status":"open","ping_status":"closed","template":"","meta":{"_acf_changed":false},"factory":[],"free-shipment":[],"product_brand":[],"product_cat":[2490,714],"product_tag":[],"class_list":{"0":"post-29962","1":"product","2":"type-product","3":"status-publish","4":"has-post-thumbnail","6":"product_cat-ergonoomia","7":"product_cat-moobel","9":"first","10":"instock","11":"sale","12":"taxable","13":"shipping-taxable","14":"purchasable","15":"product-type-simple"},"acf":[],"_links":{"self":[{"href":"https:\/\/factory.sale\/et\/wp-json\/wp\/v2\/product\/29962","targetHints":{"allow":["GET"]}}],"collection":[{"href":"https:\/\/factory.sale\/et\/wp-json\/wp\/v2\/product"}],"about":[{"href":"https:\/\/factory.sale\/et\/wp-json\/wp\/v2\/types\/product"}],"replies":[{"embeddable":true,"href":"https:\/\/factory.sale\/et\/wp-json\/wp\/v2\/comments?post=29962"}],"wp:featuredmedia":[{"embeddable":true,"href":"https:\/\/factory.sale\/et\/wp-json\/wp\/v2\/media\/29950"}],"wp:attachment":[{"href":"https:\/\/factory.sale\/et\/wp-json\/wp\/v2\/media?parent=29962"}],"wp:term":[{"taxonomy":"factory","embeddable":true,"href":"https:\/\/factory.sale\/et\/wp-json\/wp\/v2\/factory?post=29962"},{"taxonomy":"free-shipment","embeddable":true,"href":"https:\/\/factory.sale\/et\/wp-json\/wp\/v2\/free-shipment?post=29962"},{"taxonomy":"product_brand","embeddable":true,"href":"https:\/\/factory.sale\/et\/wp-json\/wp\/v2\/product_brand?post=29962"},{"taxonomy":"product_cat","embeddable":true,"href":"https:\/\/factory.sale\/et\/wp-json\/wp\/v2\/product_cat?post=29962"},{"taxonomy":"product_tag","embeddable":true,"href":"https:\/\/factory.sale\/et\/wp-json\/wp\/v2\/product_tag?post=29962"}],"curies":[{"name":"wp","href":"https:\/\/api.w.org\/{rel}","templated":true}]}}