{"id":29940,"date":"2023-06-26T20:27:49","date_gmt":"2023-06-26T20:40:42","guid":{"rendered":"https:\/\/factory.sale\/?post_type=product&#038;p=29940"},"modified":"2024-06-27T04:56:34","modified_gmt":"2024-06-27T04:56:34","slug":"lapsteri-sulearvuti-alus-tammespoon","status":"publish","type":"product","link":"https:\/\/factory.sale\/et\/toode\/lapsteri-sulearvuti-alus-tammespoon\/","title":{"rendered":"L\u00e4psteri s\u00fclearvuti alus, tammespoon"},"content":{"rendered":"<p><strong>SKU: 3132<\/strong><br \/>\n<strong>EAN: 6430054933049<\/strong><\/p>\n<p>&nbsp;<\/p>\n<p>L\u00e4pster s\u00fclearvutialus on suurep\u00e4rane valik kodu- ja kontorit\u00f6\u00f6ks. Seda saab kasutada ka erinevates \u00f5pikeskkondades ja koost\u00f6\u00f6ruumides. L\u00e4psteriga saate vaheldust traditsioonilises lauat\u00f6\u00f6s ja saate t\u00f6\u00f6tada ergonoomilisemalt n\u00e4iteks tugitoolis v\u00f5i diivanil.<br \/>\nToode on t\u00f5eliselt kerge ja seet\u00f5ttu lihtne liigutada. Kuidas tunduks t\u00f6\u00f6tamine terrassil, rongis v\u00f5i isegi pargis? L\u00e4pster teeb v\u00f5imalikuks! Toodet saab kasutada ka koopiahoidjana.<br \/>\nL\u00e4psteri s\u00fclearvutialus on valmistatud t\u00e4ielikult Soomes, alates valmistamisest kuni tooraineni. S\u00fclearvuti aluse kate on valmistatud Soome t\u00e4islaminaadist ja on saadaval valge v\u00f5i tammespooniga. Katte all on kolmnurkne ruum. Ruumi saate kasutada n\u00e4iteks laadija v\u00f5i s\u00fclearvuti hoidmiseks. Tumehall p\u00f5hi on taaskasutatud pudelikorkidest valmistatud vilditaoline materjal. Elegantsusest, kvaliteetsest viimistlusest ja kvaliteetsetest materjalidest \u00f5hkub soome rahvuslikkust ja pikaajalist kasutust.<\/p>\n<p>&nbsp;<\/p>\n<p><strong>Tooteteave:<\/strong><\/p>\n<ul>\n<li>Esiserva k\u00f5rgus: 35 mm<\/li>\n<li>Tagumise serva k\u00f5rgus: 85 mm<\/li>\n<li>Laius: 360 mm<\/li>\n<li>S\u00fcgavus: 294,8 mm (lukustuse vaheline s\u00fcgavus 256 mm)<\/li>\n<li>Kaalupiirang: 7 kg<\/li>\n<li>Kaal: 1,3 kg \/ Pakendiga 1,5 kg<\/li>\n<li>Garantii: 2 aastat<\/li>\n<\/ul>\n","protected":false},"excerpt":{"rendered":"<p>L\u00e4pster s\u00fclearvutialus on suurep\u00e4rane valik kodu- ja kontorit\u00f6\u00f6ks. Seda saab kasutada ka erinevates \u00f5pikeskkondades ja koost\u00f6\u00f6ruumides. L\u00e4psteriga saate vaheldust traditsioonilises lauat\u00f6\u00f6s ja saate t\u00f6\u00f6tada ergonoomilisemalt n\u00e4iteks tugitoolis v\u00f5i diivanil.<br \/>\nToode on t\u00f5eliselt kerge ja seet\u00f5ttu lihtne liigutada. Kuidas tunduks t\u00f6\u00f6tamine terrassil, rongis v\u00f5i isegi pargis? L\u00e4pster teeb v\u00f5imalikuks! Toodet saab kasutada ka koopiahoidjana.<\/p>\n","protected":false},"featured_media":29932,"comment_status":"open","ping_status":"closed","template":"","meta":{"_acf_changed":false},"factory":[],"free-shipment":[],"product_brand":[],"product_cat":[2489,713],"product_tag":[],"class_list":{"0":"post-29940","1":"product","2":"type-product","3":"status-publish","4":"has-post-thumbnail","6":"product_cat-ergonomics-2","7":"product_cat-furniture-2","9":"first","10":"instock","11":"sale","12":"taxable","13":"shipping-taxable","14":"purchasable","15":"product-type-simple"},"acf":[],"_links":{"self":[{"href":"https:\/\/factory.sale\/et\/wp-json\/wp\/v2\/product\/29940","targetHints":{"allow":["GET"]}}],"collection":[{"href":"https:\/\/factory.sale\/et\/wp-json\/wp\/v2\/product"}],"about":[{"href":"https:\/\/factory.sale\/et\/wp-json\/wp\/v2\/types\/product"}],"replies":[{"embeddable":true,"href":"https:\/\/factory.sale\/et\/wp-json\/wp\/v2\/comments?post=29940"}],"wp:featuredmedia":[{"embeddable":true,"href":"https:\/\/factory.sale\/et\/wp-json\/wp\/v2\/media\/29932"}],"wp:attachment":[{"href":"https:\/\/factory.sale\/et\/wp-json\/wp\/v2\/media?parent=29940"}],"wp:term":[{"taxonomy":"factory","embeddable":true,"href":"https:\/\/factory.sale\/et\/wp-json\/wp\/v2\/factory?post=29940"},{"taxonomy":"free-shipment","embeddable":true,"href":"https:\/\/factory.sale\/et\/wp-json\/wp\/v2\/free-shipment?post=29940"},{"taxonomy":"product_brand","embeddable":true,"href":"https:\/\/factory.sale\/et\/wp-json\/wp\/v2\/product_brand?post=29940"},{"taxonomy":"product_cat","embeddable":true,"href":"https:\/\/factory.sale\/et\/wp-json\/wp\/v2\/product_cat?post=29940"},{"taxonomy":"product_tag","embeddable":true,"href":"https:\/\/factory.sale\/et\/wp-json\/wp\/v2\/product_tag?post=29940"}],"curies":[{"name":"wp","href":"https:\/\/api.w.org\/{rel}","templated":true}]}}