{"id":29904,"date":"2023-06-26T08:29:58","date_gmt":"2023-06-26T18:59:45","guid":{"rendered":"https:\/\/factory.sale\/?post_type=product&#038;p=29904"},"modified":"2024-06-29T12:01:02","modified_gmt":"2024-06-29T12:01:02","slug":"istu-seisa-tool","status":"publish","type":"product","link":"https:\/\/factory.sale\/et\/toode\/istu-seisa-tool\/","title":{"rendered":"Istu\/seisa tool"},"content":{"rendered":"<p><strong>Tootekood: 2703<\/strong><br \/>\n<strong>EAN: 6430054933278<\/strong><\/p>\n<p>Istumis-\/seisutool sobib igas k\u00f5rguses t\u00f6\u00f6kohtadele. Vett ja mustust h\u00fclgav pol\u00fcuretaankonstruktsioon muudab tooli ideaalseks n\u00f5udlikes, nt t\u00f6\u00f6stusruumides, aga ka staatiliselt tundlikes piirkondades. Iste on vastupidav ja mugav istuda. Tool tarnitakse nii libisevate tihvtide kui ka ratastega, et see toimiks igas ruumis ja igas vajaduses.<\/p>\n<p>&nbsp;<\/p>\n<p><strong>Omadused:<\/strong><\/p>\n<ul>\n<li>Gaasvedru k\u00f5rguse reguleerimine<\/li>\n<li>Istme kalde reguleerimine<\/li>\n<li>ainulaadne istme kuju \u2013 loodud nii, et oleks mugav ka pikemal istumisel<\/li>\n<\/ul>\n<p>&nbsp;<\/p>\n<p><strong>Tooteteave:<\/strong><\/p>\n<ul>\n<li>Musta vormitud pol\u00fcuretaanist iste.<\/li>\n<li>Vastupidav must ristjalg<\/li>\n<li>Kaasas nii rattad kui ka liugpoldid<\/li>\n<li>2-aastane piiratud garantii<\/li>\n<li>Maksimaalne kaalupiirang 110 kg<\/li>\n<li>K\u00f5rgus reguleeritav 72-98 cm<\/li>\n<li>istme laius: 34 cm<\/li>\n<li>istme s\u00fcgavus 36 cm<\/li>\n<li>seljatoe k\u00f5rgus 13 cm<\/li>\n<li>Istme k\u00f5rgus p\u00f5randast 59-85 cm<\/li>\n<li>v\u00f5re l\u00e4bim\u00f5\u00f5t 58 cm<\/li>\n<\/ul>\n","protected":false},"excerpt":{"rendered":"<p>Istumis-\/seisutool sobib igas k\u00f5rguses t\u00f6\u00f6kohtadele. Vett ja mustust h\u00fclgav pol\u00fcuretaankonstruktsioon muudab tooli ideaalseks n\u00f5udlikes, nt t\u00f6\u00f6stusruumides, aga ka staatiliselt tundlikes piirkondades. Iste on vastupidav ja mugav istuda. Tool tarnitakse nii libisevate tihvtide kui ka ratastega, et see toimiks igas ruumis ja igas vajaduses.<\/p>\n","protected":false},"featured_media":29896,"comment_status":"open","ping_status":"closed","template":"","meta":{"_acf_changed":false},"factory":[],"free-shipment":[],"product_brand":[],"product_cat":[2490,714],"product_tag":[],"class_list":{"0":"post-29904","1":"product","2":"type-product","3":"status-publish","4":"has-post-thumbnail","6":"product_cat-ergonoomia","7":"product_cat-moobel","9":"first","10":"instock","11":"sale","12":"taxable","13":"shipping-taxable","14":"purchasable","15":"product-type-simple"},"acf":[],"_links":{"self":[{"href":"https:\/\/factory.sale\/et\/wp-json\/wp\/v2\/product\/29904","targetHints":{"allow":["GET"]}}],"collection":[{"href":"https:\/\/factory.sale\/et\/wp-json\/wp\/v2\/product"}],"about":[{"href":"https:\/\/factory.sale\/et\/wp-json\/wp\/v2\/types\/product"}],"replies":[{"embeddable":true,"href":"https:\/\/factory.sale\/et\/wp-json\/wp\/v2\/comments?post=29904"}],"wp:featuredmedia":[{"embeddable":true,"href":"https:\/\/factory.sale\/et\/wp-json\/wp\/v2\/media\/29896"}],"wp:attachment":[{"href":"https:\/\/factory.sale\/et\/wp-json\/wp\/v2\/media?parent=29904"}],"wp:term":[{"taxonomy":"factory","embeddable":true,"href":"https:\/\/factory.sale\/et\/wp-json\/wp\/v2\/factory?post=29904"},{"taxonomy":"free-shipment","embeddable":true,"href":"https:\/\/factory.sale\/et\/wp-json\/wp\/v2\/free-shipment?post=29904"},{"taxonomy":"product_brand","embeddable":true,"href":"https:\/\/factory.sale\/et\/wp-json\/wp\/v2\/product_brand?post=29904"},{"taxonomy":"product_cat","embeddable":true,"href":"https:\/\/factory.sale\/et\/wp-json\/wp\/v2\/product_cat?post=29904"},{"taxonomy":"product_tag","embeddable":true,"href":"https:\/\/factory.sale\/et\/wp-json\/wp\/v2\/product_tag?post=29904"}],"curies":[{"name":"wp","href":"https:\/\/api.w.org\/{rel}","templated":true}]}}