{"id":29888,"date":"2023-06-26T08:17:51","date_gmt":"2023-06-26T08:23:14","guid":{"rendered":"https:\/\/factory.sale\/?post_type=product&#038;p=29888"},"modified":"2024-06-27T14:14:13","modified_gmt":"2024-06-27T14:14:13","slug":"tool-monika-soft-thermo","status":"publish","type":"product","link":"https:\/\/factory.sale\/et\/toode\/tool-monika-soft-thermo\/","title":{"rendered":"Tool Monika SOFT thermo"},"content":{"rendered":"<p><strong>Tootekood: 7018<\/strong><br \/>\n<strong>EAN: 6430054930086<\/strong><\/p>\n<p>&nbsp;<\/p>\n<p>&nbsp;<\/p>\n<p>Monika tooli \u00fcmar kuju ja mugav pehme iste muudavad sellel istumise ja kasutamise mugavaks. Tooli struktuur on kompaktne ning istmeosa \u00fcmar kuju teeb toolil istumise lihtsamaks. Monika tooli iste on kaetud vastupidava kangaga ning polsterdus on valmistatud termopehmendusest. Toolil on v\u00e4ike alumiiniumist alus ja kvaliteetsed rattad, mis muudab selles liikumise vaevatuks ja kergeks \u00fchest kohast teise liikumise. Tooli v\u00f5ib nimetada &#8220;tooliks igaks elujuhtumiks&#8221;.<\/p>\n<p>Monika tooli saab tellida ka pikema L- v\u00f5i l\u00fchema S-vedruga.<\/p>\n<p>&nbsp;<\/p>\n<p><strong>Tooteteave:<\/strong><\/p>\n<ul>\n<li>Istme k\u00f5rgus standardvedruga 44 cm &#8211; 68 cm<\/li>\n<li>Kangast polster<\/li>\n<li>V\u00e4rv: must<\/li>\n<li>Kanga vastupidavus: 100 000 martindali<\/li>\n<li>Alus 50 cm, istme k\u00f5rgus 44 &#8211; 68 cm<\/li>\n<\/ul>\n","protected":false},"excerpt":{"rendered":"<p>Monika tooli \u00fcmar kuju ja mugav pehme iste muudavad sellel istumise ja kasutamise mugavaks. Tooli struktuur on kompaktne ning istmeosa \u00fcmar kuju teeb toolil istumise lihtsamaks. Monika tooli iste on kaetud vastupidava kangaga ning polsterdus on valmistatud termopehmendusest. Toolil on v\u00e4ike alumiiniumist alus ja kvaliteetsed rattad, mis muudab selles liikumise vaevatuks ja kergeks \u00fchest kohast teise liikumise. Tooli v\u00f5ib nimetada &#8220;tooliks igaks elujuhtumiks&#8221;.<\/p>\n","protected":false},"featured_media":29886,"comment_status":"open","ping_status":"closed","template":"","meta":{"_acf_changed":false},"factory":[],"free-shipment":[],"product_brand":[],"product_cat":[2490,714],"product_tag":[],"class_list":{"0":"post-29888","1":"product","2":"type-product","3":"status-publish","4":"has-post-thumbnail","6":"product_cat-ergonoomia","7":"product_cat-moobel","9":"first","10":"instock","11":"sale","12":"taxable","13":"shipping-taxable","14":"purchasable","15":"product-type-simple"},"acf":[],"_links":{"self":[{"href":"https:\/\/factory.sale\/et\/wp-json\/wp\/v2\/product\/29888","targetHints":{"allow":["GET"]}}],"collection":[{"href":"https:\/\/factory.sale\/et\/wp-json\/wp\/v2\/product"}],"about":[{"href":"https:\/\/factory.sale\/et\/wp-json\/wp\/v2\/types\/product"}],"replies":[{"embeddable":true,"href":"https:\/\/factory.sale\/et\/wp-json\/wp\/v2\/comments?post=29888"}],"wp:featuredmedia":[{"embeddable":true,"href":"https:\/\/factory.sale\/et\/wp-json\/wp\/v2\/media\/29886"}],"wp:attachment":[{"href":"https:\/\/factory.sale\/et\/wp-json\/wp\/v2\/media?parent=29888"}],"wp:term":[{"taxonomy":"factory","embeddable":true,"href":"https:\/\/factory.sale\/et\/wp-json\/wp\/v2\/factory?post=29888"},{"taxonomy":"free-shipment","embeddable":true,"href":"https:\/\/factory.sale\/et\/wp-json\/wp\/v2\/free-shipment?post=29888"},{"taxonomy":"product_brand","embeddable":true,"href":"https:\/\/factory.sale\/et\/wp-json\/wp\/v2\/product_brand?post=29888"},{"taxonomy":"product_cat","embeddable":true,"href":"https:\/\/factory.sale\/et\/wp-json\/wp\/v2\/product_cat?post=29888"},{"taxonomy":"product_tag","embeddable":true,"href":"https:\/\/factory.sale\/et\/wp-json\/wp\/v2\/product_tag?post=29888"}],"curies":[{"name":"wp","href":"https:\/\/api.w.org\/{rel}","templated":true}]}}