{"id":29879,"date":"2023-06-26T07:59:41","date_gmt":"2023-06-26T08:12:16","guid":{"rendered":"https:\/\/factory.sale\/?post_type=product&#038;p=29879"},"modified":"2024-06-27T22:06:00","modified_gmt":"2024-06-27T22:06:00","slug":"tool-bermuda-pehme-polsterdusega","status":"publish","type":"product","link":"https:\/\/factory.sale\/et\/toode\/tool-bermuda-pehme-polsterdusega\/","title":{"rendered":"Tool Bermuda pehme polsterdusega"},"content":{"rendered":"<p><strong>Bermuda tool Pehme polsterdus<\/strong><br \/>\n<strong>SKU: 7025 (must)<\/strong><br \/>\n<strong>EAN: 6430054930826<\/strong><\/p>\n<p>&nbsp;<\/p>\n<p><strong>SKU: 7025P (punane)<\/strong><\/p>\n<p><strong>ENA: 6430054930154<\/strong><\/p>\n<p>&nbsp;<\/p>\n<p><strong>SKU: 7025G (kunstnahk)<\/strong><\/p>\n<p><strong>EAN: 6430054930147<\/strong><\/p>\n<p>&nbsp;<\/p>\n<p>Bermuda tooli on lihtne kasutada ja sellel on mugav istuda. Tooli struktuur on kompaktne ning istmeosa kolmnurkne disain teeb toolil istumise lihtsamaks. Kolmnurkne iste juhib selja loomulikku asendisse. Bermuda tooli iste on kaetud vastupidava kangaga ja polsterdatud termopolsterdusega. Toolil on v\u00e4ike alumiiniumist alus ja kvaliteetsed rattad, mis muudab selle istudes h\u00f5lpsasti liigutatavaks ja kergeks \u00fchest kohast teise liikumise. Tooli v\u00f5ib nimetada &#8220;Tool igaks elujuhtumiks&#8221;.<\/p>\n<p>Bermuda tooli saab tellida ka pikema L-vedruga ja l\u00fchema S-vedruga.<\/p>\n<p>&nbsp;<\/p>\n<p><strong>Tooteteave:<\/strong><\/p>\n<ul>\n<li>Tooli istmek\u00f5rgus on standardvedruga: 55 cm -75 cm<\/li>\n<li>Istmeosa m\u00f5\u00f5dud: 340 mm x 380 mm<\/li>\n<li>Bermuda tool on kolmnurkne<\/li>\n<li>Alus: 50 cm<\/li>\n<li>Iste: kangas<\/li>\n<li>Kangas: v\u00e4rvus must<\/li>\n<li>Kanga vastupidavus: 100 000 Martindale\u2019i<\/li>\n<\/ul>\n<p><strong>Lisaks saab eraldi tellida:<\/strong><\/p>\n<ul>\n<li>jalatugi (tootekood: 7080)<\/li>\n<li>jala reguleerimine (tootekood: 7090)<\/li>\n<\/ul>\n","protected":false},"excerpt":{"rendered":"<p>Bermuda tooli on lihtne kasutada ja sellel on mugav istuda. Tooli struktuur on kompaktne ning istmeosa kolmnurkne disain teeb toolil istumise lihtsamaks. Kolmnurkne iste juhib selja loomulikku asendisse. Bermuda tooli iste on kaetud vastupidava kangaga ja polsterdatud termopolsterdusega. Toolil on v\u00e4ike alumiiniumist alus ja kvaliteetsed rattad, mis muudab selle istudes h\u00f5lpsasti liigutatavaks ja kergeks \u00fchest kohast teise liikumise. Tooli v\u00f5ib nimetada &#8220;Tool igaks elujuhtumiks&#8221;.<\/p>\n","protected":false},"featured_media":29871,"comment_status":"open","ping_status":"closed","template":"","meta":{"_acf_changed":false},"factory":[],"free-shipment":[],"product_brand":[],"product_cat":[2490,714],"product_tag":[],"class_list":{"0":"post-29879","1":"product","2":"type-product","3":"status-publish","4":"has-post-thumbnail","6":"product_cat-ergonoomia","7":"product_cat-moobel","9":"first","10":"instock","11":"sale","12":"taxable","13":"shipping-taxable","14":"purchasable","15":"product-type-simple"},"acf":[],"_links":{"self":[{"href":"https:\/\/factory.sale\/et\/wp-json\/wp\/v2\/product\/29879","targetHints":{"allow":["GET"]}}],"collection":[{"href":"https:\/\/factory.sale\/et\/wp-json\/wp\/v2\/product"}],"about":[{"href":"https:\/\/factory.sale\/et\/wp-json\/wp\/v2\/types\/product"}],"replies":[{"embeddable":true,"href":"https:\/\/factory.sale\/et\/wp-json\/wp\/v2\/comments?post=29879"}],"wp:featuredmedia":[{"embeddable":true,"href":"https:\/\/factory.sale\/et\/wp-json\/wp\/v2\/media\/29871"}],"wp:attachment":[{"href":"https:\/\/factory.sale\/et\/wp-json\/wp\/v2\/media?parent=29879"}],"wp:term":[{"taxonomy":"factory","embeddable":true,"href":"https:\/\/factory.sale\/et\/wp-json\/wp\/v2\/factory?post=29879"},{"taxonomy":"free-shipment","embeddable":true,"href":"https:\/\/factory.sale\/et\/wp-json\/wp\/v2\/free-shipment?post=29879"},{"taxonomy":"product_brand","embeddable":true,"href":"https:\/\/factory.sale\/et\/wp-json\/wp\/v2\/product_brand?post=29879"},{"taxonomy":"product_cat","embeddable":true,"href":"https:\/\/factory.sale\/et\/wp-json\/wp\/v2\/product_cat?post=29879"},{"taxonomy":"product_tag","embeddable":true,"href":"https:\/\/factory.sale\/et\/wp-json\/wp\/v2\/product_tag?post=29879"}],"curies":[{"name":"wp","href":"https:\/\/api.w.org\/{rel}","templated":true}]}}