{"id":29863,"date":"2023-06-26T07:48:11","date_gmt":"2023-06-26T07:53:05","guid":{"rendered":"https:\/\/factory.sale\/?post_type=product&#038;p=29863"},"modified":"2024-07-11T23:07:28","modified_gmt":"2024-07-11T20:07:28","slug":"interstuhl-everyis1-office-chair-with-neckrest-ev119","status":"publish","type":"product","link":"https:\/\/factory.sale\/et\/toode\/interstuhl-everyis1-office-chair-with-neckrest-ev119\/","title":{"rendered":"Interstuhl EVERYis1 office chair, with neckrest EV119"},"content":{"rendered":"<p><strong>SKU: EV119<\/strong><\/p>\n<p><strong>EAN: 6430054933681<\/strong><\/p>\n<p>&nbsp;<\/p>\n<p>EVERYis1 on suurep\u00e4rane kontoritool, mis sobib peaaegu k\u00f5igile ja muudab t\u00f6\u00f6keskkonna paremaks. Uuel Everyis1 mudelil on pikk seljatugi ja kaelatugi. Tool on t\u00e4ielikult polsterdatud kvaliteetse Era kangaga. See on disainiklassika \u2013 funktsionaalne ja suurep\u00e4rane lahendus ergonoomilisele kontoritoolile. Tooli k\u00f5rge mugavustase, stiilne disain ja kvaliteetsed omadused muudavad kontoritooli ideaalseks valikuks peaaegu igas keskkonnas. Mitmekordselt auhinnatud toolil on 10-aastane kvaliteedigarantii.<\/p>\n<p>&nbsp;<\/p>\n<p><strong>Tooteteave:<\/strong><\/p>\n<ul>\n<li>Tooli k\u00f5rguse reguleerimine (410-515 mm)<\/li>\n<li>Black Era kangas (CSE14)<\/li>\n<li>S\u00fcnkro mehhanism<\/li>\n<li>Reguleeritav p\u00f6\u00f6rdetakistus<\/li>\n<li>Istme s\u00fcgavus 450 mm<\/li>\n<li>Istme s\u00fcgavuse reguleerimine (+60 mm)<\/li>\n<li>Seljatoe k\u00f5rgus 715 mm<\/li>\n<li>Reguleeritava s\u00fcgavusega nimmetugi, reguleeritav 12 mm<\/li>\n<li>Reguleeritava k\u00f5rgusega nimmetugi, 55 mm reguleeritav<\/li>\n<li>4D k\u00e4etoed<\/li>\n<li>65 mm rehvid<\/li>\n<li>Kvaliteetsed osad, 98% taaskasutatavad<\/li>\n<li>Kvaliteedi- ja katsestandardid: EN 1335, LGA \/ GS, DIN 14001<\/li>\n<li>Keskkonnasertifikaadid, nt. Bifma Platina, Blue Angel, kvaliteedib\u00fcroo<\/li>\n<li>10-aastane garantii<\/li>\n<\/ul>\n","protected":false},"excerpt":{"rendered":"<p>EVERYis1 on suurep\u00e4rane kontoritool, mis sobib peaaegu k\u00f5igile ja muudab t\u00f6\u00f6keskkonna paremaks. Uuel Everyis1 mudelil on pikk seljatugi ja kaelatugi. Tool on t\u00e4ielikult polsterdatud kvaliteetse Era kangaga. See on disainiklassika \u2013 funktsionaalne ja suurep\u00e4rane lahendus ergonoomilisele kontoritoolile. Tooli k\u00f5rge mugavustase, stiilne disain ja kvaliteetsed omadused muudavad kontoritooli ideaalseks valikuks peaaegu igas keskkonnas. Mitmekordselt auhinnatud toolil on 10-aastane kvaliteedigarantii.<\/p>\n","protected":false},"featured_media":29861,"comment_status":"open","ping_status":"closed","template":"","meta":{"_acf_changed":false},"factory":[],"free-shipment":[],"product_brand":[],"product_cat":[2490,714],"product_tag":[],"class_list":{"0":"post-29863","1":"product","2":"type-product","3":"status-publish","4":"has-post-thumbnail","6":"product_cat-ergonoomia","7":"product_cat-moobel","9":"first","10":"instock","11":"sale","12":"taxable","13":"shipping-taxable","14":"purchasable","15":"product-type-simple"},"acf":[],"_links":{"self":[{"href":"https:\/\/factory.sale\/et\/wp-json\/wp\/v2\/product\/29863","targetHints":{"allow":["GET"]}}],"collection":[{"href":"https:\/\/factory.sale\/et\/wp-json\/wp\/v2\/product"}],"about":[{"href":"https:\/\/factory.sale\/et\/wp-json\/wp\/v2\/types\/product"}],"replies":[{"embeddable":true,"href":"https:\/\/factory.sale\/et\/wp-json\/wp\/v2\/comments?post=29863"}],"wp:featuredmedia":[{"embeddable":true,"href":"https:\/\/factory.sale\/et\/wp-json\/wp\/v2\/media\/29861"}],"wp:attachment":[{"href":"https:\/\/factory.sale\/et\/wp-json\/wp\/v2\/media?parent=29863"}],"wp:term":[{"taxonomy":"factory","embeddable":true,"href":"https:\/\/factory.sale\/et\/wp-json\/wp\/v2\/factory?post=29863"},{"taxonomy":"free-shipment","embeddable":true,"href":"https:\/\/factory.sale\/et\/wp-json\/wp\/v2\/free-shipment?post=29863"},{"taxonomy":"product_brand","embeddable":true,"href":"https:\/\/factory.sale\/et\/wp-json\/wp\/v2\/product_brand?post=29863"},{"taxonomy":"product_cat","embeddable":true,"href":"https:\/\/factory.sale\/et\/wp-json\/wp\/v2\/product_cat?post=29863"},{"taxonomy":"product_tag","embeddable":true,"href":"https:\/\/factory.sale\/et\/wp-json\/wp\/v2\/product_tag?post=29863"}],"curies":[{"name":"wp","href":"https:\/\/api.w.org\/{rel}","templated":true}]}}