{"id":29854,"date":"2023-06-26T07:37:29","date_gmt":"2023-06-26T07:43:25","guid":{"rendered":"https:\/\/factory.sale\/?post_type=product&#038;p=29854"},"modified":"2024-07-01T05:34:22","modified_gmt":"2024-07-01T05:34:22","slug":"interstuhl-everyis1-kontoritool-peatoega","status":"publish","type":"product","link":"https:\/\/factory.sale\/et\/toode\/interstuhl-everyis1-kontoritool-peatoega\/","title":{"rendered":"Interstuhl EVERYis1 kontoritool, peatoega"},"content":{"rendered":"<p><strong>Tootekood: EV218<\/strong><\/p>\n<p><strong>EAN: 6430054933698<\/strong><\/p>\n<p>&nbsp;<\/p>\n<p>EVERYis1 on suurep\u00e4rane kontoritool, mis sobib peaaegu k\u00f5igile ja muudab \u00a0t\u00f6\u00f6keskkonna paremaks. Uuel Everyis1 mudelil on pikk v\u00f5rgust seljatugi ja kaelatugi. See on disainiklassika \u2013 funktsionaalne ja suurep\u00e4rane lahendus ergonoomilisele kontoritoolile. Tooli k\u00f5rge mugavustase, stiilne disain ja kvaliteetsed omadused muudavad kontoritooli ideaalseks valikuks peaaegu igas keskkonnas. Mitmekordselt auhinnatud toolil on 10-aastane kvaliteedigarantii.<\/p>\n<p>&nbsp;<\/p>\n<p><strong>Tooteteave:<\/strong><\/p>\n<ul>\n<li>Tooli k\u00f5rguse reguleerimine (415-540 mm)<\/li>\n<li>V\u00f5rgust seljatugi<\/li>\n<li>S\u00fcnkro mehhanism<\/li>\n<li>Reguleeritav p\u00f6\u00f6rdetakistus<\/li>\n<li>Istme s\u00fcgavus 450 mm<\/li>\n<li>Istme laius 520 mm<\/li>\n<li>Istme s\u00fcgavuse reguleerimine (+60 mm)<\/li>\n<li>Seljatoe k\u00f5rgus 730 mm<\/li>\n<li>Reguleeritava s\u00fcgavusega nimmetugi, 15 mm reguleeritav<\/li>\n<li>Reguleeritava k\u00f5rgusega nimmetugi, 50 mm reguleeritav<\/li>\n<li>4D k\u00e4etoed<\/li>\n<li>65 mm rehvid<\/li>\n<li>Kvaliteetsed osad, 98% taaskasutatavad<\/li>\n<li>Kvaliteedi- ja katsestandardid: EN 1335, LGA \/ GS, DIN 14001<\/li>\n<li>Keskkonnasertifikaadid, nt. Bifma Platina, Blue Angel, kvaliteedib\u00fcroo<\/li>\n<li>10-aastane garantii<\/li>\n<\/ul>\n","protected":false},"excerpt":{"rendered":"<p>EVERYis1 on suurep\u00e4rane kontoritool, mis sobib peaaegu k\u00f5igile ja muudab \u00a0t\u00f6\u00f6keskkonna paremaks. Uuel Everyis1 mudelil on pikk v\u00f5rgust seljatugi ja kaelatugi. See on disainiklassika \u2013 funktsionaalne ja suurep\u00e4rane lahendus ergonoomilisele kontoritoolile. Tooli k\u00f5rge mugavustase, stiilne disain ja kvaliteetsed omadused muudavad kontoritooli ideaalseks valikuks peaaegu igas keskkonnas. Mitmekordselt auhinnatud toolil on 10-aastane kvaliteedigarantii.<\/p>\n","protected":false},"featured_media":29852,"comment_status":"open","ping_status":"closed","template":"","meta":{"_acf_changed":false},"factory":[],"free-shipment":[],"product_brand":[],"product_cat":[2490,714],"product_tag":[],"class_list":{"0":"post-29854","1":"product","2":"type-product","3":"status-publish","4":"has-post-thumbnail","6":"product_cat-ergonoomia","7":"product_cat-moobel","9":"first","10":"instock","11":"sale","12":"taxable","13":"shipping-taxable","14":"purchasable","15":"product-type-simple"},"acf":[],"_links":{"self":[{"href":"https:\/\/factory.sale\/et\/wp-json\/wp\/v2\/product\/29854","targetHints":{"allow":["GET"]}}],"collection":[{"href":"https:\/\/factory.sale\/et\/wp-json\/wp\/v2\/product"}],"about":[{"href":"https:\/\/factory.sale\/et\/wp-json\/wp\/v2\/types\/product"}],"replies":[{"embeddable":true,"href":"https:\/\/factory.sale\/et\/wp-json\/wp\/v2\/comments?post=29854"}],"wp:featuredmedia":[{"embeddable":true,"href":"https:\/\/factory.sale\/et\/wp-json\/wp\/v2\/media\/29852"}],"wp:attachment":[{"href":"https:\/\/factory.sale\/et\/wp-json\/wp\/v2\/media?parent=29854"}],"wp:term":[{"taxonomy":"factory","embeddable":true,"href":"https:\/\/factory.sale\/et\/wp-json\/wp\/v2\/factory?post=29854"},{"taxonomy":"free-shipment","embeddable":true,"href":"https:\/\/factory.sale\/et\/wp-json\/wp\/v2\/free-shipment?post=29854"},{"taxonomy":"product_brand","embeddable":true,"href":"https:\/\/factory.sale\/et\/wp-json\/wp\/v2\/product_brand?post=29854"},{"taxonomy":"product_cat","embeddable":true,"href":"https:\/\/factory.sale\/et\/wp-json\/wp\/v2\/product_cat?post=29854"},{"taxonomy":"product_tag","embeddable":true,"href":"https:\/\/factory.sale\/et\/wp-json\/wp\/v2\/product_tag?post=29854"}],"curies":[{"name":"wp","href":"https:\/\/api.w.org\/{rel}","templated":true}]}}