{"id":29845,"date":"2023-06-26T07:24:10","date_gmt":"2023-06-26T07:33:42","guid":{"rendered":"https:\/\/factory.sale\/?post_type=product&#038;p=29845"},"modified":"2024-07-12T18:57:27","modified_gmt":"2024-07-12T15:57:27","slug":"interstuhl-everyis1-kontoritool-ev217","status":"publish","type":"product","link":"https:\/\/factory.sale\/et\/toode\/interstuhl-everyis1-kontoritool-ev217\/","title":{"rendered":"Interstuhl EVERYis1 kontoritool EV217"},"content":{"rendered":"<p><strong>Tootekood: EV217<\/strong><br \/>\n<strong>EAN: 6430054933704<\/strong><\/p>\n<p>&nbsp;<\/p>\n<p>EVERYis1 on suurep\u00e4rane kontoritool, mis sobib peaaegu k\u00f5igile ja muudab t\u00f6\u00f6keskkonna paremaks. Mudeliseeria uuel versioonil on pikem v\u00f5rguga kaetud seljatugi. See on disainiklassika \u2013 funktsionaalne ja suurep\u00e4rane lahendus ergonoomilisele kontoritoolile. Tooli k\u00f5rge mugavustase, stiilne disain ja kvaliteetsed omadused muudavad kontoritooli ideaalseks valikuks peaaegu igas keskkonnas. Mitmekordselt auhinnatud toolil on 10-aastane kvaliteedigarantii.<\/p>\n<p>&nbsp;<\/p>\n<p><strong>Tooteteave:<\/strong><\/p>\n<ul>\n<li>Istme k\u00f5rgus 415 &#8211; 540 mm<\/li>\n<li>Erinevast kangast, must<\/li>\n<li>S\u00fcnkromehhanism, lukustatav neljas asendis.<\/li>\n<li>Istme s\u00fcgavus reguleeritav 450-510 mm<\/li>\n<li>Istme kalde reguleerimine, +5,1 kraadi<\/li>\n<li>V\u00f5rgust seljatugi<\/li>\n<li>Seljatoe k\u00f5rgus 730 mm<\/li>\n<li>Seljatoe laius (nimmepiirkonnas) 50 cm<\/li>\n<li>Reguleeritava k\u00f5rgusega nimmetugi, reguleerimine 50 mm<\/li>\n<li>4D k\u00e4etoed<\/li>\n<li>Pehmed 65 mm rehvid<\/li>\n<li>Kvaliteetsed osad, 98% taaskasutatavad<\/li>\n<li>Kvaliteedi- ja testistandardid: EN 1335, LGA \/ GS, DIN 14001, Blue Angel, Bifma e3 Platina<\/li>\n<li>10-aastane garantii<\/li>\n<\/ul>\n","protected":false},"excerpt":{"rendered":"<p>EVERYis1 on suurep\u00e4rane kontoritool, mis sobib peaaegu k\u00f5igile ja muudab t\u00f6\u00f6keskkonna paremaks. Mudeliseeria uuel versioonil on pikem v\u00f5rguga kaetud seljatugi. See on disainiklassika \u2013 funktsionaalne ja suurep\u00e4rane lahendus ergonoomilisele kontoritoolile. Tooli k\u00f5rge mugavustase, stiilne disain ja kvaliteetsed omadused muudavad kontoritooli ideaalseks valikuks peaaegu igas keskkonnas. Mitmekordselt auhinnatud toolil on 10-aastane kvaliteedigarantii.<\/p>\n","protected":false},"featured_media":29837,"comment_status":"open","ping_status":"closed","template":"","meta":{"_acf_changed":false},"factory":[],"free-shipment":[],"product_brand":[],"product_cat":[2490,714],"product_tag":[],"class_list":{"0":"post-29845","1":"product","2":"type-product","3":"status-publish","4":"has-post-thumbnail","6":"product_cat-ergonoomia","7":"product_cat-moobel","9":"first","10":"instock","11":"sale","12":"taxable","13":"shipping-taxable","14":"purchasable","15":"product-type-simple"},"acf":[],"_links":{"self":[{"href":"https:\/\/factory.sale\/et\/wp-json\/wp\/v2\/product\/29845","targetHints":{"allow":["GET"]}}],"collection":[{"href":"https:\/\/factory.sale\/et\/wp-json\/wp\/v2\/product"}],"about":[{"href":"https:\/\/factory.sale\/et\/wp-json\/wp\/v2\/types\/product"}],"replies":[{"embeddable":true,"href":"https:\/\/factory.sale\/et\/wp-json\/wp\/v2\/comments?post=29845"}],"wp:featuredmedia":[{"embeddable":true,"href":"https:\/\/factory.sale\/et\/wp-json\/wp\/v2\/media\/29837"}],"wp:attachment":[{"href":"https:\/\/factory.sale\/et\/wp-json\/wp\/v2\/media?parent=29845"}],"wp:term":[{"taxonomy":"factory","embeddable":true,"href":"https:\/\/factory.sale\/et\/wp-json\/wp\/v2\/factory?post=29845"},{"taxonomy":"free-shipment","embeddable":true,"href":"https:\/\/factory.sale\/et\/wp-json\/wp\/v2\/free-shipment?post=29845"},{"taxonomy":"product_brand","embeddable":true,"href":"https:\/\/factory.sale\/et\/wp-json\/wp\/v2\/product_brand?post=29845"},{"taxonomy":"product_cat","embeddable":true,"href":"https:\/\/factory.sale\/et\/wp-json\/wp\/v2\/product_cat?post=29845"},{"taxonomy":"product_tag","embeddable":true,"href":"https:\/\/factory.sale\/et\/wp-json\/wp\/v2\/product_tag?post=29845"}],"curies":[{"name":"wp","href":"https:\/\/api.w.org\/{rel}","templated":true}]}}