{"id":29796,"date":"2023-06-26T06:45:03","date_gmt":"2023-06-26T06:58:37","guid":{"rendered":"https:\/\/factory.sale\/?post_type=product&#038;p=29796"},"modified":"2024-06-26T04:30:45","modified_gmt":"2024-06-26T04:30:45","slug":"interstuhl-pureis3-dunaamiline-kontoritool","status":"publish","type":"product","link":"https:\/\/factory.sale\/et\/toode\/interstuhl-pureis3-dunaamiline-kontoritool\/","title":{"rendered":"Interstuhl PUREis3, d\u00fcnaamiline kontoritool"},"content":{"rendered":"<p><strong>SKU: PU113<\/strong><br \/>\n<strong>EAN: 6430054932929<\/strong><\/p>\n<p>&nbsp;<\/p>\n<p>PUREis3 on d\u00fcnaamiline kontoritool. Erinevalt teistest kontoritoolidest on PUREis3 v\u00e4lja t\u00f6\u00f6tatud aktiivse kontoritoolina. See kohandub kasutaja keha ja liigutustega, ilma et oleks vaja aegan\u00f5udvat reguleerimist. Keerulisi ja raskeid mehhanisme pole enam vaja. PUREis3 v\u00f5imaldab mitte ainult laia liikumisulatust, vaid ka seda, et kasutaja istumisasend j\u00e4\u00e4b alati mugavaks, aktiivseks ja piisavalt toetatuks. Tooli d\u00fcnaamiline liikumine edendab tervist ja v\u00f5imaldab aktiivsemat istumist\u00f6\u00f6d.<\/p>\n<p>&nbsp;<\/p>\n<p><strong>PUREis3 edendab kasutaja tervist kolmel viisil:<\/strong><\/p>\n<p><strong>Aktiveerimine:<\/strong> PUREis3 tagab, et istumine pole kunagi staatiline. Muutused kehaasendis hoiavad lihased, sealhulgas jalad, puusad ja selg, aktiivsed.<\/p>\n<p><strong>Vabadus:<\/strong> PUREis3 tagab, et kasutajat ei sunnita ebamugavasse asendisse. Tool ei sunni liigutama vaid kohandub liigutustega. Liikumine hoiab \u00e4ra ummistused ja soodustab vereringet.<\/p>\n<p><strong>Mugavus:<\/strong> PUREis3 toetab k\u00f5iki liigutusi. PUREis3 tool vajab v\u00e4he reguleerimist, see teeb seda teie eest automaatselt.<\/p>\n<p>&nbsp;<\/p>\n<p><strong>Tooteteave:<\/strong><\/p>\n<ul>\n<li>Istme s\u00fcgavus: 46 cm (ei ole reguleeritav)<\/li>\n<li>Istme k\u00f5rgus: 48 cm &#8211; 58,5 cm<\/li>\n<li>Istme laius: 51,5 cm<\/li>\n<li>Seljatoe k\u00f5rgus: 63 cm<\/li>\n<li>Seljatoe laius: 48 cm (all), 39 cm (\u00fclemine)<\/li>\n<li>3D k\u00e4etoed<\/li>\n<li>Kaal: 12,5 kg<\/li>\n<li>Kaalupiirang: 120 kg<\/li>\n<li>Top on valmistatud kvaliteetsest Medley kangast<\/li>\n<li>V\u00e4rvus: must, hall<\/li>\n<li>Garantii: 10 aastat<\/li>\n<\/ul>\n<p>&nbsp;<\/p>\n<div class=\"video-wrapper \"><iframe loading=\"lazy\" title=\"Interstuhl - PUREis3 - Innovation for your health\" width=\"500\" height=\"281\" src=\"https:\/\/www.youtube.com\/embed\/t4NfYYyvzOE?feature=oembed\" frameborder=\"0\" allow=\"accelerometer; autoplay; clipboard-write; encrypted-media; gyroscope; picture-in-picture; web-share\" referrerpolicy=\"strict-origin-when-cross-origin\" allowfullscreen><\/iframe><\/div>\n","protected":false},"excerpt":{"rendered":"<p>PUREis3 on d\u00fcnaamiline kontoritool. Erinevalt teistest kontoritoolidest on PUREis3 v\u00e4lja t\u00f6\u00f6tatud aktiivse kontoritoolina. See kohandub kasutaja keha ja liigutustega, ilma et oleks vaja aegan\u00f5udvat reguleerimist. Keerulisi ja raskeid mehhanisme pole enam vaja. PUREis3 v\u00f5imaldab mitte ainult laia liikumisulatust, vaid ka seda, et kasutaja istumisasend j\u00e4\u00e4b alati mugavaks, aktiivseks ja piisavalt toetatuks. Tooli d\u00fcnaamiline liikumine edendab tervist ja v\u00f5imaldab aktiivsemat istumist\u00f6\u00f6d.<\/p>\n","protected":false},"featured_media":29785,"comment_status":"open","ping_status":"closed","template":"","meta":{"_acf_changed":false},"factory":[],"free-shipment":[],"product_brand":[],"product_cat":[2490,714],"product_tag":[],"class_list":{"0":"post-29796","1":"product","2":"type-product","3":"status-publish","4":"has-post-thumbnail","6":"product_cat-ergonoomia","7":"product_cat-moobel","9":"first","10":"instock","11":"sale","12":"taxable","13":"shipping-taxable","14":"purchasable","15":"product-type-simple"},"acf":[],"_links":{"self":[{"href":"https:\/\/factory.sale\/et\/wp-json\/wp\/v2\/product\/29796","targetHints":{"allow":["GET"]}}],"collection":[{"href":"https:\/\/factory.sale\/et\/wp-json\/wp\/v2\/product"}],"about":[{"href":"https:\/\/factory.sale\/et\/wp-json\/wp\/v2\/types\/product"}],"replies":[{"embeddable":true,"href":"https:\/\/factory.sale\/et\/wp-json\/wp\/v2\/comments?post=29796"}],"wp:featuredmedia":[{"embeddable":true,"href":"https:\/\/factory.sale\/et\/wp-json\/wp\/v2\/media\/29785"}],"wp:attachment":[{"href":"https:\/\/factory.sale\/et\/wp-json\/wp\/v2\/media?parent=29796"}],"wp:term":[{"taxonomy":"factory","embeddable":true,"href":"https:\/\/factory.sale\/et\/wp-json\/wp\/v2\/factory?post=29796"},{"taxonomy":"free-shipment","embeddable":true,"href":"https:\/\/factory.sale\/et\/wp-json\/wp\/v2\/free-shipment?post=29796"},{"taxonomy":"product_brand","embeddable":true,"href":"https:\/\/factory.sale\/et\/wp-json\/wp\/v2\/product_brand?post=29796"},{"taxonomy":"product_cat","embeddable":true,"href":"https:\/\/factory.sale\/et\/wp-json\/wp\/v2\/product_cat?post=29796"},{"taxonomy":"product_tag","embeddable":true,"href":"https:\/\/factory.sale\/et\/wp-json\/wp\/v2\/product_tag?post=29796"}],"curies":[{"name":"wp","href":"https:\/\/api.w.org\/{rel}","templated":true}]}}