{"id":29778,"date":"2023-06-26T06:29:53","date_gmt":"2023-06-26T06:41:01","guid":{"rendered":"https:\/\/factory.sale\/?post_type=product&#038;p=29778"},"modified":"2024-06-27T17:35:20","modified_gmt":"2024-06-27T17:35:20","slug":"kontoritool-kasper-comfort","status":"publish","type":"product","link":"https:\/\/factory.sale\/et\/toode\/kontoritool-kasper-comfort\/","title":{"rendered":"Kontoritool Kasper Comfort"},"content":{"rendered":"<p><strong>Tootekood: 63331<\/strong><br \/>\n<strong>EAN: 6430054931922<\/strong><\/p>\n<p>&nbsp;<\/p>\n<p>Ergonoomilisel Kasper Comfort kontoritoolil on reguleeritav seljatoe kalle. Reguleeritava kiikumisfunktsiooniga saate reguleerida tooli vastavalt enda liigutustele ja kaalule. Seljatoe v\u00f5rkkangas on hingavast materjalist ja iste on polsterdatud vastupidava kangaga. Seljatuge ja k\u00e4etugesid saab t\u00f5sta ja alla lasta. Istme s\u00fcgavust saab\u00a0reguleerida. Kaasas reguleeritavad k\u00e4etoed, seljatoe kalle.<br \/>\nNimmetugi aitab saavutada \u00f5iget istumisasendit. Tugi ennetab ja v\u00e4hendab seljaprobleeme.<\/p>\n<p>&nbsp;<\/p>\n<p><strong>Tooteteave:<\/strong><\/p>\n<ul>\n<li>Istme k\u00f5rgus 42 &#8211; 52 cm<\/li>\n<li>istme s\u00fcgavus 49 &#8211; 55 cm (reguleeritav)<\/li>\n<li>istme laius 48 cm<\/li>\n<li>seljatoe k\u00f5rgus 55 cm<\/li>\n<li>Suurus: 630 mm x 500 mm x 1000 mm ~ 1100 mm<\/li>\n<li>Maksimaalne koormus: 125 kg<\/li>\n<li>Polsterdus: must<\/li>\n<li>Seljatoe materjal: v\u00f5rk (v\u00f5rkkangas)<\/li>\n<li>Raami v\u00e4rv: tumehall<\/li>\n<li>Alus: must<\/li>\n<li>Garantii: 2 aastat<\/li>\n<li>Pakendi kaal: 18,3 kg<\/li>\n<li>Pakendi suurus: 72 cm x 36 cm x 64 cm<\/li>\n<\/ul>\n<p>&nbsp;<\/p>\n<p>Kui oled \u00fcle 190 cm pikk, siis on v\u00f5imalik toolile hankida pikem gaasivedru (53-68cm), et istme k\u00f5rgus oleks piisav.<\/p>\n","protected":false},"excerpt":{"rendered":"<p>Ergonoomilisel Kasper Comfort kontoritoolil on reguleeritav seljatoe kalle. Reguleeritava kiikumisfunktsiooniga saate reguleerida tooli vastavalt enda liigutustele ja kaalule. Seljatoe v\u00f5rkkangas on hingavast materjalist ja iste on polsterdatud vastupidava kangaga. Seljatuge ja k\u00e4etugesid saab t\u00f5sta ja alla lasta. Istme s\u00fcgavust saab\u00a0reguleerida. Kaasas reguleeritavad k\u00e4etoed, seljatoe kalle.<br \/>\nNimmetugi aitab saavutada \u00f5iget istumisasendit. Tugi ennetab ja v\u00e4hendab seljaprobleeme.<\/p>\n<p>&nbsp;<\/p>\n","protected":false},"featured_media":29767,"comment_status":"open","ping_status":"closed","template":"","meta":{"_acf_changed":false},"factory":[],"free-shipment":[],"product_brand":[],"product_cat":[2490,714],"product_tag":[],"class_list":{"0":"post-29778","1":"product","2":"type-product","3":"status-publish","4":"has-post-thumbnail","6":"product_cat-ergonoomia","7":"product_cat-moobel","9":"first","10":"instock","11":"sale","12":"taxable","13":"shipping-taxable","14":"purchasable","15":"product-type-simple"},"acf":[],"_links":{"self":[{"href":"https:\/\/factory.sale\/et\/wp-json\/wp\/v2\/product\/29778","targetHints":{"allow":["GET"]}}],"collection":[{"href":"https:\/\/factory.sale\/et\/wp-json\/wp\/v2\/product"}],"about":[{"href":"https:\/\/factory.sale\/et\/wp-json\/wp\/v2\/types\/product"}],"replies":[{"embeddable":true,"href":"https:\/\/factory.sale\/et\/wp-json\/wp\/v2\/comments?post=29778"}],"wp:featuredmedia":[{"embeddable":true,"href":"https:\/\/factory.sale\/et\/wp-json\/wp\/v2\/media\/29767"}],"wp:attachment":[{"href":"https:\/\/factory.sale\/et\/wp-json\/wp\/v2\/media?parent=29778"}],"wp:term":[{"taxonomy":"factory","embeddable":true,"href":"https:\/\/factory.sale\/et\/wp-json\/wp\/v2\/factory?post=29778"},{"taxonomy":"free-shipment","embeddable":true,"href":"https:\/\/factory.sale\/et\/wp-json\/wp\/v2\/free-shipment?post=29778"},{"taxonomy":"product_brand","embeddable":true,"href":"https:\/\/factory.sale\/et\/wp-json\/wp\/v2\/product_brand?post=29778"},{"taxonomy":"product_cat","embeddable":true,"href":"https:\/\/factory.sale\/et\/wp-json\/wp\/v2\/product_cat?post=29778"},{"taxonomy":"product_tag","embeddable":true,"href":"https:\/\/factory.sale\/et\/wp-json\/wp\/v2\/product_tag?post=29778"}],"curies":[{"name":"wp","href":"https:\/\/api.w.org\/{rel}","templated":true}]}}