{"id":29759,"date":"2023-06-26T06:11:29","date_gmt":"2023-06-26T06:22:52","guid":{"rendered":"https:\/\/factory.sale\/?post_type=product&#038;p=29759"},"modified":"2024-06-27T16:19:08","modified_gmt":"2024-06-27T16:19:08","slug":"kontoritool-kasper-light","status":"publish","type":"product","link":"https:\/\/factory.sale\/et\/toode\/kontoritool-kasper-light\/","title":{"rendered":"Kontoritool Kasper Light"},"content":{"rendered":"<p><strong>Tootekood: 63330<\/strong><br \/>\n<strong>EAN: 6430054931915<\/strong><\/p>\n<p>&nbsp;<\/p>\n<p>Uus ergonoomiline Kasper Light kontoritool on hea konstruktsiooni ja mehhanismiga, kus on kasutatud kvaliteetseid komponente ja samal ajal on suurendatud maksimaalset kaalupiiri kuni 150 kg-ni.<br \/>\nRistseljatoe disaini on samuti muudetud. Uuendatud mudelis ulatub see kogu seljatoe laiusesse ja on k\u00f5rguse reguleerimise v\u00f5imalusega, tagades parema istumiskogemuse.<br \/>\nK\u00e4etugede pindala on samuti suurendatud. Isegi kui tugi on integreeritud, annab suurem pindala lisamugavust peaaegu igale kasutajale.<\/p>\n<p>Kasper Light kontoritoolil on lukustatav kiikemehhanism koos v\u00f5imalusega reguleerida seljatuge. Seljatoe v\u00f5rk-kangas on valmistatud hingavast materjalist ja istme kattematerjal on vastupidavast kangast. Seljatoe tugi aitab saavutada \u00f5ige istumisasendi. Tugi aitab v\u00e4ltida ja v\u00e4hendada seljaprobleeme.<\/p>\n<p><em>Kui olete \u00fcle 190 cm pikk, on v\u00f5imalik saada toolile pikem vedru, et istmek\u00f5rgus oleks mugavam.<\/em><\/p>\n<p>&nbsp;<\/p>\n<p>&nbsp;<\/p>\n<p><strong>Tooteinfo:<\/strong><\/p>\n<ul>\n<li>Polster: Must<\/li>\n<li>Seljatoe materjal: V\u00f5rk-kangas<\/li>\n<li>Kere v\u00e4rv: Hall<\/li>\n<li>Alus: Must<\/li>\n<li>Istme k\u00f5rgus: 41-51 cm<\/li>\n<li>Istme s\u00fcgavus: 49 cm<\/li>\n<li>Istme laius: 48 cm<\/li>\n<li>Seljatoe k\u00f5rgus: 56 cm<\/li>\n<li>Seljatoe laius: 46 cm<\/li>\n<li>K\u00e4etugede k\u00f5rgus: 19 cm<\/li>\n<li>Maksimaalne kasutaja kaal: 150 kg<\/li>\n<li>Garantii: 24 kuud<\/li>\n<li>Seljatoe k\u00f5rguse reguleerimine: 8 cm k\u00f5rgus reguleeritav<\/li>\n<li>Aluse l\u00e4bim\u00f5\u00f5t: 700 mm<\/li>\n<\/ul>\n","protected":false},"excerpt":{"rendered":"<p>Uus ergonoomiline Kasper Light kontoritool on hea konstruktsiooni ja mehhanismiga, kus on kasutatud kvaliteetseid komponente ja samal ajal on suurendatud maksimaalset kaalupiiri kuni 150 kg-ni.<br \/>\nRistseljatoe disaini on samuti muudetud. Uuendatud mudelis ulatub see kogu seljatoe laiusesse ja on k\u00f5rguse reguleerimise v\u00f5imalusega, tagades parema istumiskogemuse.<br \/>\nK\u00e4etugede pindala on samuti suurendatud. Isegi kui tugi on integreeritud, annab suurem pindala lisamugavust peaaegu igale kasutajale.<\/p>\n","protected":false},"featured_media":33724,"comment_status":"open","ping_status":"closed","template":"","meta":{"_acf_changed":false},"factory":[],"free-shipment":[],"product_brand":[],"product_cat":[2490,714],"product_tag":[],"class_list":{"0":"post-29759","1":"product","2":"type-product","3":"status-publish","4":"has-post-thumbnail","6":"product_cat-ergonoomia","7":"product_cat-moobel","9":"first","10":"instock","11":"sale","12":"taxable","13":"shipping-taxable","14":"purchasable","15":"product-type-simple"},"acf":[],"_links":{"self":[{"href":"https:\/\/factory.sale\/et\/wp-json\/wp\/v2\/product\/29759","targetHints":{"allow":["GET"]}}],"collection":[{"href":"https:\/\/factory.sale\/et\/wp-json\/wp\/v2\/product"}],"about":[{"href":"https:\/\/factory.sale\/et\/wp-json\/wp\/v2\/types\/product"}],"replies":[{"embeddable":true,"href":"https:\/\/factory.sale\/et\/wp-json\/wp\/v2\/comments?post=29759"}],"wp:featuredmedia":[{"embeddable":true,"href":"https:\/\/factory.sale\/et\/wp-json\/wp\/v2\/media\/33724"}],"wp:attachment":[{"href":"https:\/\/factory.sale\/et\/wp-json\/wp\/v2\/media?parent=29759"}],"wp:term":[{"taxonomy":"factory","embeddable":true,"href":"https:\/\/factory.sale\/et\/wp-json\/wp\/v2\/factory?post=29759"},{"taxonomy":"free-shipment","embeddable":true,"href":"https:\/\/factory.sale\/et\/wp-json\/wp\/v2\/free-shipment?post=29759"},{"taxonomy":"product_brand","embeddable":true,"href":"https:\/\/factory.sale\/et\/wp-json\/wp\/v2\/product_brand?post=29759"},{"taxonomy":"product_cat","embeddable":true,"href":"https:\/\/factory.sale\/et\/wp-json\/wp\/v2\/product_cat?post=29759"},{"taxonomy":"product_tag","embeddable":true,"href":"https:\/\/factory.sale\/et\/wp-json\/wp\/v2\/product_tag?post=29759"}],"curies":[{"name":"wp","href":"https:\/\/api.w.org\/{rel}","templated":true}]}}