{"id":29741,"date":"2023-06-26T05:55:44","date_gmt":"2023-06-26T06:07:34","guid":{"rendered":"https:\/\/factory.sale\/?post_type=product&#038;p=29741"},"modified":"2024-06-29T12:51:08","modified_gmt":"2024-06-29T12:51:08","slug":"getupsit-aktiivtool-kangas-must","status":"publish","type":"product","link":"https:\/\/factory.sale\/et\/toode\/getupsit-aktiivtool-kangas-must\/","title":{"rendered":"GetUpSit aktiivtool, kangas, must"},"content":{"rendered":"<p><strong>Tootekood: 3002<\/strong><br \/>\n<strong>EAN: 6430054931687<\/strong><\/p>\n<p>&nbsp;<\/p>\n<p>GetUpSit aktiivtool loob d\u00fcnaamilise, tervisliku ja uuendusliku viisi hea kehahoiakuga istumiseks. T\u00e4nu tooli \u00fcmarale raskele liikuvale jalale saad istudes automaatselt aktiivse liikumise. Kummist alus tagab hea haarde ning tool ei p\u00e4\u00e4se istme alt v\u00e4lja. GetUpSiti iste on mugavalt polsterdatud ja selle kolmnurkne istmeosa juhatab teid loomulikult heasse istumisasendisse. Istme k\u00f5rgust saab reguleerida kolmnurkse istmeosa kolmest erinevast osast. GetUpSit aktiivtooli saab kasutada reguleeritavate laudade jaoks, koosolekuruumides, k\u00f6\u00f6kides, kodus, \u00fclikoolides\/koolides, lasteaedades ja k\u00f5ikjal, kus istud.<\/p>\n<p>&nbsp;<\/p>\n<p><strong>Tooteteave:<\/strong><\/p>\n<ul>\n<li>V\u00e4rvus: must kangas<\/li>\n<li>M\u00f5\u00f5tmed. 330 x 300 x 630 mm<\/li>\n<li>Istme k\u00f5rgus: 62-87 cm, p\u00f5hi 33 cm<\/li>\n<li>Reguleeritav k\u00f5rgus: 620 mm &#8211; 870 mm<\/li>\n<li>Kaal: 10 kg<\/li>\n<li>Kaalupiirang: 125 kg<\/li>\n<li>Garantii: 2 aastat<\/li>\n<li>Tollinumber: 9401710000<\/li>\n<li>Pakendi kaal: 12,2 kg<\/li>\n<li>Pakendi m\u00f5\u00f5dud: 72 cm x 41,5 cm x 21 cm<\/li>\n<\/ul>\n","protected":false},"excerpt":{"rendered":"<p>GetUpSit aktiivtool loob d\u00fcnaamilise, tervisliku ja uuendusliku viisi hea kehahoiakuga istumiseks. T\u00e4nu tooli \u00fcmarale raskele liikuvale jalale saad istudes automaatselt aktiivse liikumise. Kummist alus tagab hea haarde ning tool ei p\u00e4\u00e4se istme alt v\u00e4lja. GetUpSiti iste on mugavalt polsterdatud ja selle kolmnurkne istmeosa juhatab teid loomulikult heasse istumisasendisse. Istme k\u00f5rgust saab reguleerida kolmnurkse istmeosa kolmest erinevast osast. GetUpSit aktiivtooli saab kasutada reguleeritavate laudade jaoks, koosolekuruumides, k\u00f6\u00f6kides, kodus, \u00fclikoolides\/koolides, lasteaedades ja k\u00f5ikjal, kus istud.<\/p>\n","protected":false},"featured_media":29727,"comment_status":"open","ping_status":"closed","template":"","meta":{"_acf_changed":false},"factory":[],"free-shipment":[],"product_brand":[],"product_cat":[2490,714],"product_tag":[],"class_list":{"0":"post-29741","1":"product","2":"type-product","3":"status-publish","4":"has-post-thumbnail","6":"product_cat-ergonoomia","7":"product_cat-moobel","9":"first","10":"instock","11":"sale","12":"taxable","13":"shipping-taxable","14":"purchasable","15":"product-type-simple"},"acf":[],"_links":{"self":[{"href":"https:\/\/factory.sale\/et\/wp-json\/wp\/v2\/product\/29741","targetHints":{"allow":["GET"]}}],"collection":[{"href":"https:\/\/factory.sale\/et\/wp-json\/wp\/v2\/product"}],"about":[{"href":"https:\/\/factory.sale\/et\/wp-json\/wp\/v2\/types\/product"}],"replies":[{"embeddable":true,"href":"https:\/\/factory.sale\/et\/wp-json\/wp\/v2\/comments?post=29741"}],"wp:featuredmedia":[{"embeddable":true,"href":"https:\/\/factory.sale\/et\/wp-json\/wp\/v2\/media\/29727"}],"wp:attachment":[{"href":"https:\/\/factory.sale\/et\/wp-json\/wp\/v2\/media?parent=29741"}],"wp:term":[{"taxonomy":"factory","embeddable":true,"href":"https:\/\/factory.sale\/et\/wp-json\/wp\/v2\/factory?post=29741"},{"taxonomy":"free-shipment","embeddable":true,"href":"https:\/\/factory.sale\/et\/wp-json\/wp\/v2\/free-shipment?post=29741"},{"taxonomy":"product_brand","embeddable":true,"href":"https:\/\/factory.sale\/et\/wp-json\/wp\/v2\/product_brand?post=29741"},{"taxonomy":"product_cat","embeddable":true,"href":"https:\/\/factory.sale\/et\/wp-json\/wp\/v2\/product_cat?post=29741"},{"taxonomy":"product_tag","embeddable":true,"href":"https:\/\/factory.sale\/et\/wp-json\/wp\/v2\/product_tag?post=29741"}],"curies":[{"name":"wp","href":"https:\/\/api.w.org\/{rel}","templated":true}]}}