{"id":29720,"date":"2023-06-25T22:38:54","date_gmt":"2023-06-25T22:49:26","guid":{"rendered":"https:\/\/factory.sale\/?post_type=product&#038;p=29720"},"modified":"2024-06-27T17:27:33","modified_gmt":"2024-06-27T17:27:33","slug":"getupball-kontoripall","status":"publish","type":"product","link":"https:\/\/factory.sale\/et\/toode\/getupball-kontoripall\/","title":{"rendered":"GetUpBall Kontoripall"},"content":{"rendered":"<p><strong>SKU: 27880<\/strong><br \/>\n<strong>EAN: 6430054931670<\/strong><\/p>\n<p>&nbsp;<\/p>\n<p>GetUpBall on ergonoomiline kontoripall. GetUpBall tugevdab istudes ja sellel t\u00f6\u00f6tades keskkeha, selja ja jalgade lihaseid. GetUpBall suurendab tasakaalu istumisel, mis parandab kehahoiakut. Kaasas \u00f5hupump. Kate on eemaldatav ja puhastatav p\u00fchkides, v\u00f5ib ka \u00f5rnalt k\u00e4sitsi pesta.<\/p>\n<p><strong>M suurus:<\/strong> l\u00e4bim\u00f5\u00f5t 65 cm, sobib alla 170 cm pikkusele inimesele<\/p>\n","protected":false},"excerpt":{"rendered":"<p>GetUpBall on ergonoomiline kontoripall. GetUpBall tugevdab istudes ja sellel t\u00f6\u00f6tades keskkeha, selja ja jalgade lihaseid. GetUpBall suurendab tasakaalu istumisel, mis parandab kehahoiakut. Kaasas \u00f5hupump. Kate on eemaldatav ja puhastatav p\u00fchkides, v\u00f5ib ka \u00f5rnalt k\u00e4sitsi pesta.<\/p>\n","protected":false},"featured_media":29712,"comment_status":"open","ping_status":"closed","template":"","meta":{"_acf_changed":false},"factory":[],"free-shipment":[],"product_brand":[],"product_cat":[2490,714],"product_tag":[],"class_list":{"0":"post-29720","1":"product","2":"type-product","3":"status-publish","4":"has-post-thumbnail","6":"product_cat-ergonoomia","7":"product_cat-moobel","9":"first","10":"instock","11":"sale","12":"taxable","13":"shipping-taxable","14":"purchasable","15":"product-type-simple"},"acf":[],"_links":{"self":[{"href":"https:\/\/factory.sale\/et\/wp-json\/wp\/v2\/product\/29720","targetHints":{"allow":["GET"]}}],"collection":[{"href":"https:\/\/factory.sale\/et\/wp-json\/wp\/v2\/product"}],"about":[{"href":"https:\/\/factory.sale\/et\/wp-json\/wp\/v2\/types\/product"}],"replies":[{"embeddable":true,"href":"https:\/\/factory.sale\/et\/wp-json\/wp\/v2\/comments?post=29720"}],"wp:featuredmedia":[{"embeddable":true,"href":"https:\/\/factory.sale\/et\/wp-json\/wp\/v2\/media\/29712"}],"wp:attachment":[{"href":"https:\/\/factory.sale\/et\/wp-json\/wp\/v2\/media?parent=29720"}],"wp:term":[{"taxonomy":"factory","embeddable":true,"href":"https:\/\/factory.sale\/et\/wp-json\/wp\/v2\/factory?post=29720"},{"taxonomy":"free-shipment","embeddable":true,"href":"https:\/\/factory.sale\/et\/wp-json\/wp\/v2\/free-shipment?post=29720"},{"taxonomy":"product_brand","embeddable":true,"href":"https:\/\/factory.sale\/et\/wp-json\/wp\/v2\/product_brand?post=29720"},{"taxonomy":"product_cat","embeddable":true,"href":"https:\/\/factory.sale\/et\/wp-json\/wp\/v2\/product_cat?post=29720"},{"taxonomy":"product_tag","embeddable":true,"href":"https:\/\/factory.sale\/et\/wp-json\/wp\/v2\/product_tag?post=29720"}],"curies":[{"name":"wp","href":"https:\/\/api.w.org\/{rel}","templated":true}]}}