{"id":29705,"date":"2023-06-25T22:19:47","date_gmt":"2023-06-25T22:29:56","guid":{"rendered":"https:\/\/factory.sale\/?post_type=product&#038;p=29705"},"modified":"2024-06-30T03:34:38","modified_gmt":"2024-06-30T03:34:38","slug":"aktiivtool-hanna-aktiivistmega","status":"publish","type":"product","link":"https:\/\/factory.sale\/et\/toode\/aktiivtool-hanna-aktiivistmega\/","title":{"rendered":"Aktiivtool Hanna aktiivistmega"},"content":{"rendered":"<p><strong>Tootekood: 7081<\/strong><br \/>\n<strong>EAN: 6430054931267<\/strong><\/p>\n<p>&nbsp;<\/p>\n<p>Hanna tooliga istud aktiivselt normaalsel k\u00f5rgusel ja see ei n\u00f5ua reguleeritava k\u00f5rgusega lauda. Tool sobib kasutamiseks peaaegu k\u00f5ikjal, t\u00f6\u00f6l, kodus v\u00f5i k\u00f5ikjal, kus soovite aktiivsemalt ja tervislikumalt istuda. Istud ja liigud vabalt, mis parandab vereringet ja muudab su v\u00e4rskemaks. Selg saab vajaliku liikumise, v\u00e4ltides ja v\u00e4hendades nii seljavalu. Iste toob kaasa tasakaalustava efekti, mis tugevdab istudes selga ja k\u00f5hulihaseid. Iste on kaetud Gabriella kangaga, mida on lihtne puhtana hoida ja vastupidav. Tooli struktuur ja istmeosa \u00fcmar kuju muudavad toolil istumise lihtsamaks. Vastupidav alumiiniumist alus ja \u00fcmmargune gaasivedruga k\u00e4epide muudavad tooli kergesti reguleeritavaks, samuti kiireks ja ohutuks kasutamiseks. Istudes saab vaevata liikuda ja seda on kerge \u00fchest kohast teise liikuda.<\/p>\n<p>Tooli v\u00f5ib nimetada &#8220;tooliks igaks juhuks&#8221;.<\/p>\n<p>Hanna toolil on kvaliteetsed vabalt p\u00f6\u00f6rlevad rattad (tellida saab mehaanilisi pidurirattaid, tootenumber: 2799)<\/p>\n<p>Tooli saab tellida ka pikema L v\u00f5i l\u00fchema S vedruga.<\/p>\n<p>&nbsp;<\/p>\n<p><strong>Tooteteave:<\/strong><\/p>\n<ul>\n<li>Kangast polster<\/li>\n<li>V\u00e4rv must<\/li>\n<li>Gabrielle kangas (vastupidavus 130 000 martindali)<\/li>\n<li>Alus: 50 cm<\/li>\n<li>Istme k\u00f5rgus: 58-76 cm<\/li>\n<li>Hanna aktiivtooli istme l\u00e4bim\u00f5\u00f5t: 39 cm<\/li>\n<\/ul>\n<p>&nbsp;<\/p>\n<p><strong>Lisavarustusena saab tellida:<\/strong><\/p>\n<ul>\n<li>(7080) Jalatugi<\/li>\n<li>(7090) jala reguleerimine<\/li>\n<\/ul>\n","protected":false},"excerpt":{"rendered":"<p>Hanna tooliga istud aktiivselt normaalsel k\u00f5rgusel ja see ei n\u00f5ua reguleeritava k\u00f5rgusega lauda. Tool sobib kasutamiseks peaaegu k\u00f5ikjal, t\u00f6\u00f6l, kodus v\u00f5i k\u00f5ikjal, kus soovite aktiivsemalt ja tervislikumalt istuda. Istud ja liigud vabalt, mis parandab vereringet ja muudab su v\u00e4rskemaks. Selg saab vajaliku liikumise, v\u00e4ltides ja v\u00e4hendades nii seljavalu. Iste toob kaasa tasakaalustava efekti, mis tugevdab istudes selga ja k\u00f5hulihaseid. Iste on kaetud Gabriella kangaga, mida on lihtne puhtana hoida ja vastupidav. Tooli struktuur ja istmeosa \u00fcmar kuju muudavad toolil istumise lihtsamaks. Vastupidav alumiiniumist alus ja \u00fcmmargune gaasivedruga k\u00e4epide muudavad tooli kergesti reguleeritavaks, samuti kiireks ja ohutuks kasutamiseks. Istudes saab vaevata liikuda ja seda on kerge \u00fchest kohast teise liikuda.<\/p>\n","protected":false},"featured_media":29702,"comment_status":"open","ping_status":"closed","template":"","meta":{"_acf_changed":false},"factory":[],"free-shipment":[],"product_brand":[],"product_cat":[2490,714],"product_tag":[],"class_list":{"0":"post-29705","1":"product","2":"type-product","3":"status-publish","4":"has-post-thumbnail","6":"product_cat-ergonoomia","7":"product_cat-moobel","9":"first","10":"instock","11":"sale","12":"taxable","13":"shipping-taxable","14":"purchasable","15":"product-type-simple"},"acf":[],"_links":{"self":[{"href":"https:\/\/factory.sale\/et\/wp-json\/wp\/v2\/product\/29705","targetHints":{"allow":["GET"]}}],"collection":[{"href":"https:\/\/factory.sale\/et\/wp-json\/wp\/v2\/product"}],"about":[{"href":"https:\/\/factory.sale\/et\/wp-json\/wp\/v2\/types\/product"}],"replies":[{"embeddable":true,"href":"https:\/\/factory.sale\/et\/wp-json\/wp\/v2\/comments?post=29705"}],"wp:featuredmedia":[{"embeddable":true,"href":"https:\/\/factory.sale\/et\/wp-json\/wp\/v2\/media\/29702"}],"wp:attachment":[{"href":"https:\/\/factory.sale\/et\/wp-json\/wp\/v2\/media?parent=29705"}],"wp:term":[{"taxonomy":"factory","embeddable":true,"href":"https:\/\/factory.sale\/et\/wp-json\/wp\/v2\/factory?post=29705"},{"taxonomy":"free-shipment","embeddable":true,"href":"https:\/\/factory.sale\/et\/wp-json\/wp\/v2\/free-shipment?post=29705"},{"taxonomy":"product_brand","embeddable":true,"href":"https:\/\/factory.sale\/et\/wp-json\/wp\/v2\/product_brand?post=29705"},{"taxonomy":"product_cat","embeddable":true,"href":"https:\/\/factory.sale\/et\/wp-json\/wp\/v2\/product_cat?post=29705"},{"taxonomy":"product_tag","embeddable":true,"href":"https:\/\/factory.sale\/et\/wp-json\/wp\/v2\/product_tag?post=29705"}],"curies":[{"name":"wp","href":"https:\/\/api.w.org\/{rel}","templated":true}]}}