{"id":29694,"date":"2023-06-25T21:58:36","date_gmt":"2023-06-25T22:09:36","guid":{"rendered":"https:\/\/factory.sale\/?post_type=product&#038;p=29694"},"modified":"2024-06-27T16:16:09","modified_gmt":"2024-06-27T16:16:09","slug":"air-balance-aktiivtool","status":"publish","type":"product","link":"https:\/\/factory.sale\/et\/toode\/air-balance-aktiivtool\/","title":{"rendered":"Air Balance aktiivtool"},"content":{"rendered":"<p><strong>SKU: 3000 (must)<\/strong><br \/>\n<strong>EAN: 6430054930130<\/strong><\/p>\n<p><strong>SKU: 3000P (punane)<\/strong><br \/>\n<strong>EAN: 6430054931014<\/strong><\/p>\n<p>&nbsp;<\/p>\n<p>Air Balance aktiivtool lisab istumisele liikumist.<\/p>\n<p>Air Balance tooliga istud aktiivselt normaalsel k\u00f5rgusel, tool ei vaja reguleeritava k\u00f5rgusega lauda. Istmepadja saab h\u00f5lpsasti ka toolilt eemaldada (takjakinnitusega) ja istmeosa koosolekule, rongile v\u00f5i koju kaasa v\u00f5tta. Tunnete end Air Balance&#8217;i kontoritooli kasutades paremini, sest istud ja liigud vabalt \u2013 vereringe aktiveerub ja oled v\u00e4rskem. K\u00f5hulihased aktiveeruvad, kui pead istudes tasakaalu hoidma. Selg saab vajaliku liikumise, v\u00e4ltides ja v\u00e4hendades nii seljavalu.<\/p>\n<p>Iste on kaetud Gabriella kangaga, mis on vastupidav ja kergesti puhastatav. Kanga vastupidavus 130 000 Martindale&#8217;i. Tooli struktuur on kompaktne ning istme \u00fcmar kuju teeb toolil istumise lihtsaks ja v\u00f5imaldab asendeid vahetada. Vastupidav alumiiniumist alus ja \u00fcmmargune gaasivedru k\u00e4epide muudavad tooli kergesti reguleeritavaks ning kiireks ja ohutuks kasutamiseks. Istudes on liikumine pingutuseta. Tool on kerge, et liikuda \u00fchest kohast teise.<\/p>\n<p>Tooli v\u00f5ib nimetada &#8220;tool igaks elujuhtumiks&#8221;.<\/p>\n<p>Kvaliteetsed rattad p\u00f6\u00f6rlevad Air Balance toolis vabalt.<\/p>\n<p>&nbsp;<\/p>\n<p><strong>Tooteteave:<\/strong><\/p>\n<ul>\n<li>Tooli istmek\u00f5rgus standardvedruga on 54 cm &#8211; 74 cm<\/li>\n<li>Air Balance tooli saab tellida ka pikema L-vedruga v\u00f5i l\u00fchema S-vedruga<\/li>\n<li>Alus: 50 cm<\/li>\n<li>Istme k\u00f5rgus: 54-74 cm<\/li>\n<\/ul>\n","protected":false},"excerpt":{"rendered":"<p>Air Balance tooliga istud aktiivselt normaalsel k\u00f5rgusel, tool ei vaja reguleeritava k\u00f5rgusega lauda. Istmepadja saab h\u00f5lpsasti ka toolilt eemaldada (takjakinnitusega) ja istmeosa koosolekule, rongile v\u00f5i koju kaasa v\u00f5tta. Tunnete end Air Balance&#8217;i kontoritooli kasutades paremini, sest istud ja liigud vabalt \u2013 vereringe aktiveerub ja oled v\u00e4rskem. K\u00f5hulihased aktiveeruvad, kui pead istudes tasakaalu hoidma. Selg saab vajaliku liikumise, v\u00e4ltides ja v\u00e4hendades nii seljavalu.<\/p>\n","protected":false},"featured_media":29689,"comment_status":"open","ping_status":"closed","template":"","meta":{"_acf_changed":false},"factory":[],"free-shipment":[],"product_brand":[],"product_cat":[2490,714],"product_tag":[],"class_list":{"0":"post-29694","1":"product","2":"type-product","3":"status-publish","4":"has-post-thumbnail","6":"product_cat-ergonoomia","7":"product_cat-moobel","9":"first","10":"instock","11":"sale","12":"taxable","13":"shipping-taxable","14":"purchasable","15":"product-type-simple"},"acf":[],"_links":{"self":[{"href":"https:\/\/factory.sale\/et\/wp-json\/wp\/v2\/product\/29694","targetHints":{"allow":["GET"]}}],"collection":[{"href":"https:\/\/factory.sale\/et\/wp-json\/wp\/v2\/product"}],"about":[{"href":"https:\/\/factory.sale\/et\/wp-json\/wp\/v2\/types\/product"}],"replies":[{"embeddable":true,"href":"https:\/\/factory.sale\/et\/wp-json\/wp\/v2\/comments?post=29694"}],"wp:featuredmedia":[{"embeddable":true,"href":"https:\/\/factory.sale\/et\/wp-json\/wp\/v2\/media\/29689"}],"wp:attachment":[{"href":"https:\/\/factory.sale\/et\/wp-json\/wp\/v2\/media?parent=29694"}],"wp:term":[{"taxonomy":"factory","embeddable":true,"href":"https:\/\/factory.sale\/et\/wp-json\/wp\/v2\/factory?post=29694"},{"taxonomy":"free-shipment","embeddable":true,"href":"https:\/\/factory.sale\/et\/wp-json\/wp\/v2\/free-shipment?post=29694"},{"taxonomy":"product_brand","embeddable":true,"href":"https:\/\/factory.sale\/et\/wp-json\/wp\/v2\/product_brand?post=29694"},{"taxonomy":"product_cat","embeddable":true,"href":"https:\/\/factory.sale\/et\/wp-json\/wp\/v2\/product_cat?post=29694"},{"taxonomy":"product_tag","embeddable":true,"href":"https:\/\/factory.sale\/et\/wp-json\/wp\/v2\/product_tag?post=29694"}],"curies":[{"name":"wp","href":"https:\/\/api.w.org\/{rel}","templated":true}]}}