{"id":29682,"date":"2023-06-25T18:23:43","date_gmt":"2023-06-25T18:33:27","guid":{"rendered":"https:\/\/factory.sale\/?post_type=product&#038;p=29682"},"modified":"2024-06-27T22:11:19","modified_gmt":"2024-06-27T22:11:19","slug":"active-balance-360-ergo-tool-must","status":"publish","type":"product","link":"https:\/\/factory.sale\/et\/toode\/active-balance-360-ergo-tool-must\/","title":{"rendered":"Active Balance 360 Ergo tool, must"},"content":{"rendered":"<p><strong>Tootekood: 2702<\/strong><br \/>\n<strong>EAN: 739186146218<\/strong><\/p>\n<p>&nbsp;<\/p>\n<p>Active Balance tool j\u00e4rgib liikumist. Sisaldab mehaanilisi pidurirattaid.<\/p>\n<p>Aktiivne istumine on tervisele kasulik. Active Balance iste liigub 360 kraadi. Teie k\u00f5hu- ja seljalihased aktiveeruvad, kui iste teie liikumisest kaldub. Selg saab olulise liikumise, ennetades ja v\u00e4hendades seel\u00e4bi seljaprobleeme ning parandades vereringet ja ainevahetust. Iste on keha kontuuridega ja sellel on termopolster.<\/p>\n<p>&nbsp;<\/p>\n<p><strong>Tooteteave:<\/strong><\/p>\n<ul>\n<li>Rattad: mehaanilised pidurirattad.<\/li>\n<li>Kangas: vastupidav vin\u00fc\u00fclkangas, 100% pol\u00fcester, kulumiskindlus 100 000 Martindale&#8217;i<\/li>\n<li>Kaetud vin\u00fc\u00fclkangaga, mis on vastupidav ja kergesti puhastatav<\/li>\n<li>Kroomitud alus 500 mm<\/li>\n<li>Istmel on S-gaasvedru<\/li>\n<li>reguleerimisvahemik 53 cm &#8211; 68 cm<\/li>\n<li>Istme l\u00e4bim\u00f5\u00f5t on 39 cm.<\/li>\n<li>V\u00e4rv: must<\/li>\n<li>Garantii: 2 aastat<\/li>\n<\/ul>\n<p>&nbsp;<\/p>\n<p><strong>Lisaks saab eraldi tellida:<\/strong><\/p>\n<ul>\n<li>jalatugi (tootenumber 7080)<\/li>\n<li>jala reguleerimine (tootekood 2702)<\/li>\n<\/ul>\n<p><em>Saadaval ka pikema gaasivedruga &#8211;\u00a0seda tuleb tellimisel m\u00e4rkida.<\/em><\/p>\n","protected":false},"excerpt":{"rendered":"<p>Active Balance tool j\u00e4rgib liikumist. Sisaldab mehaanilisi pidurirattaid.<\/p>\n<p>Aktiivne istumine on tervisele kasulik. Active Balance iste liigub 360 kraadi. Teie k\u00f5hu- ja seljalihased aktiveeruvad, kui iste teie liikumisest kaldub. Selg saab olulise liikumise, ennetades ja v\u00e4hendades seel\u00e4bi seljaprobleeme ning parandades vereringet ja ainevahetust. Iste on keha kontuuridega ja sellel on termopolster.<\/p>\n","protected":false},"featured_media":29677,"comment_status":"open","ping_status":"closed","template":"","meta":{"_acf_changed":false},"factory":[],"free-shipment":[],"product_brand":[],"product_cat":[2490,714],"product_tag":[],"class_list":{"0":"post-29682","1":"product","2":"type-product","3":"status-publish","4":"has-post-thumbnail","6":"product_cat-ergonoomia","7":"product_cat-moobel","9":"first","10":"instock","11":"sale","12":"taxable","13":"shipping-taxable","14":"purchasable","15":"product-type-simple"},"acf":[],"_links":{"self":[{"href":"https:\/\/factory.sale\/et\/wp-json\/wp\/v2\/product\/29682","targetHints":{"allow":["GET"]}}],"collection":[{"href":"https:\/\/factory.sale\/et\/wp-json\/wp\/v2\/product"}],"about":[{"href":"https:\/\/factory.sale\/et\/wp-json\/wp\/v2\/types\/product"}],"replies":[{"embeddable":true,"href":"https:\/\/factory.sale\/et\/wp-json\/wp\/v2\/comments?post=29682"}],"wp:featuredmedia":[{"embeddable":true,"href":"https:\/\/factory.sale\/et\/wp-json\/wp\/v2\/media\/29677"}],"wp:attachment":[{"href":"https:\/\/factory.sale\/et\/wp-json\/wp\/v2\/media?parent=29682"}],"wp:term":[{"taxonomy":"factory","embeddable":true,"href":"https:\/\/factory.sale\/et\/wp-json\/wp\/v2\/factory?post=29682"},{"taxonomy":"free-shipment","embeddable":true,"href":"https:\/\/factory.sale\/et\/wp-json\/wp\/v2\/free-shipment?post=29682"},{"taxonomy":"product_brand","embeddable":true,"href":"https:\/\/factory.sale\/et\/wp-json\/wp\/v2\/product_brand?post=29682"},{"taxonomy":"product_cat","embeddable":true,"href":"https:\/\/factory.sale\/et\/wp-json\/wp\/v2\/product_cat?post=29682"},{"taxonomy":"product_tag","embeddable":true,"href":"https:\/\/factory.sale\/et\/wp-json\/wp\/v2\/product_tag?post=29682"}],"curies":[{"name":"wp","href":"https:\/\/api.w.org\/{rel}","templated":true}]}}