{"id":29669,"date":"2023-06-25T18:10:11","date_gmt":"2023-06-25T18:20:08","guid":{"rendered":"https:\/\/factory.sale\/?post_type=product&#038;p=29669"},"modified":"2024-06-30T15:11:02","modified_gmt":"2024-06-30T15:11:02","slug":"matilda-kiikmehhanismiga-sadultool-must-nahkpolster","status":"publish","type":"product","link":"https:\/\/factory.sale\/et\/toode\/matilda-kiikmehhanismiga-sadultool-must-nahkpolster\/","title":{"rendered":"Matilda kiikmehhanismiga sadultool, must nahkpolster"},"content":{"rendered":"<p><strong>Tootekood: 23332<\/strong><br \/>\n<strong>EAN: 6430054933728<\/strong><\/p>\n<p>&nbsp;<\/p>\n<p>Matilda kiiksadulatoolil on pehme, meeldiva kujuga iste, mis on polsterdatud ehtsa nahaga. V\u00e4ga hea valik, kui vajad sadulatooli, mis ei paku mitte ainult head kehahoiakut, vaid ka paljudele kasutajatele sobivat sadulaosa. Sobib igas suuruses kasutajatele. Sadulatoolil Matilda on kiikmehhanism, mis aktiveerib kogu keha ja soodustab liikumist.<\/p>\n<p><em>Saadaval ka l\u00fchema gaasivedruga (S-vedru) v\u00f5i pikema gaasivedruga (L-vedru).<\/em><\/p>\n<p><strong>Tehniline informatsioon:<\/strong><\/p>\n<ul>\n<li>K\u00f5rguse reguleerimine: 60 &#8211; 85 cm<\/li>\n<li>Kiigemehhanism (ei ole lukustatav)<\/li>\n<li>Ehtsast nahast iste<\/li>\n<li>Sadulaosa laius on 37 cm<\/li>\n<li>Sadulaosa s\u00fcgavus on 32 cm<\/li>\n<li>V\u00f5re l\u00e4bim\u00f5\u00f5t: 61 cm<\/li>\n<li>Kaalupiirang: 120 kg<\/li>\n<li>Garantii: 3 aastat<\/li>\n<\/ul>\n","protected":false},"excerpt":{"rendered":"<p>Matilda kiiksadulatoolil on pehme, meeldiva kujuga iste, mis on polsterdatud ehtsa nahaga. V\u00e4ga hea valik, kui vajad sadulatooli, mis ei paku mitte ainult head kehahoiakut, vaid ka paljudele kasutajatele sobivat sadulaosa. Sobib igas suuruses kasutajatele. Sadulatoolil Matilda on kiikmehhanism, mis aktiveerib kogu keha ja soodustab liikumist.<\/p>\n","protected":false},"featured_media":29661,"comment_status":"open","ping_status":"closed","template":"","meta":{"_acf_changed":false},"factory":[],"free-shipment":[],"product_brand":[],"product_cat":[2490,714],"product_tag":[],"class_list":{"0":"post-29669","1":"product","2":"type-product","3":"status-publish","4":"has-post-thumbnail","6":"product_cat-ergonoomia","7":"product_cat-moobel","9":"first","10":"instock","11":"sale","12":"taxable","13":"shipping-taxable","14":"purchasable","15":"product-type-simple"},"acf":[],"_links":{"self":[{"href":"https:\/\/factory.sale\/et\/wp-json\/wp\/v2\/product\/29669","targetHints":{"allow":["GET"]}}],"collection":[{"href":"https:\/\/factory.sale\/et\/wp-json\/wp\/v2\/product"}],"about":[{"href":"https:\/\/factory.sale\/et\/wp-json\/wp\/v2\/types\/product"}],"replies":[{"embeddable":true,"href":"https:\/\/factory.sale\/et\/wp-json\/wp\/v2\/comments?post=29669"}],"wp:featuredmedia":[{"embeddable":true,"href":"https:\/\/factory.sale\/et\/wp-json\/wp\/v2\/media\/29661"}],"wp:attachment":[{"href":"https:\/\/factory.sale\/et\/wp-json\/wp\/v2\/media?parent=29669"}],"wp:term":[{"taxonomy":"factory","embeddable":true,"href":"https:\/\/factory.sale\/et\/wp-json\/wp\/v2\/factory?post=29669"},{"taxonomy":"free-shipment","embeddable":true,"href":"https:\/\/factory.sale\/et\/wp-json\/wp\/v2\/free-shipment?post=29669"},{"taxonomy":"product_brand","embeddable":true,"href":"https:\/\/factory.sale\/et\/wp-json\/wp\/v2\/product_brand?post=29669"},{"taxonomy":"product_cat","embeddable":true,"href":"https:\/\/factory.sale\/et\/wp-json\/wp\/v2\/product_cat?post=29669"},{"taxonomy":"product_tag","embeddable":true,"href":"https:\/\/factory.sale\/et\/wp-json\/wp\/v2\/product_tag?post=29669"}],"curies":[{"name":"wp","href":"https:\/\/api.w.org\/{rel}","templated":true}]}}