{"id":29652,"date":"2023-06-25T17:29:05","date_gmt":"2023-06-25T18:04:36","guid":{"rendered":"https:\/\/factory.sale\/?post_type=product&#038;p=29652"},"modified":"2024-06-27T20:11:39","modified_gmt":"2024-06-27T20:11:39","slug":"sadulatool-matilda-must-nahk","status":"publish","type":"product","link":"https:\/\/factory.sale\/et\/toode\/sadulatool-matilda-must-nahk\/","title":{"rendered":"Sadulatool Matilda, must nahk"},"content":{"rendered":"<p><strong>SKU: 23331<\/strong><br \/>\n<strong>EAN: 6430054933711<\/strong><\/p>\n<p>&nbsp;<\/p>\n<p>Sadulatoolil Matilda on pehme, meeldiva kujuga iste, mis on polsterdatud ehtsa nahaga. V\u00e4ga hea valik, kui vajad sadulatooli, mis ei paku mitte ainult head kehahoiakut, vaid ka paljudele kasutajatele sobivat sadulaosa. Sobib igas suuruses kasutajatele. Matilda sadulatoolil on istme kalde reguleerimine.<\/p>\n<p><em>Saadaval ka l\u00fchema gaasivedruga (S-vedru) v\u00f5i pikema gaasivedruga (L-vedru).<\/em><\/p>\n<p>&nbsp;<\/p>\n<p><strong>Tehniline informatsioon:<\/strong><\/p>\n<ul>\n<li>K\u00f5rguse reguleerimine 60 &#8211; 85 cm<\/li>\n<li>Istme kalde reguleerimine<\/li>\n<li>Ehtsast nahast iste<\/li>\n<li>Sadulaosa laius:37 cm<\/li>\n<li>Sadulaosa s\u00fcgavus: 32 cm<\/li>\n<li>V\u00f5re l\u00e4bim\u00f5\u00f5t: 61 cm<\/li>\n<li>Kaalupiirang: 120 kg<\/li>\n<li>Garantii 3 aastat<\/li>\n<\/ul>\n","protected":false},"excerpt":{"rendered":"<p>Sadulatoolil Matilda on pehme, meeldiva kujuga iste, mis on polsterdatud ehtsa nahaga. V\u00e4ga hea valik, kui vajad sadulatooli, mis ei paku mitte ainult head kehahoiakut, vaid ka paljudele kasutajatele sobivat sadulaosa. Sobib igas suuruses kasutajatele. Matilda sadulatoolil on istme kalde reguleerimine.<\/p>\n","protected":false},"featured_media":29644,"comment_status":"open","ping_status":"closed","template":"","meta":{"_acf_changed":false},"factory":[],"free-shipment":[],"product_brand":[],"product_cat":[2490,714],"product_tag":[],"class_list":{"0":"post-29652","1":"product","2":"type-product","3":"status-publish","4":"has-post-thumbnail","6":"product_cat-ergonoomia","7":"product_cat-moobel","9":"first","10":"instock","11":"sale","12":"taxable","13":"shipping-taxable","14":"purchasable","15":"product-type-simple"},"acf":[],"_links":{"self":[{"href":"https:\/\/factory.sale\/et\/wp-json\/wp\/v2\/product\/29652","targetHints":{"allow":["GET"]}}],"collection":[{"href":"https:\/\/factory.sale\/et\/wp-json\/wp\/v2\/product"}],"about":[{"href":"https:\/\/factory.sale\/et\/wp-json\/wp\/v2\/types\/product"}],"replies":[{"embeddable":true,"href":"https:\/\/factory.sale\/et\/wp-json\/wp\/v2\/comments?post=29652"}],"wp:featuredmedia":[{"embeddable":true,"href":"https:\/\/factory.sale\/et\/wp-json\/wp\/v2\/media\/29644"}],"wp:attachment":[{"href":"https:\/\/factory.sale\/et\/wp-json\/wp\/v2\/media?parent=29652"}],"wp:term":[{"taxonomy":"factory","embeddable":true,"href":"https:\/\/factory.sale\/et\/wp-json\/wp\/v2\/factory?post=29652"},{"taxonomy":"free-shipment","embeddable":true,"href":"https:\/\/factory.sale\/et\/wp-json\/wp\/v2\/free-shipment?post=29652"},{"taxonomy":"product_brand","embeddable":true,"href":"https:\/\/factory.sale\/et\/wp-json\/wp\/v2\/product_brand?post=29652"},{"taxonomy":"product_cat","embeddable":true,"href":"https:\/\/factory.sale\/et\/wp-json\/wp\/v2\/product_cat?post=29652"},{"taxonomy":"product_tag","embeddable":true,"href":"https:\/\/factory.sale\/et\/wp-json\/wp\/v2\/product_tag?post=29652"}],"curies":[{"name":"wp","href":"https:\/\/api.w.org\/{rel}","templated":true}]}}