{"id":29637,"date":"2023-06-25T16:40:54","date_gmt":"2023-06-25T17:21:34","guid":{"rendered":"https:\/\/factory.sale\/?post_type=product&#038;p=29637"},"modified":"2024-06-27T16:11:32","modified_gmt":"2024-06-27T16:11:32","slug":"getupsaddle-sadulatool","status":"publish","type":"product","link":"https:\/\/factory.sale\/et\/toode\/getupsaddle-sadulatool\/","title":{"rendered":"GetUpSaddle sadulatool"},"content":{"rendered":"<p><strong>SKU: 3004M (must)<\/strong><br \/>\n<strong>EAN: 6430054932202<\/strong><\/p>\n<p><strong>SKU: 3004P (punane)<\/strong><br \/>\n<strong>EAN: 6430054933209<\/strong><\/p>\n<p>GetUpSaddle sadulatooliga saate h\u00f5lpsalt istuda ja liikuda. Iste on kaetud kergesti puhastatava ja vastupidava s\u00fcnteetilise nahaga. Tooli struktuur on graatsiline ja istmeosa v\u00e4ike, mis juhib alaj\u00e4semed \u00f5igesse asendisse ja samas juhib selja heasse asendisse. Tool on lihtsalt reguleeritav, kiire ja turvaline kasutada. Toolil on v\u00e4ike alumiiniumv\u00f5re ja kvaliteetsed rattad, t\u00e4nu millele on seda lihtne istudes liigutada ja lihtne \u00fchest kohast teise liigutada. T\u00e4nu nendele olulistele punktidele v\u00f5ib tooli nimetada &#8220;tool k\u00f5igile&#8221;.<\/p>\n<p>Toolil on vabak\u00e4igulised, kvaliteetsed rattad (tellida saab ka mehaanilisi pidurirattaid, tootenumber: 2799)<br \/>\nStandardvedruga tooli istmek\u00f5rgus on 45 cm kuni 65 cm.<\/p>\n<p>Tooli saab tellida ka pikema L v\u00f5i l\u00fchema S gaasivedruga.<\/p>\n<p>Tooli struktuur on graatsiline ja istmeosa v\u00e4ike, mis juhib alaj\u00e4semed \u00f5igesse asendisse ja samas juhib selja heasse asendisse.<br \/>\nV\u00e4ike sadulatool, kunstnahk, rest 50 cm, istme k\u00f5rgus 45 &#8211; 65 cm<\/p>\n<p>&nbsp;<\/p>\n<p><strong>Tooteteave:<\/strong><\/p>\n<ul>\n<li>Tootenumber: 3004M (must) \/ 3004P (punane)<\/li>\n<li>Pinnamaterjal: s\u00fcnteetilisest nahast polster, mis on vastupidav tugevale h\u00f5\u00f5rdumisele ja kulumisele, kergesti puhastatav<\/li>\n<li>Istme suurus: 33 x 26 cm<\/li>\n<\/ul>\n<p>&nbsp;<\/p>\n<p><strong>Lisavarustusena saab tellida:<\/strong><\/p>\n<ul>\n<li>7080 Jala tugir\u00f5ngas<br \/>\n7090 jalgkontroller<\/li>\n<\/ul>\n","protected":false},"excerpt":{"rendered":"<p>GetUpSaddle sadulatooliga saate h\u00f5lpsalt istuda ja liikuda. Iste on kaetud kergesti puhastatava ja vastupidava s\u00fcnteetilise nahaga. Tooli struktuur on graatsiline ja istmeosa v\u00e4ike, mis juhib alaj\u00e4semed \u00f5igesse asendisse ja samas juhib selja heasse asendisse. Tool on lihtsalt reguleeritav, kiire ja turvaline kasutada. Toolil on v\u00e4ike alumiiniumv\u00f5re ja kvaliteetsed rattad, t\u00e4nu millele on seda lihtne istudes liigutada ja lihtne \u00fchest kohast teise liigutada. T\u00e4nu nendele olulistele punktidele v\u00f5ib tooli nimetada &#8220;tool k\u00f5igile&#8221;.<\/p>\n","protected":false},"featured_media":29629,"comment_status":"open","ping_status":"closed","template":"","meta":{"_acf_changed":false},"factory":[],"free-shipment":[],"product_brand":[],"product_cat":[2490,714],"product_tag":[],"class_list":{"0":"post-29637","1":"product","2":"type-product","3":"status-publish","4":"has-post-thumbnail","6":"product_cat-ergonoomia","7":"product_cat-moobel","9":"first","10":"instock","11":"sale","12":"taxable","13":"shipping-taxable","14":"purchasable","15":"product-type-simple"},"acf":[],"_links":{"self":[{"href":"https:\/\/factory.sale\/et\/wp-json\/wp\/v2\/product\/29637","targetHints":{"allow":["GET"]}}],"collection":[{"href":"https:\/\/factory.sale\/et\/wp-json\/wp\/v2\/product"}],"about":[{"href":"https:\/\/factory.sale\/et\/wp-json\/wp\/v2\/types\/product"}],"replies":[{"embeddable":true,"href":"https:\/\/factory.sale\/et\/wp-json\/wp\/v2\/comments?post=29637"}],"wp:featuredmedia":[{"embeddable":true,"href":"https:\/\/factory.sale\/et\/wp-json\/wp\/v2\/media\/29629"}],"wp:attachment":[{"href":"https:\/\/factory.sale\/et\/wp-json\/wp\/v2\/media?parent=29637"}],"wp:term":[{"taxonomy":"factory","embeddable":true,"href":"https:\/\/factory.sale\/et\/wp-json\/wp\/v2\/factory?post=29637"},{"taxonomy":"free-shipment","embeddable":true,"href":"https:\/\/factory.sale\/et\/wp-json\/wp\/v2\/free-shipment?post=29637"},{"taxonomy":"product_brand","embeddable":true,"href":"https:\/\/factory.sale\/et\/wp-json\/wp\/v2\/product_brand?post=29637"},{"taxonomy":"product_cat","embeddable":true,"href":"https:\/\/factory.sale\/et\/wp-json\/wp\/v2\/product_cat?post=29637"},{"taxonomy":"product_tag","embeddable":true,"href":"https:\/\/factory.sale\/et\/wp-json\/wp\/v2\/product_tag?post=29637"}],"curies":[{"name":"wp","href":"https:\/\/api.w.org\/{rel}","templated":true}]}}