{"id":29621,"date":"2023-06-25T16:11:10","date_gmt":"2023-06-25T16:23:32","guid":{"rendered":"https:\/\/factory.sale\/?post_type=product&#038;p=29621"},"modified":"2024-07-12T18:42:20","modified_gmt":"2024-07-12T15:42:20","slug":"sadulatool-matti-kiikemehhanismiga","status":"publish","type":"product","link":"https:\/\/factory.sale\/et\/toode\/sadulatool-matti-kiikemehhanismiga\/","title":{"rendered":"Sadulatool Matti kiikemehhanismiga"},"content":{"rendered":"<p><strong>Tootekood: 2704<\/strong><br \/>\n<strong>EAN: 0739186146508<\/strong><\/p>\n<p>&nbsp;<\/p>\n<p>Sadulatool, kiigemehhanism, kallutusfunktsioon lukustatav.<\/p>\n<p>Sadulatoolis istumine on tervisele kasulikum kui tavalises toolis istumine. Matti sadultool juhib istumisasendi heasse asendisse, paranevad liigeste nurgad, paraneb vereringe ja ainevahetus. Istmel on vormitav pol\u00fcuretaanist padi. Istme mehhanism tagab tervisliku liikumise ka istudes.<\/p>\n<p>&nbsp;<\/p>\n<p><strong>Tooteteave:<\/strong><\/p>\n<ul>\n<li>K\u00f5rguse reguleerimine 53 cm &#8211; 71 cm<\/li>\n<li>Istme m\u00f5\u00f5dud: 35-43 cm<\/li>\n<li>Kaalupiirang 135 kg<\/li>\n<li>Alumiiniumalusel on 5 haru h\u00e4sti libisevate nailonratastega<\/li>\n<li>Iste mustast vin\u00fc\u00fclist<\/li>\n<li>V\u00f5imalik tellida ka l\u00fchema v\u00f5i pikema gaasivedruga.<\/li>\n<\/ul>\n<p>&nbsp;<\/p>\n<p>&nbsp;<\/p>\n<p><strong>Lisavarustusena saadaval:<\/strong> jalatugi (7080) ja jala reguleerimine (7090).<\/p>\n","protected":false},"excerpt":{"rendered":"<p>Sadulatool, kiigemehhanism, kallutusfunktsioon lukustatav.<\/p>\n<p>Sadulatoolis istumine on tervisele kasulikum kui tavalises toolis istumine. Matti sadultool juhib istumisasendi heasse asendisse, paranevad liigeste nurgad, paraneb vereringe ja ainevahetus. Istmel on vormitav pol\u00fcuretaanist padi. Istme mehhanism tagab tervisliku liikumise ka istudes.<\/p>\n","protected":false},"featured_media":29616,"comment_status":"open","ping_status":"closed","template":"","meta":{"_acf_changed":false},"factory":[],"free-shipment":[],"product_brand":[],"product_cat":[2490,714],"product_tag":[],"class_list":{"0":"post-29621","1":"product","2":"type-product","3":"status-publish","4":"has-post-thumbnail","6":"product_cat-ergonoomia","7":"product_cat-moobel","9":"first","10":"instock","11":"sale","12":"taxable","13":"shipping-taxable","14":"purchasable","15":"product-type-simple"},"acf":[],"_links":{"self":[{"href":"https:\/\/factory.sale\/et\/wp-json\/wp\/v2\/product\/29621","targetHints":{"allow":["GET"]}}],"collection":[{"href":"https:\/\/factory.sale\/et\/wp-json\/wp\/v2\/product"}],"about":[{"href":"https:\/\/factory.sale\/et\/wp-json\/wp\/v2\/types\/product"}],"replies":[{"embeddable":true,"href":"https:\/\/factory.sale\/et\/wp-json\/wp\/v2\/comments?post=29621"}],"wp:featuredmedia":[{"embeddable":true,"href":"https:\/\/factory.sale\/et\/wp-json\/wp\/v2\/media\/29616"}],"wp:attachment":[{"href":"https:\/\/factory.sale\/et\/wp-json\/wp\/v2\/media?parent=29621"}],"wp:term":[{"taxonomy":"factory","embeddable":true,"href":"https:\/\/factory.sale\/et\/wp-json\/wp\/v2\/factory?post=29621"},{"taxonomy":"free-shipment","embeddable":true,"href":"https:\/\/factory.sale\/et\/wp-json\/wp\/v2\/free-shipment?post=29621"},{"taxonomy":"product_brand","embeddable":true,"href":"https:\/\/factory.sale\/et\/wp-json\/wp\/v2\/product_brand?post=29621"},{"taxonomy":"product_cat","embeddable":true,"href":"https:\/\/factory.sale\/et\/wp-json\/wp\/v2\/product_cat?post=29621"},{"taxonomy":"product_tag","embeddable":true,"href":"https:\/\/factory.sale\/et\/wp-json\/wp\/v2\/product_tag?post=29621"}],"curies":[{"name":"wp","href":"https:\/\/api.w.org\/{rel}","templated":true}]}}