{"id":29594,"date":"2023-06-25T15:41:18","date_gmt":"2023-06-25T15:52:00","guid":{"rendered":"https:\/\/factory.sale\/?post_type=product&#038;p=29594"},"modified":"2024-06-27T14:10:06","modified_gmt":"2024-06-27T14:10:06","slug":"soft-swing-sadulatool","status":"publish","type":"product","link":"https:\/\/factory.sale\/et\/toode\/soft-swing-sadulatool\/","title":{"rendered":"Soft Swing sadulatool"},"content":{"rendered":"<p><strong>Tootekood: 7012SW<\/strong><br \/>\n<strong>EAN: 6430054933506<\/strong><\/p>\n<p>&nbsp;<\/p>\n<p><strong>Sadulatoolis Soft saate liikuda ka istudes!<\/strong><\/p>\n<p>Soft swing sadulatoolil on liikumist j\u00e4rgiv iste. Sadulatoolil istumine m\u00f5jub h\u00e4sti tervisele. Sadulatool Soft Swing juhib istumise heasse asendisse, liigeste nurgad on l\u00f5dvestunud, paraneb vereringe ja ainevahetus. Istmel on vormitav pol\u00fcuretaanist padi. Sadulatool Soft Swing toob istumisse tervisliku liikumise, tugevdades alaselja, k\u00f5hu ja vaagna lihaseid.<\/p>\n<p>&nbsp;<\/p>\n<p><strong>Peamine tooteteave:<\/strong><\/p>\n<ul>\n<li>Liikumist j\u00e4rgiv kiigemehhanism<\/li>\n<li>Istme k\u00f5rguse reguleerimine: 64 &#8211; 84 cm<\/li>\n<li>V\u00f5re l\u00e4bim\u00f5\u00f5t: 500 mm<\/li>\n<li>Kaalupiirang: 120 kg<\/li>\n<li>Kanga kulumiskindlus: 100000 Martindale<\/li>\n<li>2 aastane garantii<\/li>\n<\/ul>\n","protected":false},"excerpt":{"rendered":"<p>Soft swing sadulatoolil on liikumist j\u00e4rgiv iste. Sadulatoolil istumine m\u00f5jub h\u00e4sti tervisele. Sadulatool Soft Swing juhib istumise heasse asendisse, liigeste nurgad on l\u00f5dvestunud, paraneb vereringe ja ainevahetus. Istmel on vormitav pol\u00fcuretaanist padi. Sadulatool Soft Swing toob istumisse tervisliku liikumise, tugevdades alaselja, k\u00f5hu ja vaagna lihaseid.<\/p>\n","protected":false},"featured_media":29586,"comment_status":"open","ping_status":"closed","template":"","meta":{"_acf_changed":false},"factory":[],"free-shipment":[],"product_brand":[],"product_cat":[2490,714],"product_tag":[],"class_list":{"0":"post-29594","1":"product","2":"type-product","3":"status-publish","4":"has-post-thumbnail","6":"product_cat-ergonoomia","7":"product_cat-moobel","9":"first","10":"instock","11":"sale","12":"taxable","13":"shipping-taxable","14":"purchasable","15":"product-type-simple"},"acf":[],"_links":{"self":[{"href":"https:\/\/factory.sale\/et\/wp-json\/wp\/v2\/product\/29594","targetHints":{"allow":["GET"]}}],"collection":[{"href":"https:\/\/factory.sale\/et\/wp-json\/wp\/v2\/product"}],"about":[{"href":"https:\/\/factory.sale\/et\/wp-json\/wp\/v2\/types\/product"}],"replies":[{"embeddable":true,"href":"https:\/\/factory.sale\/et\/wp-json\/wp\/v2\/comments?post=29594"}],"wp:featuredmedia":[{"embeddable":true,"href":"https:\/\/factory.sale\/et\/wp-json\/wp\/v2\/media\/29586"}],"wp:attachment":[{"href":"https:\/\/factory.sale\/et\/wp-json\/wp\/v2\/media?parent=29594"}],"wp:term":[{"taxonomy":"factory","embeddable":true,"href":"https:\/\/factory.sale\/et\/wp-json\/wp\/v2\/factory?post=29594"},{"taxonomy":"free-shipment","embeddable":true,"href":"https:\/\/factory.sale\/et\/wp-json\/wp\/v2\/free-shipment?post=29594"},{"taxonomy":"product_brand","embeddable":true,"href":"https:\/\/factory.sale\/et\/wp-json\/wp\/v2\/product_brand?post=29594"},{"taxonomy":"product_cat","embeddable":true,"href":"https:\/\/factory.sale\/et\/wp-json\/wp\/v2\/product_cat?post=29594"},{"taxonomy":"product_tag","embeddable":true,"href":"https:\/\/factory.sale\/et\/wp-json\/wp\/v2\/product_tag?post=29594"}],"curies":[{"name":"wp","href":"https:\/\/api.w.org\/{rel}","templated":true}]}}