{"id":29562,"date":"2023-06-25T14:47:33","date_gmt":"2023-06-25T15:09:43","guid":{"rendered":"https:\/\/factory.sale\/?post_type=product&#038;p=29562"},"modified":"2024-06-27T11:24:02","modified_gmt":"2024-06-27T11:24:02","slug":"aircell-soft-sadultool","status":"publish","type":"product","link":"https:\/\/factory.sale\/et\/toode\/aircell-soft-sadultool\/","title":{"rendered":"Aircell Soft sadultool"},"content":{"rendered":"<p><strong>Tootekood: 70120<\/strong><br \/>\n<strong>EAN: 6430054931472<\/strong><\/p>\n<p>&nbsp;<\/p>\n<p>Sadulatool Aircell Soft on m\u00f5eldud k\u00f5igile kasutajatele. Seda teeb v\u00f5imalikuks Aircelli \u00f5hkpadi istmel. Iste on reguleeritav pumbaga, mis eemaldab kogu istumisest tekkiva koormuse ning on mugav istuda ja kasutada. On leitud, et sadulatool edendab t\u00f6\u00f6v\u00f5imet ja tervist. \u00d5ige istumisasend aitab s\u00e4ilitada verevoolu l\u00fclisamba piirkonnas, pumbates toitaineid ja tugevdades seljalihaseid. Keharaskus on jaotunud \u00fchtlaselt ning istmeosa ei suru reie tagumistele k\u00fclgedele. Paremini toimib ka vaagnaarterite vereringe. Istmekate on valmistatud vastupidavast kangast.<\/p>\n<p>&nbsp;<\/p>\n<p><strong>Saadaval ka l\u00fchema vedruga (S-vedru) v\u00f5i pikema vedruga (L-vedru).<\/strong><\/p>\n<ul>\n<li>Aircell Soft sadulatool on t\u00e4idetud reguleeritavate \u00f5huelementidega<\/li>\n<li>Istme k\u00f5rgus: 60-81 cm<\/li>\n<li>alus: 500 mm<\/li>\n<li>must kangas kate<\/li>\n<\/ul>\n","protected":false},"excerpt":{"rendered":"<p>Sadulatool Aircell Soft on m\u00f5eldud k\u00f5igile kasutajatele. Seda teeb v\u00f5imalikuks Aircelli \u00f5hkpadi istmel. Iste on reguleeritav pumbaga, mis eemaldab kogu istumisest tekkiva koormuse ning on mugav istuda ja kasutada. On leitud, et sadulatool edendab t\u00f6\u00f6v\u00f5imet ja tervist. \u00d5ige istumisasend aitab s\u00e4ilitada verevoolu l\u00fclisamba piirkonnas, pumbates toitaineid ja tugevdades seljalihaseid. Keharaskus on jaotunud \u00fchtlaselt ning istmeosa ei suru reie tagumistele k\u00fclgedele. Paremini toimib ka vaagnaarterite vereringe. Istmekate on valmistatud vastupidavast kangast.<\/p>\n","protected":false},"featured_media":29554,"comment_status":"open","ping_status":"closed","template":"","meta":{"_acf_changed":false},"factory":[],"free-shipment":[],"product_brand":[],"product_cat":[2490,714],"product_tag":[],"class_list":{"0":"post-29562","1":"product","2":"type-product","3":"status-publish","4":"has-post-thumbnail","6":"product_cat-ergonoomia","7":"product_cat-moobel","9":"first","10":"instock","11":"sale","12":"taxable","13":"shipping-taxable","14":"purchasable","15":"product-type-simple"},"acf":[],"_links":{"self":[{"href":"https:\/\/factory.sale\/et\/wp-json\/wp\/v2\/product\/29562","targetHints":{"allow":["GET"]}}],"collection":[{"href":"https:\/\/factory.sale\/et\/wp-json\/wp\/v2\/product"}],"about":[{"href":"https:\/\/factory.sale\/et\/wp-json\/wp\/v2\/types\/product"}],"replies":[{"embeddable":true,"href":"https:\/\/factory.sale\/et\/wp-json\/wp\/v2\/comments?post=29562"}],"wp:featuredmedia":[{"embeddable":true,"href":"https:\/\/factory.sale\/et\/wp-json\/wp\/v2\/media\/29554"}],"wp:attachment":[{"href":"https:\/\/factory.sale\/et\/wp-json\/wp\/v2\/media?parent=29562"}],"wp:term":[{"taxonomy":"factory","embeddable":true,"href":"https:\/\/factory.sale\/et\/wp-json\/wp\/v2\/factory?post=29562"},{"taxonomy":"free-shipment","embeddable":true,"href":"https:\/\/factory.sale\/et\/wp-json\/wp\/v2\/free-shipment?post=29562"},{"taxonomy":"product_brand","embeddable":true,"href":"https:\/\/factory.sale\/et\/wp-json\/wp\/v2\/product_brand?post=29562"},{"taxonomy":"product_cat","embeddable":true,"href":"https:\/\/factory.sale\/et\/wp-json\/wp\/v2\/product_cat?post=29562"},{"taxonomy":"product_tag","embeddable":true,"href":"https:\/\/factory.sale\/et\/wp-json\/wp\/v2\/product_tag?post=29562"}],"curies":[{"name":"wp","href":"https:\/\/api.w.org\/{rel}","templated":true}]}}