{"id":29545,"date":"2023-06-25T14:10:29","date_gmt":"2023-06-25T14:33:04","guid":{"rendered":"https:\/\/factory.sale\/?post_type=product&#038;p=29545"},"modified":"2024-06-28T15:49:11","modified_gmt":"2024-06-28T15:49:11","slug":"lenni-sadulatool-seljatoega-must","status":"publish","type":"product","link":"https:\/\/factory.sale\/et\/toode\/lenni-sadulatool-seljatoega-must\/","title":{"rendered":"Lenni sadulatool seljatoega, must"},"content":{"rendered":"<p><strong>Tootekood: 3020<\/strong><br \/>\n<strong>EAN: 6430054930000<\/strong><\/p>\n<p>&nbsp;<\/p>\n<p>Lenni tool on mugav ning sellel on lihtne k\u00f5rgust ja kalde asendit reguleerida. See v\u00f5imaldab iga\u00fchel leida ergonoomilise t\u00f6\u00f6asendi. Mitmete kasutajate arvates on Lenni toolil mugavaim iste. Seljatoe k\u00f5rguse ja kalde reguleerimisega toetate mugavalt alaselga. Tooli seljatugi on liikumiseks vabastatav, seega saab seda kasutada ka venitustoena. Tooli mitmek\u00fclgsed reguleerimisv\u00f5imalused ja elegantne pind tagavad \u00f5ige istumisasendi samal ajal stiilse v\u00e4limuse kvaliteedis j\u00e4releandmisi tegemata. Lenni sobib igas suuruses kasutajatele.<\/p>\n<p>Tooli saab tellida pikema ja l\u00fchema versioonina.<\/p>\n<p>&nbsp;<\/p>\n<p><strong>Tooteteave:<\/strong><\/p>\n<ul>\n<li>Lenni sadultooli (3020) istme k\u00f5rgus: 57-77 cm<\/li>\n<li>Jalatoe l\u00e4bim\u00f5\u00f5t: 600 mm<\/li>\n<li>Garantii: 2 aastat<\/li>\n<li>Tooli saab tellida l\u00fchema vedruga (S-vedru) ja pikemaga (L-vedru)<\/li>\n<\/ul>\n<p><strong>Lisavarustusena saab tellida j\u00e4rgmist:<\/strong><\/p>\n<ul>\n<li>jalatugi (kood: 7080)<\/li>\n<li>jala reguleerimine (k\u00f5rguse reguleerimine t\u00f6\u00f6tab jalaga) (kood: 7090)<\/li>\n<\/ul>\n","protected":false},"excerpt":{"rendered":"<p>Lenni tool on mugav ning sellel on lihtne k\u00f5rgust ja kalde asendit reguleerida. See v\u00f5imaldab iga\u00fchel leida ergonoomilise t\u00f6\u00f6asendi. Mitmete kasutajate arvates on Lenni toolil mugavaim iste. Seljatoe k\u00f5rguse ja kalde reguleerimisega toetate mugavalt alaselga. Tooli seljatugi on liikumiseks vabastatav, seega saab seda kasutada ka venitustoena. Tooli mitmek\u00fclgsed reguleerimisv\u00f5imalused ja elegantne pind tagavad \u00f5ige istumisasendi samal ajal stiilse v\u00e4limuse kvaliteedis j\u00e4releandmisi tegemata. Lenni sobib igas suuruses kasutajatele.<\/p>\n","protected":false},"featured_media":29534,"comment_status":"open","ping_status":"closed","template":"","meta":{"_acf_changed":false},"factory":[],"free-shipment":[],"product_brand":[],"product_cat":[2490,714],"product_tag":[],"class_list":{"0":"post-29545","1":"product","2":"type-product","3":"status-publish","4":"has-post-thumbnail","6":"product_cat-ergonoomia","7":"product_cat-moobel","9":"first","10":"instock","11":"sale","12":"taxable","13":"shipping-taxable","14":"purchasable","15":"product-type-simple"},"acf":[],"_links":{"self":[{"href":"https:\/\/factory.sale\/et\/wp-json\/wp\/v2\/product\/29545","targetHints":{"allow":["GET"]}}],"collection":[{"href":"https:\/\/factory.sale\/et\/wp-json\/wp\/v2\/product"}],"about":[{"href":"https:\/\/factory.sale\/et\/wp-json\/wp\/v2\/types\/product"}],"replies":[{"embeddable":true,"href":"https:\/\/factory.sale\/et\/wp-json\/wp\/v2\/comments?post=29545"}],"wp:featuredmedia":[{"embeddable":true,"href":"https:\/\/factory.sale\/et\/wp-json\/wp\/v2\/media\/29534"}],"wp:attachment":[{"href":"https:\/\/factory.sale\/et\/wp-json\/wp\/v2\/media?parent=29545"}],"wp:term":[{"taxonomy":"factory","embeddable":true,"href":"https:\/\/factory.sale\/et\/wp-json\/wp\/v2\/factory?post=29545"},{"taxonomy":"free-shipment","embeddable":true,"href":"https:\/\/factory.sale\/et\/wp-json\/wp\/v2\/free-shipment?post=29545"},{"taxonomy":"product_brand","embeddable":true,"href":"https:\/\/factory.sale\/et\/wp-json\/wp\/v2\/product_brand?post=29545"},{"taxonomy":"product_cat","embeddable":true,"href":"https:\/\/factory.sale\/et\/wp-json\/wp\/v2\/product_cat?post=29545"},{"taxonomy":"product_tag","embeddable":true,"href":"https:\/\/factory.sale\/et\/wp-json\/wp\/v2\/product_tag?post=29545"}],"curies":[{"name":"wp","href":"https:\/\/api.w.org\/{rel}","templated":true}]}}