{"id":29526,"date":"2023-06-23T09:03:02","date_gmt":"2023-06-23T13:23:18","guid":{"rendered":"https:\/\/factory.sale\/?post_type=product&#038;p=29526"},"modified":"2024-06-27T17:19:11","modified_gmt":"2024-06-27T17:19:11","slug":"puutetundlik-led-lamp","status":"publish","type":"product","link":"https:\/\/factory.sale\/et\/toode\/puutetundlik-led-lamp\/","title":{"rendered":"Puutetundlik LED-lamp"},"content":{"rendered":"<p><strong>SKU: 2960 W (valge)<\/strong><br \/>\n<strong>EAN: 7350042900190<\/strong><\/p>\n<p><strong>SKU: 2960 (must)<\/strong><br \/>\n<strong>EAN: 7350042900206<\/strong><\/p>\n<p>&nbsp;<\/p>\n<p>&nbsp;<\/p>\n<p>Puutetundlik LED lamp toob valgustusse ja t\u00f6\u00f6heaolusse uue m\u00f5\u00f5tme. Reguleeritav p\u00e4evavalgusest puhkevalgustuseni.<br \/>\nSelle t\u00f6\u00f6kohalambiga saate puuteekraanilt k\u00f5iki funktsioone h\u00f5lpsalt vastavalt oma vajadustele reguleerida viie erineva valgusv\u00f5imsuse ja nelja erineva valgustemperatuurini. Nii saadakse alati sobiv ja meeldiv valgustus. See mitmek\u00fclgne t\u00f6\u00f6valgusti sobib valgusallikaks igasse kontorisse. LED-tehnoloogia s\u00e4\u00e4stab elektritarbimist. V\u00e4rvivaba valgustus ja integreeritud pimestamise kaitse v\u00e4hendavad m\u00e4rkimisv\u00e4\u00e4rselt silmade v\u00e4sitamist. Lambil on ka USB pistik nt. telefoni laadimine.<\/p>\n<p>&nbsp;<\/p>\n<p><strong>Tooteteave:<\/strong><\/p>\n<ul>\n<li>Mugav taimeri funktsioon l\u00fclitab valguse automaatselt v\u00e4lja<\/li>\n<li>Keskkonnas\u00f5bralik ja v\u00e4ike voolutarve, ainult 2W &#8211; 10W<\/li>\n<li>pikk kasutusiga \u00fcle 40 000 tunni (20 aastat)<\/li>\n<li>Valguse temperatuur reguleeritav vahemikus 2700 kuni 7000 kelvinit<\/li>\n<li>Soojuse kogunemine \/ kuumutamine puudub<\/li>\n<li>Pimestuse- ja v\u00e4relusevaba valgus<\/li>\n<li>Otsene ja kaudne valgustus<\/li>\n<li>Varje pole &#8220;UV-vaba<\/li>\n<li>Valgusv\u00f5imsust saab reguleerida 5 v\u00f5imsusklassi ja 4 erineva v\u00e4rvitemperatuuri vahel (t\u00e4pne<\/li>\n<li>t\u00f6\u00f6\/lugemisre\u017eiim\/l\u00f5\u00f5gastusre\u017eiim\/unere\u017eiim)<\/li>\n<li>Ergonoomiline disain<\/li>\n<li>USB pistik nt. telefoni laadimine<\/li>\n<li>180 kraadi reguleeritav k\u00e4sivars<\/li>\n<li>CE heakskiidetud<\/li>\n<li>garantii 2 aastat<\/li>\n<li>Varre m\u00f5\u00f5dud: 450mm + 350mm<\/li>\n<li>LED-tehnoloogia: LGP (valgusjuhtpaneel)<\/li>\n<li>CRI \u00fcle 90 (v\u00e4rviedastusindeks)<\/li>\n<li>LED-i v\u00f5imsus: 2-10 W,-1100 luksi (vastab 100 W lambipirnile 450 luumenit)<\/li>\n<li>4 Valitav valgusv\u00f5imsus: lugemisre\u017eiim (4300K-5300K)<\/li>\n<li>T\u00e4pne t\u00f6\u00f6 (6000K-7000K)<\/li>\n<li>Peata valgustus (2500K\u20133300K)<\/li>\n<li>Puhkere\u017eiim (2500\u20133000 K)<\/li>\n<li>5 h\u00e4mardusv\u00f5imsust, mida saab valida k\u00f5igis valgustusre\u017eiimides<\/li>\n<li>Taimeri funktsioon l\u00fclitab tule automaatselt v\u00e4lja 30 minuti v\u00f5i 1 tunni p\u00e4rast, olenevalt teie valikust<\/li>\n<li>V\u00e4rv: must, valge<\/li>\n<\/ul>\n","protected":false},"excerpt":{"rendered":"<p>&nbsp;<\/p>\n<p>Puutetundlik LED lamp toob valgustusse ja t\u00f6\u00f6heaolusse uue m\u00f5\u00f5tme. Reguleeritav p\u00e4evavalgusest puhkevalgustuseni.<br \/>\nSelle t\u00f6\u00f6kohalambiga saate puuteekraanilt k\u00f5iki funktsioone h\u00f5lpsalt vastavalt oma vajadustele reguleerida viie erineva valgusv\u00f5imsuse ja nelja erineva valgustemperatuurini. Nii saadakse alati sobiv ja meeldiv valgustus. See mitmek\u00fclgne t\u00f6\u00f6valgusti sobib valgusallikaks igasse kontorisse. LED-tehnoloogia s\u00e4\u00e4stab elektritarbimist. V\u00e4rvivaba valgustus ja integreeritud pimestamise kaitse v\u00e4hendavad m\u00e4rkimisv\u00e4\u00e4rselt silmade v\u00e4sitamist. Lambil on ka USB pistik nt. telefoni laadimine.<\/p>\n<p>&nbsp;<\/p>\n","protected":false},"featured_media":29521,"comment_status":"open","ping_status":"closed","template":"","meta":{"_acf_changed":false},"factory":[],"free-shipment":[],"product_brand":[],"product_cat":[2490,714],"product_tag":[],"class_list":{"0":"post-29526","1":"product","2":"type-product","3":"status-publish","4":"has-post-thumbnail","6":"product_cat-ergonoomia","7":"product_cat-moobel","9":"first","10":"instock","11":"sale","12":"taxable","13":"shipping-taxable","14":"purchasable","15":"product-type-simple"},"acf":[],"_links":{"self":[{"href":"https:\/\/factory.sale\/et\/wp-json\/wp\/v2\/product\/29526","targetHints":{"allow":["GET"]}}],"collection":[{"href":"https:\/\/factory.sale\/et\/wp-json\/wp\/v2\/product"}],"about":[{"href":"https:\/\/factory.sale\/et\/wp-json\/wp\/v2\/types\/product"}],"replies":[{"embeddable":true,"href":"https:\/\/factory.sale\/et\/wp-json\/wp\/v2\/comments?post=29526"}],"wp:featuredmedia":[{"embeddable":true,"href":"https:\/\/factory.sale\/et\/wp-json\/wp\/v2\/media\/29521"}],"wp:attachment":[{"href":"https:\/\/factory.sale\/et\/wp-json\/wp\/v2\/media?parent=29526"}],"wp:term":[{"taxonomy":"factory","embeddable":true,"href":"https:\/\/factory.sale\/et\/wp-json\/wp\/v2\/factory?post=29526"},{"taxonomy":"free-shipment","embeddable":true,"href":"https:\/\/factory.sale\/et\/wp-json\/wp\/v2\/free-shipment?post=29526"},{"taxonomy":"product_brand","embeddable":true,"href":"https:\/\/factory.sale\/et\/wp-json\/wp\/v2\/product_brand?post=29526"},{"taxonomy":"product_cat","embeddable":true,"href":"https:\/\/factory.sale\/et\/wp-json\/wp\/v2\/product_cat?post=29526"},{"taxonomy":"product_tag","embeddable":true,"href":"https:\/\/factory.sale\/et\/wp-json\/wp\/v2\/product_tag?post=29526"}],"curies":[{"name":"wp","href":"https:\/\/api.w.org\/{rel}","templated":true}]}}