{"id":29513,"date":"2023-06-23T08:40:40","date_gmt":"2023-06-23T08:56:39","guid":{"rendered":"https:\/\/factory.sale\/?post_type=product&#038;p=29513"},"modified":"2024-06-28T15:40:51","modified_gmt":"2024-06-28T15:40:51","slug":"link-led-lamp","status":"publish","type":"product","link":"https:\/\/factory.sale\/et\/toode\/link-led-lamp\/","title":{"rendered":"Link LED lamp"},"content":{"rendered":"<p><strong>SKU: 2064LW (valge)<\/strong><\/p>\n<p><strong>EAN: 6430054933476<\/strong><\/p>\n<p>&nbsp;<\/p>\n<p><strong>SKU: 2064LB (must)<\/strong><br \/>\n<strong>EAN: 6430054933469<\/strong><\/p>\n<p>&nbsp;<\/p>\n<p>Link Led t\u00f6\u00f6kohalamp on stiilne ja kvaliteetse viimistlusega. Pikk metallist vars tugevdatud alumiiniumliigenditega annab lambile vastupidavuse. Lambil on integreeritud LED valgusallikas, mida saab reguleerida kolmele erinevale v\u00e4rvitemperatuurile ja viiele erinevale v\u00f5imsusastmele. T\u00e4nu p\u00f6\u00f6ratavale valgustipeale on valguse suunamine just \u00f5igesse kohta t\u00f6\u00f6kohal vaevatu. Link Led t\u00f6\u00f6kohavalgusti saab kinnitada laua servale.<\/p>\n<p>&nbsp;<\/p>\n<p><strong>Tooteteave:<\/strong><\/p>\n<ul>\n<li>Lauakinnitus, 6 &#8211; 70 mm<\/li>\n<li>V\u00e4rv: must\/valge<\/li>\n<li>Materjal: plastik, metall ja alumiinium<\/li>\n<li>Virvendusvaba, pimestamise eest kaitstud<\/li>\n<li>Valgusv\u00f5imsus 1500 luksi (40 cm k\u00f5rguselt)<\/li>\n<li>Valgusv\u00f5imsuse reguleerimine, 20% &#8211; 60% &#8211; 100&amp;<\/li>\n<li>V\u00e4rvitemperatuuri reguleerimine, k\u00fclm, soe ja segamine<\/li>\n<li>CRI v\u00e4\u00e4rtus \u00fcle 90<\/li>\n<li>P\u00f6\u00f6ratav valgustipea<\/li>\n<li>K\u00e4epideme pikkused: 340 mm &#8211; 340 mm &#8211; 450 mm + alus 50 mm<\/li>\n<li>Puutetundlik l\u00fcliti ja kaugjuhtimispult<\/li>\n<li>Garantii 2 aastat<\/li>\n<\/ul>\n","protected":false},"excerpt":{"rendered":"<p>Link Led t\u00f6\u00f6kohalamp on stiilne ja kvaliteetse viimistlusega. Pikk metallist vars tugevdatud alumiiniumliigenditega annab lambile vastupidavuse. Lambil on integreeritud LED valgusallikas, mida saab reguleerida kolmele erinevale v\u00e4rvitemperatuurile ja viiele erinevale v\u00f5imsusastmele. T\u00e4nu p\u00f6\u00f6ratavale valgustipeale on valguse suunamine just \u00f5igesse kohta t\u00f6\u00f6kohal vaevatu. Link Led t\u00f6\u00f6kohavalgusti saab kinnitada laua servale.<\/p>\n","protected":false},"featured_media":29505,"comment_status":"open","ping_status":"closed","template":"","meta":{"_acf_changed":false},"factory":[],"free-shipment":[],"product_brand":[],"product_cat":[2490,714],"product_tag":[],"class_list":{"0":"post-29513","1":"product","2":"type-product","3":"status-publish","4":"has-post-thumbnail","6":"product_cat-ergonoomia","7":"product_cat-moobel","9":"first","10":"instock","11":"sale","12":"taxable","13":"shipping-taxable","14":"purchasable","15":"product-type-simple"},"acf":[],"_links":{"self":[{"href":"https:\/\/factory.sale\/et\/wp-json\/wp\/v2\/product\/29513","targetHints":{"allow":["GET"]}}],"collection":[{"href":"https:\/\/factory.sale\/et\/wp-json\/wp\/v2\/product"}],"about":[{"href":"https:\/\/factory.sale\/et\/wp-json\/wp\/v2\/types\/product"}],"replies":[{"embeddable":true,"href":"https:\/\/factory.sale\/et\/wp-json\/wp\/v2\/comments?post=29513"}],"wp:featuredmedia":[{"embeddable":true,"href":"https:\/\/factory.sale\/et\/wp-json\/wp\/v2\/media\/29505"}],"wp:attachment":[{"href":"https:\/\/factory.sale\/et\/wp-json\/wp\/v2\/media?parent=29513"}],"wp:term":[{"taxonomy":"factory","embeddable":true,"href":"https:\/\/factory.sale\/et\/wp-json\/wp\/v2\/factory?post=29513"},{"taxonomy":"free-shipment","embeddable":true,"href":"https:\/\/factory.sale\/et\/wp-json\/wp\/v2\/free-shipment?post=29513"},{"taxonomy":"product_brand","embeddable":true,"href":"https:\/\/factory.sale\/et\/wp-json\/wp\/v2\/product_brand?post=29513"},{"taxonomy":"product_cat","embeddable":true,"href":"https:\/\/factory.sale\/et\/wp-json\/wp\/v2\/product_cat?post=29513"},{"taxonomy":"product_tag","embeddable":true,"href":"https:\/\/factory.sale\/et\/wp-json\/wp\/v2\/product_tag?post=29513"}],"curies":[{"name":"wp","href":"https:\/\/api.w.org\/{rel}","templated":true}]}}