{"id":29498,"date":"2023-06-23T08:24:09","date_gmt":"2023-06-23T08:37:13","guid":{"rendered":"https:\/\/factory.sale\/?post_type=product&#038;p=29498"},"modified":"2024-06-27T16:09:10","modified_gmt":"2024-06-27T16:09:10","slug":"jalatugi-ergo-basic","status":"publish","type":"product","link":"https:\/\/factory.sale\/et\/toode\/jalatugi-ergo-basic\/","title":{"rendered":"Jalatugi Ergo Basic"},"content":{"rendered":"<p><strong>Tootekood: 2062<\/strong><br \/>\n<strong>EAN: 5705831200760<\/strong><\/p>\n<p>Mitmekordselt reguleeritav universaalne jalatugi.<\/p>\n<p>Jalatugi Ergo Basic on mitmekordselt reguleeritav universaalne jalatugi. Tugi kasutatakse hea t\u00f6\u00f6asendi saavutamiseks. Tugi on lihtne, kiire ja ohutu kasutada. K\u00f5rguse reguleerimine ees ja taga.<\/p>\n<p>&nbsp;<\/p>\n<p><strong>Tooteteave:<\/strong><\/p>\n<ul>\n<li>M\u00f5\u00f5dud: 450 mm x 350 mm<\/li>\n<li>K\u00f5rgus: 70\/120 mm<\/li>\n<\/ul>\n","protected":false},"excerpt":{"rendered":"<p>Mitmekordselt reguleeritav universaalne jalatugi.<\/p>\n<p>Jalatugi Ergo Basic on mitmekordselt reguleeritav universaalne jalatugi. Tugi kasutatakse hea t\u00f6\u00f6asendi saavutamiseks. Tugi on lihtne, kiire ja ohutu kasutada. K\u00f5rguse reguleerimine ees ja taga.<\/p>\n","protected":false},"featured_media":29496,"comment_status":"open","ping_status":"closed","template":"","meta":{"_acf_changed":false},"factory":[],"free-shipment":[],"product_brand":[],"product_cat":[2490,714],"product_tag":[],"class_list":{"0":"post-29498","1":"product","2":"type-product","3":"status-publish","4":"has-post-thumbnail","6":"product_cat-ergonoomia","7":"product_cat-moobel","9":"first","10":"instock","11":"sale","12":"taxable","13":"shipping-taxable","14":"purchasable","15":"product-type-simple"},"acf":[],"_links":{"self":[{"href":"https:\/\/factory.sale\/et\/wp-json\/wp\/v2\/product\/29498","targetHints":{"allow":["GET"]}}],"collection":[{"href":"https:\/\/factory.sale\/et\/wp-json\/wp\/v2\/product"}],"about":[{"href":"https:\/\/factory.sale\/et\/wp-json\/wp\/v2\/types\/product"}],"replies":[{"embeddable":true,"href":"https:\/\/factory.sale\/et\/wp-json\/wp\/v2\/comments?post=29498"}],"wp:featuredmedia":[{"embeddable":true,"href":"https:\/\/factory.sale\/et\/wp-json\/wp\/v2\/media\/29496"}],"wp:attachment":[{"href":"https:\/\/factory.sale\/et\/wp-json\/wp\/v2\/media?parent=29498"}],"wp:term":[{"taxonomy":"factory","embeddable":true,"href":"https:\/\/factory.sale\/et\/wp-json\/wp\/v2\/factory?post=29498"},{"taxonomy":"free-shipment","embeddable":true,"href":"https:\/\/factory.sale\/et\/wp-json\/wp\/v2\/free-shipment?post=29498"},{"taxonomy":"product_brand","embeddable":true,"href":"https:\/\/factory.sale\/et\/wp-json\/wp\/v2\/product_brand?post=29498"},{"taxonomy":"product_cat","embeddable":true,"href":"https:\/\/factory.sale\/et\/wp-json\/wp\/v2\/product_cat?post=29498"},{"taxonomy":"product_tag","embeddable":true,"href":"https:\/\/factory.sale\/et\/wp-json\/wp\/v2\/product_tag?post=29498"}],"curies":[{"name":"wp","href":"https:\/\/api.w.org\/{rel}","templated":true}]}}