{"id":29488,"date":"2023-06-22T19:50:36","date_gmt":"2023-06-22T20:28:21","guid":{"rendered":"https:\/\/factory.sale\/?post_type=product&#038;p=29488"},"modified":"2024-06-27T20:22:36","modified_gmt":"2024-06-27T20:22:36","slug":"flex-jalatugi-tugiraamiga","status":"publish","type":"product","link":"https:\/\/factory.sale\/et\/toode\/flex-jalatugi-tugiraamiga\/","title":{"rendered":"FLEX jalatugi tugiraamiga"},"content":{"rendered":"<p><strong>Tootekood: 2606<\/strong><br \/>\n<strong>EAN: 6430054931540<\/strong><\/p>\n<p>FLEX jalatugi sobib istuva ja seisva t\u00f6\u00f6koha jaoks. Jalatugi on reguleeritav kolmele erinevale k\u00f5rgusele. V\u00e4ga vastupidav konstruktsioon ja head libisemisvastased seadmed hoiavad selle paigal. Jalatoel on 45 kraadi p\u00f6\u00f6ratav jalatugi, mis aktiveerib jalgu, samuti jalgu puhkav osa. Seda kasutatakse istuvas asendis. T\u00e4nu liikuvale jalatasemele saate pahkluudes liikumise, mis parandab vereringet ja v\u00e4hendab jalgade turset.<\/p>\n<p>&nbsp;<\/p>\n<p><strong>Tooteteave:<\/strong><\/p>\n<ul>\n<li>M\u00f5\u00f5dud: P 490 mm x L 370 mm x K 370 mm<\/li>\n<li>Jala pind: 430 mm x 300 mm<\/li>\n<li>puhkeosa: 38 cm<\/li>\n<li>padja l\u00e4bim\u00f5\u00f5t: 6 cm<\/li>\n<li>V\u00e4rvus: raam \/ tugiosa must, jalalaud must \/ hall<\/li>\n<li>materjal: metallraam \/ vastupidav plastikust jalalaud<\/li>\n<li>polsterdatud ja kergesti puhastatav<\/li>\n<li>puhkeosa kunstnahast<\/li>\n<\/ul>\n","protected":false},"excerpt":{"rendered":"<p>FLEX jalatugi sobib istuva ja seisva t\u00f6\u00f6koha jaoks. Jalatugi on reguleeritav kolmele erinevale k\u00f5rgusele. V\u00e4ga vastupidav konstruktsioon ja head libisemisvastased seadmed hoiavad selle paigal. Jalatoel on 45 kraadi p\u00f6\u00f6ratav jalatugi, mis aktiveerib jalgu, samuti jalgu puhkav osa. Seda kasutatakse istuvas asendis. T\u00e4nu liikuvale jalatasemele saate pahkluudes liikumise, mis parandab vereringet ja v\u00e4hendab jalgade turset.<\/p>\n<p>&nbsp;<\/p>\n","protected":false},"featured_media":29479,"comment_status":"open","ping_status":"closed","template":"","meta":{"_acf_changed":false},"factory":[],"free-shipment":[],"product_brand":[],"product_cat":[2490,714],"product_tag":[],"class_list":{"0":"post-29488","1":"product","2":"type-product","3":"status-publish","4":"has-post-thumbnail","6":"product_cat-ergonoomia","7":"product_cat-moobel","9":"first","10":"instock","11":"sale","12":"taxable","13":"shipping-taxable","14":"purchasable","15":"product-type-simple"},"acf":[],"_links":{"self":[{"href":"https:\/\/factory.sale\/et\/wp-json\/wp\/v2\/product\/29488","targetHints":{"allow":["GET"]}}],"collection":[{"href":"https:\/\/factory.sale\/et\/wp-json\/wp\/v2\/product"}],"about":[{"href":"https:\/\/factory.sale\/et\/wp-json\/wp\/v2\/types\/product"}],"replies":[{"embeddable":true,"href":"https:\/\/factory.sale\/et\/wp-json\/wp\/v2\/comments?post=29488"}],"wp:featuredmedia":[{"embeddable":true,"href":"https:\/\/factory.sale\/et\/wp-json\/wp\/v2\/media\/29479"}],"wp:attachment":[{"href":"https:\/\/factory.sale\/et\/wp-json\/wp\/v2\/media?parent=29488"}],"wp:term":[{"taxonomy":"factory","embeddable":true,"href":"https:\/\/factory.sale\/et\/wp-json\/wp\/v2\/factory?post=29488"},{"taxonomy":"free-shipment","embeddable":true,"href":"https:\/\/factory.sale\/et\/wp-json\/wp\/v2\/free-shipment?post=29488"},{"taxonomy":"product_brand","embeddable":true,"href":"https:\/\/factory.sale\/et\/wp-json\/wp\/v2\/product_brand?post=29488"},{"taxonomy":"product_cat","embeddable":true,"href":"https:\/\/factory.sale\/et\/wp-json\/wp\/v2\/product_cat?post=29488"},{"taxonomy":"product_tag","embeddable":true,"href":"https:\/\/factory.sale\/et\/wp-json\/wp\/v2\/product_tag?post=29488"}],"curies":[{"name":"wp","href":"https:\/\/api.w.org\/{rel}","templated":true}]}}