{"id":29472,"date":"2023-06-22T17:04:00","date_gmt":"2023-06-22T17:25:06","guid":{"rendered":"https:\/\/factory.sale\/?post_type=product&#038;p=29472"},"modified":"2024-06-30T00:28:28","modified_gmt":"2024-06-30T00:28:28","slug":"flex-balance-padi","status":"publish","type":"product","link":"https:\/\/factory.sale\/et\/toode\/flex-balance-padi\/","title":{"rendered":"FLEX Balance padi"},"content":{"rendered":"<p><strong>Tootekood: 2687<\/strong><br \/>\n<strong>EAN: 6430054930031<\/strong><\/p>\n<p>&nbsp;<\/p>\n<p>Tasakaalupadi on \u00f5huga t\u00e4idetud istmepadi. See sobib suurep\u00e4raselt tasakaalu-, koordinatsiooni- ja lihaste tugevdamiseks. Parandab t\u00f6\u00f6ergonoomikat ja r\u00fchti. Tasakaalupadi on lihtne ja odav viis enesehoolduseks. Istmepadjale istudes tugevdate oma keskkeha lihaseid. S\u00fcgavad k\u00f5hu- ja seljalihased aktiveeruvad ning saad ergonoomilise istumisasendi. Tasakaalupadi sobib ideaalselt inimestele, kes peavad t\u00f6\u00f6l pikalt istuma ja kannatavad seljaprobleemide k\u00e4es.<\/p>\n<ul>\n<li>Tasakaalupadjal on masseeriv muster<\/li>\n<li>L\u00e4bim\u00f5\u00f5t: 33 cm<\/li>\n<li>V\u00e4rvus: hall<\/li>\n<li>Tarne sisaldab tasakaalupatja ja k\u00e4sipumpa.<\/li>\n<\/ul>\n<p><em>M\u00e4rge! Pumbal on teravik, mille v\u00f5ib leida pumba otsas olevast &#8220;hoiuruumist&#8221;.<\/em><\/p>\n<p><em>Garantii 1 aasta<\/em><\/p>\n","protected":false},"excerpt":{"rendered":"<p>Tasakaalupadi on \u00f5huga t\u00e4idetud istmepadi. See sobib suurep\u00e4raselt tasakaalu-, koordinatsiooni- ja lihaste tugevdamiseks. Parandab t\u00f6\u00f6ergonoomikat ja r\u00fchti. Tasakaalupadi on lihtne ja odav viis enesehoolduseks. Istmepadjale istudes tugevdate oma keskkeha lihaseid. S\u00fcgavad k\u00f5hu- ja seljalihased aktiveeruvad ning saad ergonoomilise istumisasendi. Tasakaalupadi sobib ideaalselt inimestele, kes peavad t\u00f6\u00f6l pikalt istuma ja kannatavad seljaprobleemide k\u00e4es.<\/p>\n","protected":false},"featured_media":29469,"comment_status":"open","ping_status":"closed","template":"","meta":{"_acf_changed":false},"factory":[],"free-shipment":[],"product_brand":[],"product_cat":[2490,714],"product_tag":[],"class_list":{"0":"post-29472","1":"product","2":"type-product","3":"status-publish","4":"has-post-thumbnail","6":"product_cat-ergonoomia","7":"product_cat-moobel","9":"first","10":"instock","11":"sale","12":"taxable","13":"shipping-taxable","14":"purchasable","15":"product-type-simple"},"acf":[],"_links":{"self":[{"href":"https:\/\/factory.sale\/et\/wp-json\/wp\/v2\/product\/29472","targetHints":{"allow":["GET"]}}],"collection":[{"href":"https:\/\/factory.sale\/et\/wp-json\/wp\/v2\/product"}],"about":[{"href":"https:\/\/factory.sale\/et\/wp-json\/wp\/v2\/types\/product"}],"replies":[{"embeddable":true,"href":"https:\/\/factory.sale\/et\/wp-json\/wp\/v2\/comments?post=29472"}],"wp:featuredmedia":[{"embeddable":true,"href":"https:\/\/factory.sale\/et\/wp-json\/wp\/v2\/media\/29469"}],"wp:attachment":[{"href":"https:\/\/factory.sale\/et\/wp-json\/wp\/v2\/media?parent=29472"}],"wp:term":[{"taxonomy":"factory","embeddable":true,"href":"https:\/\/factory.sale\/et\/wp-json\/wp\/v2\/factory?post=29472"},{"taxonomy":"free-shipment","embeddable":true,"href":"https:\/\/factory.sale\/et\/wp-json\/wp\/v2\/free-shipment?post=29472"},{"taxonomy":"product_brand","embeddable":true,"href":"https:\/\/factory.sale\/et\/wp-json\/wp\/v2\/product_brand?post=29472"},{"taxonomy":"product_cat","embeddable":true,"href":"https:\/\/factory.sale\/et\/wp-json\/wp\/v2\/product_cat?post=29472"},{"taxonomy":"product_tag","embeddable":true,"href":"https:\/\/factory.sale\/et\/wp-json\/wp\/v2\/product_tag?post=29472"}],"curies":[{"name":"wp","href":"https:\/\/api.w.org\/{rel}","templated":true}]}}