{"id":29458,"date":"2023-06-22T16:27:29","date_gmt":"2023-06-22T16:48:04","guid":{"rendered":"https:\/\/factory.sale\/?post_type=product&#038;p=29458"},"modified":"2024-07-01T02:44:25","modified_gmt":"2024-07-01T02:44:25","slug":"ruhti-korrigeeriv-aktiiviste-balance","status":"publish","type":"product","link":"https:\/\/factory.sale\/et\/toode\/ruhti-korrigeeriv-aktiiviste-balance\/","title":{"rendered":"R\u00fchti korrigeeriv aktiiviste Balance"},"content":{"rendered":"<p><strong>Tootekood: 3232<\/strong><br \/>\n<strong>EAN: 7350059826216<\/strong><\/p>\n<p>&nbsp;<\/p>\n<p>&nbsp;<\/p>\n<p>R\u00fchti korrigeeriv aktiivne iste annab teie seljale olulise liikumise, treenides samal ajal keskkeha lihaseid. Posture Balance aktiivistet saab kasutada peaaegu k\u00f5igil toolidel. \u00dcmmargune iste tekitab \u00f5\u00f5tsuva liikumise igas suunas ja istmel balansseerimine v\u00f5imaldab liikuvust erinevates lihasgruppides. T\u00f6\u00f6tades saate tervislikku trenni. R\u00fchti korrigeeriv aktiivne iste\u00a0on loodud nii, et su selg saaks ise vajaliku liikumise. Istudes sirgub selg automaatselt ja istumisasend j\u00e4\u00e4b p\u00fcsti. M\u00f5jusid tervisele on palju: tugevnevad keskkeha lihased, intensiivistuvad ainevahetus ja vereringe, leevenevad seljaprobleemid, keha muutub pringimaks ja saledamaks. Sobib igas vanuses, nii meestele kui naistele.<\/p>\n<p>&nbsp;<\/p>\n<p><strong>Toote spetsifikatsioonid:<\/strong><\/p>\n<ul>\n<li>l\u00e4bim\u00f5\u00f5t 31 cm<\/li>\n<li>k\u00f5rgus: 10 cm<\/li>\n<li>kaal: 1,8 kg<\/li>\n<li>kaalupiirang: 130 kg<\/li>\n<li>v\u00e4rvus: must<\/li>\n<li>materjal: mustaks v\u00e4rvitud MDF-plaadid<\/li>\n<li>polsterdus pol\u00fcester ja puuvill<\/li>\n<li>metallist ja kummist liikuv liigend<\/li>\n<li>Garantii 3 aastat.<\/li>\n<\/ul>\n","protected":false},"excerpt":{"rendered":"<p>R\u00fchti korrigeeriv aktiivne iste annab teie seljale olulise liikumise, treenides samal ajal keskkeha lihaseid. Posture Balance aktiivistet saab kasutada peaaegu k\u00f5igil toolidel. \u00dcmmargune iste tekitab \u00f5\u00f5tsuva liikumise igas suunas ja istmel balansseerimine v\u00f5imaldab liikuvust erinevates lihasgruppides. T\u00f6\u00f6tades saate tervislikku trenni. R\u00fchti korrigeeriv aktiivne iste\u00a0on loodud nii, et su selg saaks ise vajaliku liikumise. Istudes sirgub selg automaatselt ja istumisasend j\u00e4\u00e4b p\u00fcsti. M\u00f5jusid tervisele on palju: tugevnevad keskkeha lihased, intensiivistuvad ainevahetus ja vereringe, leevenevad seljaprobleemid, keha muutub pringimaks ja saledamaks. Sobib igas vanuses, nii meestele kui naistele.<\/p>\n","protected":false},"featured_media":29453,"comment_status":"open","ping_status":"closed","template":"","meta":{"_acf_changed":false},"factory":[],"free-shipment":[],"product_brand":[],"product_cat":[2490,714],"product_tag":[],"class_list":{"0":"post-29458","1":"product","2":"type-product","3":"status-publish","4":"has-post-thumbnail","6":"product_cat-ergonoomia","7":"product_cat-moobel","9":"first","10":"instock","11":"sale","12":"taxable","13":"shipping-taxable","14":"purchasable","15":"product-type-simple"},"acf":[],"_links":{"self":[{"href":"https:\/\/factory.sale\/et\/wp-json\/wp\/v2\/product\/29458","targetHints":{"allow":["GET"]}}],"collection":[{"href":"https:\/\/factory.sale\/et\/wp-json\/wp\/v2\/product"}],"about":[{"href":"https:\/\/factory.sale\/et\/wp-json\/wp\/v2\/types\/product"}],"replies":[{"embeddable":true,"href":"https:\/\/factory.sale\/et\/wp-json\/wp\/v2\/comments?post=29458"}],"wp:featuredmedia":[{"embeddable":true,"href":"https:\/\/factory.sale\/et\/wp-json\/wp\/v2\/media\/29453"}],"wp:attachment":[{"href":"https:\/\/factory.sale\/et\/wp-json\/wp\/v2\/media?parent=29458"}],"wp:term":[{"taxonomy":"factory","embeddable":true,"href":"https:\/\/factory.sale\/et\/wp-json\/wp\/v2\/factory?post=29458"},{"taxonomy":"free-shipment","embeddable":true,"href":"https:\/\/factory.sale\/et\/wp-json\/wp\/v2\/free-shipment?post=29458"},{"taxonomy":"product_brand","embeddable":true,"href":"https:\/\/factory.sale\/et\/wp-json\/wp\/v2\/product_brand?post=29458"},{"taxonomy":"product_cat","embeddable":true,"href":"https:\/\/factory.sale\/et\/wp-json\/wp\/v2\/product_cat?post=29458"},{"taxonomy":"product_tag","embeddable":true,"href":"https:\/\/factory.sale\/et\/wp-json\/wp\/v2\/product_tag?post=29458"}],"curies":[{"name":"wp","href":"https:\/\/api.w.org\/{rel}","templated":true}]}}