{"id":29445,"date":"2023-06-21T07:44:26","date_gmt":"2023-06-21T07:57:07","guid":{"rendered":"https:\/\/factory.sale\/?post_type=product&#038;p=29445"},"modified":"2025-03-23T00:42:03","modified_gmt":"2025-03-22T21:42:03","slug":"ergotexi-seljatugi-kontorisse-autosse-kodusse","status":"publish","type":"product","link":"https:\/\/factory.sale\/et\/toode\/ergotexi-seljatugi-kontorisse-autosse-kodusse\/","title":{"rendered":"Ergotexi seljatugi, kontorisse\/autosse\/kodusse"},"content":{"rendered":"<p><strong>Tootekood: 2745<\/strong><br \/>\n<strong>EAN: 6430054931748<\/strong><\/p>\n<p>Eemaldatav seljatoe padi.<\/p>\n<p>Seljatugi toetab l\u00fclisamba nimmeosa. V\u00f5rk on selja j\u00e4rgi painduv, hingav ja \u00f5huline. Sobib peaaegu k\u00f5ikidele seljatoega toolidele. Sobib kasutamiseks ka autodes.<\/p>\n","protected":false},"excerpt":{"rendered":"<p>Eemaldatav seljatoe padi.<\/p>\n<p>Seljatugi toetab l\u00fclisamba nimmeosa. V\u00f5rk on selja j\u00e4rgi painduv, hingav ja \u00f5huline. Sobib peaaegu k\u00f5ikidele seljatoega toolidele. Sobib kasutamiseks ka autodes.<\/p>\n","protected":false},"featured_media":29437,"comment_status":"open","ping_status":"closed","template":"","meta":{"_acf_changed":false},"factory":[],"free-shipment":[],"product_brand":[],"product_cat":[2490,714],"product_tag":[],"class_list":{"0":"post-29445","1":"product","2":"type-product","3":"status-publish","4":"has-post-thumbnail","6":"product_cat-ergonoomia","7":"product_cat-moobel","9":"first","10":"instock","11":"sale","12":"taxable","13":"shipping-taxable","14":"purchasable","15":"product-type-simple"},"acf":[],"_links":{"self":[{"href":"https:\/\/factory.sale\/et\/wp-json\/wp\/v2\/product\/29445","targetHints":{"allow":["GET"]}}],"collection":[{"href":"https:\/\/factory.sale\/et\/wp-json\/wp\/v2\/product"}],"about":[{"href":"https:\/\/factory.sale\/et\/wp-json\/wp\/v2\/types\/product"}],"replies":[{"embeddable":true,"href":"https:\/\/factory.sale\/et\/wp-json\/wp\/v2\/comments?post=29445"}],"wp:featuredmedia":[{"embeddable":true,"href":"https:\/\/factory.sale\/et\/wp-json\/wp\/v2\/media\/29437"}],"wp:attachment":[{"href":"https:\/\/factory.sale\/et\/wp-json\/wp\/v2\/media?parent=29445"}],"wp:term":[{"taxonomy":"factory","embeddable":true,"href":"https:\/\/factory.sale\/et\/wp-json\/wp\/v2\/factory?post=29445"},{"taxonomy":"free-shipment","embeddable":true,"href":"https:\/\/factory.sale\/et\/wp-json\/wp\/v2\/free-shipment?post=29445"},{"taxonomy":"product_brand","embeddable":true,"href":"https:\/\/factory.sale\/et\/wp-json\/wp\/v2\/product_brand?post=29445"},{"taxonomy":"product_cat","embeddable":true,"href":"https:\/\/factory.sale\/et\/wp-json\/wp\/v2\/product_cat?post=29445"},{"taxonomy":"product_tag","embeddable":true,"href":"https:\/\/factory.sale\/et\/wp-json\/wp\/v2\/product_tag?post=29445"}],"curies":[{"name":"wp","href":"https:\/\/api.w.org\/{rel}","templated":true}]}}