{"id":29430,"date":"2023-06-20T16:23:50","date_gmt":"2023-06-21T07:39:47","guid":{"rendered":"https:\/\/factory.sale\/?post_type=product&#038;p=29430"},"modified":"2024-06-27T11:49:31","modified_gmt":"2024-06-27T11:49:31","slug":"deluxe-seljatoe-padi","status":"publish","type":"product","link":"https:\/\/factory.sale\/et\/toode\/deluxe-seljatoe-padi\/","title":{"rendered":"Deluxe seljatoe padi"},"content":{"rendered":"<p><strong>Tootekood: BB6006BK<\/strong><\/p>\n<p><strong>EAN: 83191600620<\/strong><\/p>\n<p>&nbsp;<\/p>\n<p>Medibacki seljapadi pakub seljale t\u00e4iendavat tuge ja v\u00e4hendab t\u00f5husalt istumisest tekkivat pinget. Viskoelastne geelitaoline materjal on vormitud vastavalt kehakaalule. Lisaks j\u00e4rgib see selja liigutusi ja annab tuge erinevates asendites. Vormitud seljatugi lisab istumisel ergonoomikat ja mugavust. Sobib kontoritooliks, turvah\u00e4lliks, koosolekuteks, lendudeks, loenguteks jne. V\u00e4rvus must, m\u00f5\u00f5dud: laius 350-470 mm, padja m\u00f5\u00f5dud: 30 mm &#8211; 70 mm.<\/p>\n<p>&nbsp;<\/p>\n<p><strong>Tooteteave:<\/strong><\/p>\n<ul>\n<li>M\u00f5\u00f5dud: laius 38 cm, k\u00f5rgus 33 cm<\/li>\n<li>V\u00e4rv must<\/li>\n<li>Padja materjal: viskoelastne pol\u00fcuretaan<\/li>\n<li>V\u00e4lismaterjal: 20% puuvill, 80% pol\u00fcester<\/li>\n<li>Kate eemaldatav ja pestav (k\u00e4sipesu)<\/li>\n<li>Garantii 1 aasta<\/li>\n<\/ul>\n","protected":false},"excerpt":{"rendered":"<p>Medibacki seljapadi pakub seljale t\u00e4iendavat tuge ja v\u00e4hendab t\u00f5husalt istumisest tekkivat pinget. Viskoelastne geelitaoline materjal on vormitud vastavalt kehakaalule. Lisaks j\u00e4rgib see selja liigutusi ja annab tuge erinevates asendites. Vormitud seljatugi lisab istumisel ergonoomikat ja mugavust. Sobib kontoritooliks, turvah\u00e4lliks, koosolekuteks, lendudeks, loenguteks jne. V\u00e4rvus must, m\u00f5\u00f5dud: laius 350-470 mm, padja m\u00f5\u00f5dud: 30 mm &#8211; 70 mm.<\/p>\n","protected":false},"featured_media":29422,"comment_status":"open","ping_status":"closed","template":"","meta":{"_acf_changed":false},"factory":[],"free-shipment":[],"product_brand":[],"product_cat":[2490,714],"product_tag":[],"class_list":{"0":"post-29430","1":"product","2":"type-product","3":"status-publish","4":"has-post-thumbnail","6":"product_cat-ergonoomia","7":"product_cat-moobel","9":"first","10":"instock","11":"sale","12":"taxable","13":"shipping-taxable","14":"purchasable","15":"product-type-simple"},"acf":[],"_links":{"self":[{"href":"https:\/\/factory.sale\/et\/wp-json\/wp\/v2\/product\/29430","targetHints":{"allow":["GET"]}}],"collection":[{"href":"https:\/\/factory.sale\/et\/wp-json\/wp\/v2\/product"}],"about":[{"href":"https:\/\/factory.sale\/et\/wp-json\/wp\/v2\/types\/product"}],"replies":[{"embeddable":true,"href":"https:\/\/factory.sale\/et\/wp-json\/wp\/v2\/comments?post=29430"}],"wp:featuredmedia":[{"embeddable":true,"href":"https:\/\/factory.sale\/et\/wp-json\/wp\/v2\/media\/29422"}],"wp:attachment":[{"href":"https:\/\/factory.sale\/et\/wp-json\/wp\/v2\/media?parent=29430"}],"wp:term":[{"taxonomy":"factory","embeddable":true,"href":"https:\/\/factory.sale\/et\/wp-json\/wp\/v2\/factory?post=29430"},{"taxonomy":"free-shipment","embeddable":true,"href":"https:\/\/factory.sale\/et\/wp-json\/wp\/v2\/free-shipment?post=29430"},{"taxonomy":"product_brand","embeddable":true,"href":"https:\/\/factory.sale\/et\/wp-json\/wp\/v2\/product_brand?post=29430"},{"taxonomy":"product_cat","embeddable":true,"href":"https:\/\/factory.sale\/et\/wp-json\/wp\/v2\/product_cat?post=29430"},{"taxonomy":"product_tag","embeddable":true,"href":"https:\/\/factory.sale\/et\/wp-json\/wp\/v2\/product_tag?post=29430"}],"curies":[{"name":"wp","href":"https:\/\/api.w.org\/{rel}","templated":true}]}}