{"id":29411,"date":"2023-06-20T16:03:46","date_gmt":"2023-06-20T16:20:50","guid":{"rendered":"https:\/\/factory.sale\/?post_type=product&#038;p=29411"},"modified":"2024-06-25T19:39:18","modified_gmt":"2024-06-25T19:39:18","slug":"getupdesk-elite-elektriline-laud","status":"publish","type":"product","link":"https:\/\/factory.sale\/et\/toode\/getupdesk-elite-elektriline-laud\/","title":{"rendered":"GetUpDesk Elite elektriline laud"},"content":{"rendered":"<p><strong>Tootekood: 610703 (valge)<\/strong><br \/>\n<strong>EAN: 6430054933667<\/strong><\/p>\n<p><strong>Tootekood: 610803 (must)<\/strong><br \/>\n<strong>EAN: 6430054933674<\/strong><\/p>\n<p>&nbsp;<\/p>\n<p>GetUpDesk Elite elektrilaud on kvaliteetne \u00fche mootoriga elektrilaud. Pakett sisaldab aukudega lauaplaadi ja raami eelpaigaldust. Kiiresti paigaldatav ja lihtne kasutada.<br \/>\nIdeaalne kontorisse, kooli, koju ja enamikesse t\u00f6\u00f6keskkondadesse. Kokkup\u00f5rkevastane s\u00fcsteem suurendab ohutust. Nupukontroller pakub individuaalselt kohandatud m\u00e4lu- ja taimerifunktsioone, mis viivad tervislikumate t\u00f6\u00f6harjumusteni. K\u00f5ik on pakitud \u00fchte kasti.<\/p>\n<p>&nbsp;<\/p>\n<p><strong>Tehniline informatsioon:<\/strong><\/p>\n<ul>\n<li>Lauaplaadi suurus 1200 x 600 x 18 mm<\/li>\n<li>Lauaplaadi materjal: laminaat\/melamiin<\/li>\n<li>Raami t\u00f5stev\u00f5ime on 70 kg<\/li>\n<li>K\u00f5rguse reguleerimine: 730-1210 mm (reguleerimisvahemik 480 mm)<\/li>\n<li>\u00dcks mootorT\u00f5stekiirus: 38 mm\/s<\/li>\n<li>Kokkup\u00f5rkekaitse: jah<\/li>\n<li>M\u00e4lukontroller, kolme m\u00e4luga<\/li>\n<li>CE heakskiidetud<\/li>\n<li>Garantii 5 aastat<\/li>\n<li>Taimeri funktsioon: jah<\/li>\n<li>Tootenr: Valge: 610703 \/ Must: 610803<\/li>\n<li>M\u00f5\u00f5dud: T\u00f6\u00f6laud 1200 x 600 x 15 mm<\/li>\n<li>Materjalid: teras, MDF, plastik<\/li>\n<li>T\u00f5stev\u00f5ime, d\u00fcnaamiline: 80 kg<\/li>\n<li>K\u00f5rguse reguleerimine: 720\u20131200 mm<\/li>\n<li>\u00dcks mootor<\/li>\n<li>Kiirus: 38 mm\/sek<\/li>\n<li>Kokkup\u00f5rkevastane: jah, g\u00fcrop\u00f5hine, pehme<\/li>\n<li>Kaal: 31,5 kg<\/li>\n<li>M\u00e4lufunktsiooniga juhtpaneel: jah, standardne (4 m\u00e4lu)<\/li>\n<li>Rakenduse juhtimine: jah, standardne (allalaadimine App Store&#8217;ist v\u00f5i Google Playst)<\/li>\n<li>CE t\u00f5estas<\/li>\n<li>Garantii 5 aastat<\/li>\n<\/ul>\n","protected":false},"excerpt":{"rendered":"<p>GetUpDesk Elite elektrilaud on kvaliteetne \u00fche mootoriga elektrilaud. Pakett sisaldab aukudega lauaplaadi ja raami eelpaigaldust. Kiiresti paigaldatav ja lihtne kasutada.<br \/>\nIdeaalne kontorisse, kooli, koju ja enamikesse t\u00f6\u00f6keskkondadesse. Kokkup\u00f5rkevastane s\u00fcsteem suurendab ohutust. Nupukontroller pakub individuaalselt kohandatud m\u00e4lu- ja taimerifunktsioone, mis viivad tervislikumate t\u00f6\u00f6harjumusteni. K\u00f5ik on pakitud \u00fchte kasti.<\/p>\n","protected":false},"featured_media":29402,"comment_status":"open","ping_status":"closed","template":"","meta":{"_acf_changed":false},"factory":[],"free-shipment":[],"product_brand":[],"product_cat":[2489,713],"product_tag":[],"class_list":{"0":"post-29411","1":"product","2":"type-product","3":"status-publish","4":"has-post-thumbnail","6":"product_cat-ergonomics-2","7":"product_cat-furniture-2","9":"first","10":"instock","11":"sale","12":"taxable","13":"shipping-taxable","14":"purchasable","15":"product-type-simple"},"acf":[],"_links":{"self":[{"href":"https:\/\/factory.sale\/et\/wp-json\/wp\/v2\/product\/29411","targetHints":{"allow":["GET"]}}],"collection":[{"href":"https:\/\/factory.sale\/et\/wp-json\/wp\/v2\/product"}],"about":[{"href":"https:\/\/factory.sale\/et\/wp-json\/wp\/v2\/types\/product"}],"replies":[{"embeddable":true,"href":"https:\/\/factory.sale\/et\/wp-json\/wp\/v2\/comments?post=29411"}],"wp:featuredmedia":[{"embeddable":true,"href":"https:\/\/factory.sale\/et\/wp-json\/wp\/v2\/media\/29402"}],"wp:attachment":[{"href":"https:\/\/factory.sale\/et\/wp-json\/wp\/v2\/media?parent=29411"}],"wp:term":[{"taxonomy":"factory","embeddable":true,"href":"https:\/\/factory.sale\/et\/wp-json\/wp\/v2\/factory?post=29411"},{"taxonomy":"free-shipment","embeddable":true,"href":"https:\/\/factory.sale\/et\/wp-json\/wp\/v2\/free-shipment?post=29411"},{"taxonomy":"product_brand","embeddable":true,"href":"https:\/\/factory.sale\/et\/wp-json\/wp\/v2\/product_brand?post=29411"},{"taxonomy":"product_cat","embeddable":true,"href":"https:\/\/factory.sale\/et\/wp-json\/wp\/v2\/product_cat?post=29411"},{"taxonomy":"product_tag","embeddable":true,"href":"https:\/\/factory.sale\/et\/wp-json\/wp\/v2\/product_tag?post=29411"}],"curies":[{"name":"wp","href":"https:\/\/api.w.org\/{rel}","templated":true}]}}